{"id":2102,"date":"2023-02-08T16:27:11","date_gmt":"2023-02-08T15:27:11","guid":{"rendered":"https:\/\/laisladetabarca.com\/mit-kindern\/"},"modified":"2026-01-30T17:37:24","modified_gmt":"2026-01-30T16:37:24","slug":"mit-kindern","status":"publish","type":"page","link":"https:\/\/laisladetabarca.com\/de\/mit-kindern\/","title":{"rendered":"Mit Kindern"},"content":{"rendered":"<div class=\"wpb-content-wrapper\"><p>[vc_row][vc_column]<div id=\"ultimate-heading-193269de30d890fba\" class=\"uvc-heading ult-adjust-bottom-margin ultimate-heading-193269de30d890fba uvc-1903 \" data-hspacer=\"no_spacer\"  data-halign=\"left\" style=\"text-align:left\"><div class=\"uvc-heading-spacer no_spacer\" style=\"top\"><\/div><div class=\"uvc-sub-heading ult-responsive\"  data-ultimate-target='.uvc-heading.ultimate-heading-193269de30d890fba .uvc-sub-heading '  data-responsive-json-new='{\"font-size\":\"\",\"line-height\":\"\"}'  style=\"font-weight:normal;\"><\/p>\n<p style=\"text-align: justify;\">Die Insel Tabarca ist ein Naturparadies im Mittelmeer, das unendlich viele M\u00f6glichkeiten bietet, die Sonne, das Meer und die Natur zu genie\u00dfen. Aber wussten Sie, dass sie auch ein idealer Ort f\u00fcr Kinder ist? Dieses kleine St\u00fcck Land ist ein perfektes Ziel f\u00fcr Familien mit Kindern, die hier eine Vielzahl von Aktivit\u00e4ten und Attraktionen finden, um Spa\u00df zu haben und gleichzeitig etwas zu lernen.  <\/p>\n<p>&nbsp;<\/p>\n<p style=\"text-align: justify;\">Vom Besuch des Aquariums und der Fische bis hin zur Besichtigung des Leuchtturms und der Bewunderung der Aussicht werden Kinder auf der Insel Tabarca ein unvergessliches Erlebnis haben. In diesem Beitrag verraten wir Ihnen, was Kinder auf dieser wundersch\u00f6nen Insel alles unternehmen k\u00f6nnen. <\/p>\n<p><\/div><\/div>[vc_empty_space height=&#8220;50px&#8220;][\/vc_column][\/vc_row][vc_row][vc_column]<div id=\"ultimate-heading-690769de30d891039\" class=\"uvc-heading ult-adjust-bottom-margin ultimate-heading-690769de30d891039 uvc-8859 \" data-hspacer=\"no_spacer\"  data-halign=\"left\" style=\"text-align:left\"><div class=\"uvc-heading-spacer no_spacer\" style=\"top\"><\/div><div class=\"uvc-main-heading ult-responsive\"  data-ultimate-target='.uvc-heading.ultimate-heading-690769de30d891039 h2'  data-responsive-json-new='{\"font-size\":\"\",\"line-height\":\"\"}' ><div id=\"ez-toc-container\" class=\"ez-toc-v2_0_80 counter-hierarchy ez-toc-counter ez-toc-grey ez-toc-container-direction\">\n<div class=\"ez-toc-title-container\">\n<p class=\"ez-toc-title\" style=\"cursor:inherit\">Table of Contents<\/p>\n<span class=\"ez-toc-title-toggle\"><a href=\"#\" class=\"ez-toc-pull-right ez-toc-btn ez-toc-btn-xs ez-toc-btn-default ez-toc-toggle\" aria-label=\"Toggle Table of Content\"><span class=\"ez-toc-js-icon-con\"><span class=\"\"><span class=\"eztoc-hide\" style=\"display:none;\">Toggle<\/span><span class=\"ez-toc-icon-toggle-span\"><svg style=\"fill: #999;color:#999\" xmlns=\"http:\/\/www.w3.org\/2000\/svg\" class=\"list-377408\" width=\"20px\" height=\"20px\" viewBox=\"0 0 24 24\" fill=\"none\"><path d=\"M6 6H4v2h2V6zm14 0H8v2h12V6zM4 11h2v2H4v-2zm16 0H8v2h12v-2zM4 16h2v2H4v-2zm16 0H8v2h12v-2z\" fill=\"currentColor\"><\/path><\/svg><svg style=\"fill: #999;color:#999\" class=\"arrow-unsorted-368013\" xmlns=\"http:\/\/www.w3.org\/2000\/svg\" width=\"10px\" height=\"10px\" viewBox=\"0 0 24 24\" version=\"1.2\" baseProfile=\"tiny\"><path d=\"M18.2 9.3l-6.2-6.3-6.2 6.3c-.2.2-.3.4-.3.7s.1.5.3.7c.2.2.4.3.7.3h11c.3 0 .5-.1.7-.3.2-.2.3-.5.3-.7s-.1-.5-.3-.7zM5.8 14.7l6.2 6.3 6.2-6.3c.2-.2.3-.5.3-.7s-.1-.5-.3-.7c-.2-.2-.4-.3-.7-.3h-11c-.3 0-.5.1-.7.3-.2.2-.3.5-.3.7s.1.5.3.7z\"\/><\/svg><\/span><\/span><\/span><\/a><\/span><\/div>\n<nav><ul class='ez-toc-list ez-toc-list-level-1 ' ><li class='ez-toc-page-1 ez-toc-heading-level-2'><a class=\"ez-toc-link ez-toc-heading-1\" href=\"https:\/\/laisladetabarca.com\/de\/mit-kindern\/#Welche_Freizeitangebote_gibt_es_fuer_Kinder_in_Tabarca\" >Welche Freizeitangebote gibt es f\u00fcr Kinder in Tabarca?<\/a><\/li><li class='ez-toc-page-1 ez-toc-heading-level-2'><a class=\"ez-toc-link ez-toc-heading-2\" href=\"https:\/\/laisladetabarca.com\/de\/mit-kindern\/#Sind_Sie_auf_der_Suche_nach_einer_lustigen_und_spannenden_Aktivitaet_fuer_Kinder_auf_der_Insel_Tabarca\" >Sind Sie auf der Suche nach einer lustigen und spannenden Aktivit\u00e4t f\u00fcr Kinder auf der Insel Tabarca?<\/a><\/li><li class='ez-toc-page-1 ez-toc-heading-level-2'><a class=\"ez-toc-link ez-toc-heading-3\" href=\"https:\/\/laisladetabarca.com\/de\/mit-kindern\/#Gibt_es_auf_der_Insel_Tabarca_sichere_Wasseraktivitaeten_fuer_Kinder\" >Gibt es auf der Insel Tabarca sichere Wasseraktivit\u00e4ten f\u00fcr Kinder?<\/a><ul class='ez-toc-list-level-3' ><li class='ez-toc-heading-level-3'><a class=\"ez-toc-link ez-toc-heading-4\" href=\"https:\/\/laisladetabarca.com\/de\/mit-kindern\/#Ist_es_moeglich_die_Insel_das_ganze_Jahr_ueber_zu_besuchen\" >Ist es m\u00f6glich, die Insel das ganze Jahr \u00fcber zu besuchen?<\/a><\/li><\/ul><\/li><\/ul><\/nav><\/div>\n<h2 style=\"font-weight:normal;\"><span class=\"ez-toc-section\" id=\"Welche_Freizeitangebote_gibt_es_fuer_Kinder_in_Tabarca\"><\/span>Welche Freizeitangebote gibt es f\u00fcr Kinder in Tabarca?<span class=\"ez-toc-section-end\"><\/span><\/h2><\/div><div class=\"uvc-sub-heading ult-responsive\"  data-ultimate-target='.uvc-heading.ultimate-heading-690769de30d891039 .uvc-sub-heading '  data-responsive-json-new='{\"font-size\":\"\",\"line-height\":\"\"}'  style=\"font-weight:normal;\"><\/p>\n<div class=\"flex-1 overflow-hidden\">\n<div class=\"react-scroll-to-bottom--css-fsolu-79elbk h-full dark:bg-gray-800\">\n<div class=\"react-scroll-to-bottom--css-fsolu-1n7m0yu\">\n<div class=\"flex flex-col items-center text-sm h-full dark:bg-gray-800\">\n<div class=\"w-full border-b border-black\/10 dark:border-gray-900\/50 text-gray-800 dark:text-gray-100 group bg-gray-50 dark:bg-[#444654]\">\n<div class=\"text-base gap-4 md:gap-6 m-auto md:max-w-2xl lg:max-w-2xl xl:max-w-3xl p-4 md:py-6 flex lg:px-0\">\n<div class=\"relative flex w-[calc(100%-50px)] flex-col gap-1 md:gap-3 lg:w-[calc(100%-115px)]\">\n<div class=\"flex flex-grow flex-col gap-3\">\n<div class=\"min-h-[20px] flex flex-col items-start gap-4 whitespace-pre-wrap\">\n<div class=\"markdown prose w-full break-words dark:prose-invert light\">\n<p>Die Insel Tabarca ist ein perfektes Reiseziel f\u00fcr Kinder, denn sie bietet eine Vielzahl von Freizeitaktivit\u00e4ten, die sie unterhalten und ihnen die M\u00f6glichkeit geben, die nat\u00fcrliche Sch\u00f6nheit der Insel zu genie\u00dfen. Hier sind einige der beliebtesten Aktivit\u00e4ten f\u00fcr Kinder auf Tabarca: <\/p>\n<ol>\n<li>Schnorcheln und Tauchen: Kinder k\u00f6nnen in das kristallklare Meer von Tabarca eintauchen und die wundersch\u00f6ne Unterwasserwelt erkunden. Es wird eine Vielzahl von Schnorchel- und Tauchausfl\u00fcgen angeboten, bei denen man tropische Fische und andere Meeresbewohner beobachten kann. <\/li>\n<li>Besuch des Aquariums: Die Kinder k\u00f6nnen das Aquarium von Tabarca besuchen und Fische und andere Meerestiere, die im Mittelmeer leben, aus n\u00e4chster N\u00e4he betrachten.<\/li>\n<li>Leuchtturmtouren: Der Leuchtturm von Tabarca ist eine der beliebtesten Attraktionen der Insel. Kinder k\u00f6nnen auf die Spitze klettern und den atemberaubenden Panoramablick auf das Meer und die Insel genie\u00dfen. <\/li>\n<li>Bootsausfl\u00fcge: Kinder k\u00f6nnen an Bord eines Bootes gehen und die K\u00fcste von Tabarca erkunden. Es wird eine Vielzahl von Ausfl\u00fcgen angeboten, von ganzt\u00e4gigen Kreuzfahrten bis hin zu Nachmittagsausfl\u00fcgen. <\/li>\n<li>Spiele am Strand: Kinder k\u00f6nnen Wassersportarten wie Surfen und Windsurfen betreiben oder einfach am Strand spielen und die Sonne genie\u00dfen.<\/li>\n<\/ol>\n<p>Kurz gesagt, die Insel Tabarca ist ein perfektes Reiseziel f\u00fcr Kinder, mit einer gro\u00dfen Auswahl an Freizeitaktivit\u00e4ten, die sie unterhalten und ihnen erlauben, die nat\u00fcrliche Sch\u00f6nheit der Insel zu genie\u00dfen. Ob sie sich f\u00fcr Tauchen, Bootsfahrten, Wassersport oder einfach nur f\u00fcr das Spielen am Strand interessieren, Kinder werden auf Tabarca ein unvergessliches Erlebnis haben. <\/p>\n<\/div>\n<\/div>\n<\/div>\n<div class=\"flex justify-between\">\n<div class=\"text-gray-400 flex self-end lg:self-center justify-center mt-2 gap-3 md:gap-4 lg:gap-1 lg:absolute lg:top-0 lg:translate-x-full lg:right-0 lg:mt-0 lg:pl-2 visible\"><\/div>\n<\/div>\n<\/div>\n<\/div>\n<\/div>\n<div class=\"w-full h-32 md:h-48 flex-shrink-0\"><\/div>\n<\/div>\n<\/div>\n<\/div>\n<\/div>\n<div class=\"absolute bottom-0 left-0 w-full border-t md:border-t-0 dark:border-white\/20 md:border-transparent md:dark:border-transparent md:bg-vert-light-gradient bg-white dark:bg-gray-800 md:!bg-transparent dark:md:bg-vert-dark-gradient\">\n<form class=\"stretch mx-2 flex flex-row gap-3 pt-2 last:mb-2 md:last:mb-6 lg:mx-auto lg:max-w-3xl lg:pt-6\">\n<div class=\"relative flex h-full flex-1 md:flex-col\">\n<div class=\"flex ml-1 mt-1.5 md:w-full md:m-auto md:mb-2 gap-0 md:gap-2 justify-center\"><\/div>\n<\/div>\n<\/form>\n<\/div>\n<p><\/div><\/div>[vc_single_image image=&#8220;1253&#8243; img_size=&#8220;full&#8220;]<div id=\"ultimate-heading-254669de30d8910d2\" class=\"uvc-heading ult-adjust-bottom-margin ultimate-heading-254669de30d8910d2 uvc-1950 \" data-hspacer=\"no_spacer\"  data-halign=\"left\" style=\"text-align:left\"><div class=\"uvc-heading-spacer no_spacer\" style=\"top\"><\/div><div class=\"uvc-main-heading ult-responsive\"  data-ultimate-target='.uvc-heading.ultimate-heading-254669de30d8910d2 h2'  data-responsive-json-new='{\"font-size\":\"\",\"line-height\":\"\"}' ><h2 style=\"font-weight:normal;\"><span class=\"ez-toc-section\" id=\"Sind_Sie_auf_der_Suche_nach_einer_lustigen_und_spannenden_Aktivitaet_fuer_Kinder_auf_der_Insel_Tabarca\"><\/span>Sind Sie auf der Suche nach einer lustigen und spannenden Aktivit\u00e4t f\u00fcr Kinder auf der Insel Tabarca?<span class=\"ez-toc-section-end\"><\/span><\/h2><\/div><div class=\"uvc-sub-heading ult-responsive\"  data-ultimate-target='.uvc-heading.ultimate-heading-254669de30d8910d2 .uvc-sub-heading '  data-responsive-json-new='{\"font-size\":\"\",\"line-height\":\"\"}'  style=\"font-weight:normal;\">Eine Katamaranfahrt ist eine perfekte M\u00f6glichkeit, die K\u00fcste von Tabarca zu erkunden und Sonne, Meer und Natur zu genie\u00dfen. Kinder k\u00f6nnen einen Tag im Wasser genie\u00dfen, im kristallklaren Meer schwimmen und tauchen und die Unterwasserwelt aus n\u00e4chster N\u00e4he beobachten. Au\u00dferdem beinhalten Katamaranfahrten in der Regel ein Picknick an einem einsamen Strand, was f\u00fcr Kinder eine perfekte Gelegenheit ist, um zu spielen und die Sonne zu genie\u00dfen.<\/p>\n<p>Es gibt viele M\u00f6glichkeiten f\u00fcr Katamaranfahrten in Tabarca, von Ganztagesausfl\u00fcgen bis hin zu Nachmittagsfahrten. Wenn Sie also auf der Suche nach einer unterhaltsamen und spannenden Aktivit\u00e4t f\u00fcr Kinder in Tabarca sind, sollten Sie eine Katamaranfahrt in Betracht ziehen.<\/div><\/div>[vc_raw_html]PGRpdiBkYXRhLWd5Zy1ocmVmPSJodHRwczovL3dpZGdldC5nZXR5b3VyZ3VpZGUuY29tL2RlZmF1bHQvYWN0aXZpdGllcy5mcmFtZSIgZGF0YS1neWctbG9jYWxlLWNvZGU9ImVzLUVTIiBkYXRhLWd5Zy13aWRnZXQ9ImFjdGl2aXRpZXMiIGRhdGEtZ3lnLW51bWJlci1vZi1pdGVtcz0iMSIgZGF0YS1neWctY21wPSJJVF91cmxfbmlub3MiIGRhdGEtZ3lnLXBhcnRuZXItaWQ9IlcxUUxHOUsiIGRhdGEtZ3lnLXBsYWNlbWVudD0ib3RoZXIiIGRhdGEtZ3lnLXRvdXItaWRzPSIzNzgyMDQiPjwvZGl2Pg==[\/vc_raw_html][vc_empty_space height=&#8220;50px&#8220;]<div id=\"ultimate-heading-162269de30d89113c\" class=\"uvc-heading ult-adjust-bottom-margin ultimate-heading-162269de30d89113c uvc-9019 \" data-hspacer=\"no_spacer\"  data-halign=\"left\" style=\"text-align:left\"><div class=\"uvc-heading-spacer no_spacer\" style=\"top\"><\/div><div class=\"uvc-main-heading ult-responsive\"  data-ultimate-target='.uvc-heading.ultimate-heading-162269de30d89113c h2'  data-responsive-json-new='{\"font-size\":\"\",\"line-height\":\"\"}' ><h2 style=\"font-weight:normal;\"><span class=\"ez-toc-section\" id=\"Gibt_es_auf_der_Insel_Tabarca_sichere_Wasseraktivitaeten_fuer_Kinder\"><\/span>Gibt es auf der Insel Tabarca sichere Wasseraktivit\u00e4ten f\u00fcr Kinder?<span class=\"ez-toc-section-end\"><\/span><\/h2><\/div><div class=\"uvc-sub-heading ult-responsive\"  data-ultimate-target='.uvc-heading.ultimate-heading-162269de30d89113c .uvc-sub-heading '  data-responsive-json-new='{\"font-size\":\"\",\"line-height\":\"\"}'  style=\"font-weight:normal;\">Ja, auf der Insel Tabarca gibt es viele sichere Wasseraktivit\u00e4ten f\u00fcr Kinder. Die Insel hat weiche Sandstr\u00e4nde und kristallklares Wasser, was sie ideal f\u00fcr Kinder macht. Dar\u00fcber hinaus gibt es eine Vielzahl von Wasseraktivit\u00e4ten, die von Fachleuten beaufsichtigt werden und eine sichere Umgebung f\u00fcr die Kleinsten bieten.<\/p>\n<p>Zu den f\u00fcr Kinder sicheren Wasseraktivit\u00e4ten in Tabarca geh\u00f6ren Schnorcheln, Angeln vom Flo\u00df aus, Kajakfahren, Angeln am Strand und Schnorcheln. Alle diese Aktivit\u00e4ten werden von qualifizierten Lehrern angeboten, die f\u00fcr die Sicherheit der Kinder sorgen und eine sichere Ausr\u00fcstung bereitstellen. <\/p>\n<p>Dar\u00fcber hinaus werden viele dieser Aktivit\u00e4ten in kleinen Gruppen angeboten, was eine individuelle Betreuung der Kinder und eine sicherere Umgebung erm\u00f6glicht. Es ist wichtig, eine Wasseraktivit\u00e4t zu w\u00e4hlen, die dem Alter und den F\u00e4higkeiten Ihres Kindes entspricht, und es stets sorgf\u00e4ltig zu beaufsichtigen.<\/div><\/div>[vc_video link=&#8220;https:\/\/www.youtube.com\/watch?v=i275A0yqjY0&#8243; align=&#8220;center&#8220;][\/vc_column][\/vc_row][vc_row][vc_column][vc_single_image image=&#8220;1257&#8243; img_size=&#8220;full&#8220; alignment=&#8220;center&#8220;][vc_empty_space height=&#8220;50px&#8220;][\/vc_column][\/vc_row][vc_row][vc_column]<div id=\"ultimate-heading-253669de30d8911af\" class=\"uvc-heading ult-adjust-bottom-margin ultimate-heading-253669de30d8911af uvc-870 \" data-hspacer=\"no_spacer\"  data-halign=\"left\" style=\"text-align:left\"><div class=\"uvc-heading-spacer no_spacer\" style=\"top\"><\/div><div class=\"uvc-main-heading ult-responsive\"  data-ultimate-target='.uvc-heading.ultimate-heading-253669de30d8911af h3'  data-responsive-json-new='{\"font-size\":\"\",\"line-height\":\"\"}' ><h3 style=\"font-weight:normal;\"><span class=\"ez-toc-section\" id=\"Ist_es_moeglich_die_Insel_das_ganze_Jahr_ueber_zu_besuchen\"><\/span>Ist es m\u00f6glich, die Insel das ganze Jahr \u00fcber zu besuchen?<span class=\"ez-toc-section-end\"><\/span><\/h3><\/div><div class=\"uvc-sub-heading ult-responsive\"  data-ultimate-target='.uvc-heading.ultimate-heading-253669de30d8911af .uvc-sub-heading '  data-responsive-json-new='{\"font-size\":\"\",\"line-height\":\"\"}'  style=\"font-weight:normal;\"><\/p>\n<p style=\"text-align: justify;\">Ja, die Insel Tabarca ist das ganze Jahr \u00fcber ein beliebtes Reiseziel, mit einem warmen und sonnigen Klima im Sommer und milden Temperaturen im Winter. <\/p>\n<p>Das bedeutet, dass Kinder zu jeder Jahreszeit alle Aktivit\u00e4ten genie\u00dfen k\u00f6nnen, die die Insel zu bieten hat, darunter weiche Sandstr\u00e4nde, Wassersportaktivit\u00e4ten und Bootsausfl\u00fcge, um die Unterwasserwelt zu beobachten.<\/p>\n<p>Zusammenfassend l\u00e4sst sich sagen, dass die Insel Tabarca ein Reiseziel f\u00fcr alle Jahreszeiten und eine ausgezeichnete Wahl f\u00fcr einen Familienurlaub das ganze Jahr \u00fcber ist. Machen Sie Ihren Familienurlaub in Tabarca zu einem unvergesslichen Erlebnis!<\/div><\/div>[vc_empty_space height=&#8220;50px&#8220;][\/vc_column][\/vc_row]<\/p>\n<\/div>","protected":false},"excerpt":{"rendered":"<p>[vc_row][vc_column][vc_empty_space height=&#8220;50px&#8220;][\/vc_column][\/vc_row][vc_row][vc_column][vc_single_image image=&#8220;1253&#8243; img_size=&#8220;full&#8220;][vc_raw_html]PGRpdiBkYXRhLWd5Zy1ocmVmPSJodHRwczovL3dpZGdldC5nZXR5b3VyZ3VpZGUuY29tL2RlZmF1bHQvYWN0aXZpdGllcy5mcmFtZSIgZGF0YS1neWctbG9jYWxlLWNvZGU9ImVzLUVTIiBkYXRhLWd5Zy13aWRnZXQ9ImFjdGl2aXRpZXMiIGRhdGEtZ3lnLW51bWJlci1vZi1pdGVtcz0iMSIgZGF0YS1neWctY21wPSJJVF91cmxfbmlub3MiIGRhdGEtZ3lnLXBhcnRuZXItaWQ9IlcxUUxHOUsiIGRhdGEtZ3lnLXBsYWNlbWVudD0ib3RoZXIiIGRhdGEtZ3lnLXRvdXItaWRzPSIzNzgyMDQiPjwvZGl2Pg==[\/vc_raw_html][vc_empty_space height=&#8220;50px&#8220;][vc_video link=&#8220;https:\/\/www.youtube.com\/watch?v=i275A0yqjY0&#8243; align=&#8220;center&#8220;][\/vc_column][\/vc_row][vc_row][vc_column][vc_single_image image=&#8220;1257&#8243; img_size=&#8220;full&#8220; alignment=&#8220;center&#8220;][vc_empty_space height=&#8220;50px&#8220;][\/vc_column][\/vc_row][vc_row][vc_column][vc_empty_space height=&#8220;50px&#8220;][\/vc_column][\/vc_row]<\/p>\n","protected":false},"author":1,"featured_media":0,"parent":0,"menu_order":0,"comment_status":"closed","ping_status":"closed","template":"","meta":{"_joinchat":[],"footnotes":""},"class_list":["post-2102","page","type-page","status-publish","hentry","description-off"],"_links":{"self":[{"href":"https:\/\/laisladetabarca.com\/de\/wp-json\/wp\/v2\/pages\/2102","targetHints":{"allow":["GET"]}}],"collection":[{"href":"https:\/\/laisladetabarca.com\/de\/wp-json\/wp\/v2\/pages"}],"about":[{"href":"https:\/\/laisladetabarca.com\/de\/wp-json\/wp\/v2\/types\/page"}],"author":[{"embeddable":true,"href":"https:\/\/laisladetabarca.com\/de\/wp-json\/wp\/v2\/users\/1"}],"replies":[{"embeddable":true,"href":"https:\/\/laisladetabarca.com\/de\/wp-json\/wp\/v2\/comments?post=2102"}],"version-history":[{"count":0,"href":"https:\/\/laisladetabarca.com\/de\/wp-json\/wp\/v2\/pages\/2102\/revisions"}],"wp:attachment":[{"href":"https:\/\/laisladetabarca.com\/de\/wp-json\/wp\/v2\/media?parent=2102"}],"curies":[{"name":"wp","href":"https:\/\/api.w.org\/{rel}","templated":true}]}}