{"id":2096,"date":"2022-09-07T08:59:02","date_gmt":"2022-09-07T07:59:02","guid":{"rendered":"https:\/\/laisladetabarca.com\/wie-man-nach-tabarca-kommt-von\/von-santa-pola-nach-tabarca-fahren\/"},"modified":"2026-01-30T17:24:46","modified_gmt":"2026-01-30T16:24:46","slug":"von-santa-pola-nach-tabarca-fahren","status":"publish","type":"page","link":"https:\/\/laisladetabarca.com\/de\/wie-man-nach-tabarca-kommt-von\/von-santa-pola-nach-tabarca-fahren\/","title":{"rendered":"Von Santa Pola nach Tabarca fahren"},"content":{"rendered":"<div class=\"wpb-content-wrapper\"><p>[vc_row][vc_column]<div id=\"ultimate-heading-258669de325323e0f\" class=\"uvc-heading ult-adjust-bottom-margin ultimate-heading-258669de325323e0f uvc-600 \" data-hspacer=\"no_spacer\"  data-halign=\"left\" style=\"text-align:left\"><div class=\"uvc-heading-spacer no_spacer\" style=\"top\"><\/div><div class=\"uvc-sub-heading ult-responsive\"  data-ultimate-target='.uvc-heading.ultimate-heading-258669de325323e0f .uvc-sub-heading '  data-responsive-json-new='{\"font-size\":\"\",\"line-height\":\"\"}'  style=\"font-weight:normal;\"><\/p>\n<p style=\"text-align: justify;\"><span style=\"font-weight: 400;\">Die schnellste und n\u00e4chstgelegene M\u00f6glichkeit, nach Tabarca zu gelangen, ist die Fahrt von Santa Pola aus. Aufgrund der N\u00e4he ist die Bootsfahrt die schnellste, in nur 25 Minuten erreichen Sie die sch\u00f6ne Insel Tabarca vom Hafen von Santa Pola aus. <\/span><\/p>\n<p style=\"text-align: justify;\"><span style=\"font-weight: 400;\">Um von Santa Pola nach Tabarca zu gelangen, k\u00f6nnen Sie entweder mit einem privaten Boot oder mit einem \u00f6ffentlichen Boot (den sogenannten Tabarqueras) reisen. Diese Boote fahren t\u00e4glich und praktisch zu jeder Stunde. In der Hochsaison (Sommer) fahren die Tabarqueras sogar etwa alle 30 Minuten von 9:00 bis 19:30 Uhr.  <\/span><\/p>\n<p><\/div><\/div>[vc_empty_space height=&#8220;50px&#8220;][\/vc_column][\/vc_row][vc_row][vc_column]<div id=\"ultimate-heading-331569de325323e88\" class=\"uvc-heading ult-adjust-bottom-margin ultimate-heading-331569de325323e88 uvc-6616 \" data-hspacer=\"no_spacer\"  data-halign=\"left\" style=\"text-align:left\"><div class=\"uvc-heading-spacer no_spacer\" style=\"top\"><\/div><div class=\"uvc-main-heading ult-responsive\"  data-ultimate-target='.uvc-heading.ultimate-heading-331569de325323e88 h2'  data-responsive-json-new='{\"font-size\":\"\",\"line-height\":\"\"}' ><div id=\"ez-toc-container\" class=\"ez-toc-v2_0_80 counter-hierarchy ez-toc-counter ez-toc-grey ez-toc-container-direction\">\n<div class=\"ez-toc-title-container\">\n<p class=\"ez-toc-title\" style=\"cursor:inherit\">Table of Contents<\/p>\n<span class=\"ez-toc-title-toggle\"><a href=\"#\" class=\"ez-toc-pull-right ez-toc-btn ez-toc-btn-xs ez-toc-btn-default ez-toc-toggle\" aria-label=\"Toggle Table of Content\"><span class=\"ez-toc-js-icon-con\"><span class=\"\"><span class=\"eztoc-hide\" style=\"display:none;\">Toggle<\/span><span class=\"ez-toc-icon-toggle-span\"><svg style=\"fill: #999;color:#999\" xmlns=\"http:\/\/www.w3.org\/2000\/svg\" class=\"list-377408\" width=\"20px\" height=\"20px\" viewBox=\"0 0 24 24\" fill=\"none\"><path d=\"M6 6H4v2h2V6zm14 0H8v2h12V6zM4 11h2v2H4v-2zm16 0H8v2h12v-2zM4 16h2v2H4v-2zm16 0H8v2h12v-2z\" fill=\"currentColor\"><\/path><\/svg><svg style=\"fill: #999;color:#999\" class=\"arrow-unsorted-368013\" xmlns=\"http:\/\/www.w3.org\/2000\/svg\" width=\"10px\" height=\"10px\" viewBox=\"0 0 24 24\" version=\"1.2\" baseProfile=\"tiny\"><path d=\"M18.2 9.3l-6.2-6.3-6.2 6.3c-.2.2-.3.4-.3.7s.1.5.3.7c.2.2.4.3.7.3h11c.3 0 .5-.1.7-.3.2-.2.3-.5.3-.7s-.1-.5-.3-.7zM5.8 14.7l6.2 6.3 6.2-6.3c.2-.2.3-.5.3-.7s-.1-.5-.3-.7c-.2-.2-.4-.3-.7-.3h-11c-.3 0-.5.1-.7.3-.2.2-.3.5-.3.7s.1.5.3.7z\"\/><\/svg><\/span><\/span><\/span><\/a><\/span><\/div>\n<nav><ul class='ez-toc-list ez-toc-list-level-1 ' ><li class='ez-toc-page-1 ez-toc-heading-level-2'><a class=\"ez-toc-link ez-toc-heading-1\" href=\"https:\/\/laisladetabarca.com\/de\/wie-man-nach-tabarca-kommt-von\/von-santa-pola-nach-tabarca-fahren\/#Was_ist_zu_beachten_wenn_Sie_von_Santa_Pola_aus_mit_dem_Boot_nach_Tabarca_fahren\" >Was ist zu beachten, wenn Sie von Santa Pola aus mit dem Boot nach Tabarca fahren?<\/a><\/li><li class='ez-toc-page-1 ez-toc-heading-level-2'><a class=\"ez-toc-link ez-toc-heading-2\" href=\"https:\/\/laisladetabarca.com\/de\/wie-man-nach-tabarca-kommt-von\/von-santa-pola-nach-tabarca-fahren\/#Reisen_nach_tabarca_von_santa_pola_aus\" >Reisen nach tabarca von santa pola aus<\/a><\/li><li class='ez-toc-page-1 ez-toc-heading-level-2'><a class=\"ez-toc-link ez-toc-heading-3\" href=\"https:\/\/laisladetabarca.com\/de\/wie-man-nach-tabarca-kommt-von\/von-santa-pola-nach-tabarca-fahren\/#Tabarca_von_anderen_Zielen_aus\" >Tabarca von anderen Zielen aus:<\/a><\/li><\/ul><\/nav><\/div>\n<h2 style=\"font-weight:normal;\"><span class=\"ez-toc-section\" id=\"Was_ist_zu_beachten_wenn_Sie_von_Santa_Pola_aus_mit_dem_Boot_nach_Tabarca_fahren\"><\/span>Was ist zu beachten, wenn Sie von Santa Pola aus mit dem Boot nach Tabarca fahren?<span class=\"ez-toc-section-end\"><\/span><\/h2><\/div><div class=\"uvc-sub-heading ult-responsive\"  data-ultimate-target='.uvc-heading.ultimate-heading-331569de325323e88 .uvc-sub-heading '  data-responsive-json-new='{\"font-size\":\"\",\"line-height\":\"\"}'  style=\"font-weight:normal;\"><\/p>\n<ul>\n<li style=\"font-weight: 400;\" aria-level=\"1\"><span style=\"font-weight: 400;\">Bei den meisten Unternehmen k\u00f6nnen Sie ein gemeinsames<\/span> <span style=\"font-weight: 400;\">R\u00fcckflugticket kaufen und am n\u00e4chsten Tag zur\u00fcckfahren.<\/span><\/li>\n<li style=\"font-weight: 400;\" aria-level=\"1\"><span style=\"font-weight: 400;\">Sie k\u00f6nnen die Fahrkarten<\/span><span style=\"font-weight: 400;\"> online zu einem g\u00fcnstigeren Preis kaufen <\/span><span style=\"font-weight: 400;\">als am Hafen selbst.<\/span><\/li>\n<li style=\"font-weight: 400;\" aria-level=\"1\"><span style=\"font-weight: 400;\">Alle Boote legen im Hafen von <\/span><span style=\"font-weight: 400;\">Santa Pola ab.<\/span><\/li>\n<\/ul>\n<p><\/div><\/div>[vc_raw_html]PGRpdiBkYXRhLWd5Zy1ocmVmPSJodHRwczovL3dpZGdldC5nZXR5b3VyZ3VpZGUuY29tL2RlZmF1bHQvYWN0aXZpdGllcy5mcmFtZSIgZGF0YS1neWctbG9jYWxlLWNvZGU9ImVzLUVTIiBkYXRhLWd5Zy13aWRnZXQ9ImFjdGl2aXRpZXMiIGRhdGEtZ3lnLW51bWJlci1vZi1pdGVtcz0iMSIgZGF0YS1neWctY21wPSJJVF91cmxfc2FudGFwb2xhIiBkYXRhLWd5Zy1wYXJ0bmVyLWlkPSJXMVFMRzlLIiBkYXRhLWd5Zy1wbGFjZW1lbnQ9Im90aGVyIiBkYXRhLWd5Zy1xPSJzYW50YSUyMHBvbGEiPjwvZGl2Pg==[\/vc_raw_html][vc_empty_space height=&#8220;50px&#8220;]<div id=\"ultimate-heading-879969de325323f18\" class=\"uvc-heading ult-adjust-bottom-margin ultimate-heading-879969de325323f18 uvc-8493 \" data-hspacer=\"no_spacer\"  data-halign=\"left\" style=\"text-align:left\"><div class=\"uvc-heading-spacer no_spacer\" style=\"top\"><\/div><div class=\"uvc-main-heading ult-responsive\"  data-ultimate-target='.uvc-heading.ultimate-heading-879969de325323f18 h2'  data-responsive-json-new='{\"font-size\":\"\",\"line-height\":\"\"}' ><h2 style=\"font-weight:normal;\"><span class=\"ez-toc-section\" id=\"Reisen_nach_tabarca_von_santa_pola_aus\"><\/span>Reisen nach tabarca von santa pola aus<span class=\"ez-toc-section-end\"><\/span><\/h2><\/div><div class=\"uvc-sub-heading ult-responsive\"  data-ultimate-target='.uvc-heading.ultimate-heading-879969de325323f18 .uvc-sub-heading '  data-responsive-json-new='{\"font-size\":\"\",\"line-height\":\"\"}'  style=\"font-weight:normal;\"><span style=\"font-weight: 400;\">Wenn Sie von Santa Pola aus nach Tabarca fahren m\u00f6chten, ist die beste und billigste Option die Fahrt mit dem Boot von Santa Pola aus. Sie ist schneller (25 Minuten) oder 15 Minuten im Falle eines Bootes und billiger (etwa 10-15 \u20ac).<\/span><\/div><\/div>[vc_raw_html]PGRpdiBkYXRhLWd5Zy1ocmVmPSJodHRwczovL3dpZGdldC5nZXR5b3VyZ3VpZGUuY29tL2RlZmF1bHQvYWN0aXZpdGllcy5mcmFtZSIgZGF0YS1neWctbG9jYWxlLWNvZGU9ImVzLUVTIiBkYXRhLWd5Zy13aWRnZXQ9ImFjdGl2aXRpZXMiIGRhdGEtZ3lnLW51bWJlci1vZi1pdGVtcz0iMSIgZGF0YS1neWctY21wPSJJVF91cmxfc2FudGFwb2xhIiBkYXRhLWd5Zy1wYXJ0bmVyLWlkPSJXMVFMRzlLIiBkYXRhLWd5Zy1wbGFjZW1lbnQ9Im90aGVyIiBkYXRhLWd5Zy1xPSJzYW50YSUyMHBvbGEiPjwvZGl2Pg==[\/vc_raw_html][vc_empty_space height=&#8220;50px&#8220;][vc_video link=&#8220;https:\/\/www.youtube.com\/watch?v=DM0_3BeNCDI&#8220; align=&#8220;center&#8220;][\/vc_column][\/vc_row][vc_row][vc_column][vc_empty_space height=&#8220;50px&#8220;]<div id=\"ultimate-heading-638569de325323f8a\" class=\"uvc-heading ult-adjust-bottom-margin ultimate-heading-638569de325323f8a uvc-8453 \" data-hspacer=\"no_spacer\"  data-halign=\"center\" style=\"text-align:center\"><div class=\"uvc-heading-spacer no_spacer\" style=\"top\"><\/div><div class=\"uvc-main-heading ult-responsive\"  data-ultimate-target='.uvc-heading.ultimate-heading-638569de325323f8a h2'  data-responsive-json-new='{\"font-size\":\"\",\"line-height\":\"\"}' ><h2 style=\"font-weight:normal;\"><span class=\"ez-toc-section\" id=\"Tabarca_von_anderen_Zielen_aus\"><\/span>Tabarca von anderen Zielen aus:<span class=\"ez-toc-section-end\"><\/span><\/h2><\/div><\/div>[vc_empty_space height=&#8220;30px&#8220;][\/vc_column][\/vc_row][vc_row][vc_column width=&#8220;1\/3&#8243;]<div class=\"shortcode-banner shortcode-banner-link\" style=\"min-height: 150px;background-image: url(https:\/\/laisladetabarca.com\/wp-content\/uploads\/2022\/07\/ALICANTE.jpg)\" onclick=\"window.location.href='http:\/\/laisladetabarca.com\/como-ir\/desde-alicante\/';\"><div class=\"shortcode-banner-bg wf-table\" style=\"padding: 10px;min-height: 150px\"><div class=\"shortcode-banner-inside wf-table text-big\" style=\"background-color: rgb(0,0,0);background-color: rgba(0,0,0,0.4);border: solid 10px transparent;outline: solid 3px;outline-color: #ffffff;height: 140px\"><div><p style=\"text-align: center;\"><span style=\"color: #ffffff;\">ALICANTE<\/span><\/p>\n<\/div><\/div><\/div><\/div>[\/vc_column][vc_column width=&#8220;1\/3&#8243;]<div class=\"shortcode-banner shortcode-banner-link\" style=\"min-height: 150px;background-image: url(https:\/\/laisladetabarca.com\/wp-content\/uploads\/2022\/07\/benidorm.jpg)\" onclick=\"window.location.href='http:\/\/laisladetabarca.com\/como-ir\/desde-santa-pola\/';\"><div class=\"shortcode-banner-bg wf-table\" style=\"padding: 10px;min-height: 150px\"><div class=\"shortcode-banner-inside wf-table text-big\" style=\"background-color: rgb(0,0,0);background-color: rgba(0,0,0,0.4);border: solid 10px transparent;outline: solid 3px;outline-color: #ffffff;height: 140px\"><div><p style=\"text-align: center;\"><span style=\"color: #ffffff;\">BENIDORM<\/span><\/p>\n<\/div><\/div><\/div><\/div>[\/vc_column][\/vc_row]<\/p>\n<\/div>","protected":false},"excerpt":{"rendered":"<p>[vc_row][vc_column][vc_empty_space height=&#8220;50px&#8220;][\/vc_column][\/vc_row][vc_row][vc_column][vc_raw_html]PGRpdiBkYXRhLWd5Zy1ocmVmPSJodHRwczovL3dpZGdldC5nZXR5b3VyZ3VpZGUuY29tL2RlZmF1bHQvYWN0aXZpdGllcy5mcmFtZSIgZGF0YS1neWctbG9jYWxlLWNvZGU9ImVzLUVTIiBkYXRhLWd5Zy13aWRnZXQ9ImFjdGl2aXRpZXMiIGRhdGEtZ3lnLW51bWJlci1vZi1pdGVtcz0iMSIgZGF0YS1neWctY21wPSJJVF91cmxfc2FudGFwb2xhIiBkYXRhLWd5Zy1wYXJ0bmVyLWlkPSJXMVFMRzlLIiBkYXRhLWd5Zy1wbGFjZW1lbnQ9Im90aGVyIiBkYXRhLWd5Zy1xPSJzYW50YSUyMHBvbGEiPjwvZGl2Pg==[\/vc_raw_html][vc_empty_space height=&#8220;50px&#8220;][vc_raw_html]PGRpdiBkYXRhLWd5Zy1ocmVmPSJodHRwczovL3dpZGdldC5nZXR5b3VyZ3VpZGUuY29tL2RlZmF1bHQvYWN0aXZpdGllcy5mcmFtZSIgZGF0YS1neWctbG9jYWxlLWNvZGU9ImVzLUVTIiBkYXRhLWd5Zy13aWRnZXQ9ImFjdGl2aXRpZXMiIGRhdGEtZ3lnLW51bWJlci1vZi1pdGVtcz0iMSIgZGF0YS1neWctY21wPSJJVF91cmxfc2FudGFwb2xhIiBkYXRhLWd5Zy1wYXJ0bmVyLWlkPSJXMVFMRzlLIiBkYXRhLWd5Zy1wbGFjZW1lbnQ9Im90aGVyIiBkYXRhLWd5Zy1xPSJzYW50YSUyMHBvbGEiPjwvZGl2Pg==[\/vc_raw_html][vc_empty_space height=&#8220;50px&#8220;][vc_video link=&#8220;https:\/\/www.youtube.com\/watch?v=DM0_3BeNCDI&#8220; align=&#8220;center&#8220;][\/vc_column][\/vc_row][vc_row][vc_column][vc_empty_space height=&#8220;50px&#8220;][vc_empty_space height=&#8220;30px&#8220;][\/vc_column][\/vc_row][vc_row][vc_column width=&#8220;1\/3&#8243;][\/vc_column][vc_column width=&#8220;1\/3&#8243;][\/vc_column][\/vc_row]<\/p>\n","protected":false},"author":1,"featured_media":0,"parent":2076,"menu_order":0,"comment_status":"closed","ping_status":"closed","template":"","meta":{"_joinchat":[],"footnotes":""},"class_list":["post-2096","page","type-page","status-publish","hentry","description-off"],"_links":{"self":[{"href":"https:\/\/laisladetabarca.com\/de\/wp-json\/wp\/v2\/pages\/2096","targetHints":{"allow":["GET"]}}],"collection":[{"href":"https:\/\/laisladetabarca.com\/de\/wp-json\/wp\/v2\/pages"}],"about":[{"href":"https:\/\/laisladetabarca.com\/de\/wp-json\/wp\/v2\/types\/page"}],"author":[{"embeddable":true,"href":"https:\/\/laisladetabarca.com\/de\/wp-json\/wp\/v2\/users\/1"}],"replies":[{"embeddable":true,"href":"https:\/\/laisladetabarca.com\/de\/wp-json\/wp\/v2\/comments?post=2096"}],"version-history":[{"count":0,"href":"https:\/\/laisladetabarca.com\/de\/wp-json\/wp\/v2\/pages\/2096\/revisions"}],"up":[{"embeddable":true,"href":"https:\/\/laisladetabarca.com\/de\/wp-json\/wp\/v2\/pages\/2076"}],"wp:attachment":[{"href":"https:\/\/laisladetabarca.com\/de\/wp-json\/wp\/v2\/media?parent=2096"}],"curies":[{"name":"wp","href":"https:\/\/api.w.org\/{rel}","templated":true}]}}