{"id":2093,"date":"2024-02-26T11:15:45","date_gmt":"2024-02-26T10:15:45","guid":{"rendered":"https:\/\/laisladetabarca.com\/wie-man-nach-tabarca-kommt-von\/von-murcia-nach-tabarca-fahren\/"},"modified":"2026-01-30T17:22:28","modified_gmt":"2026-01-30T16:22:28","slug":"von-murcia-nach-tabarca-fahren","status":"publish","type":"page","link":"https:\/\/laisladetabarca.com\/de\/wie-man-nach-tabarca-kommt-von\/von-murcia-nach-tabarca-fahren\/","title":{"rendered":"Von Murcia nach Tabarca fahren"},"content":{"rendered":"<div class=\"wpb-content-wrapper\"><p>[vc_row][vc_column]<div id=\"ultimate-heading-475169de32d41071e\" class=\"uvc-heading ult-adjust-bottom-margin ultimate-heading-475169de32d41071e uvc-9103 \" data-hspacer=\"no_spacer\"  data-halign=\"left\" style=\"text-align:left\"><div class=\"uvc-heading-spacer no_spacer\" style=\"top\"><\/div><div class=\"uvc-sub-heading ult-responsive\"  data-ultimate-target='.uvc-heading.ultimate-heading-475169de32d41071e .uvc-sub-heading '  data-responsive-json-new='{\"font-size\":\"\",\"line-height\":\"\"}'  style=\"font-weight:normal;\"><\/p>\n<p style=\"text-align: justify;\">Von Murcia aus ist ein Ausflug zur Insel Tabarca die perfekte Gelegenheit, einen Tag an einem der malerischsten Orte des Mittelmeers zu verbringen. Tabarca erwartet Sie mit seiner atemberaubenden Natur und reichen Geschichte. <\/p>\n<p><\/div><\/div>[vc_empty_space height=&#8220;35px&#8220;][\/vc_column][\/vc_row][vc_row][vc_column]<div id=\"ultimate-heading-267969de32d41079a\" class=\"uvc-heading ult-adjust-bottom-margin ultimate-heading-267969de32d41079a uvc-5629 \" data-hspacer=\"no_spacer\"  data-halign=\"left\" style=\"text-align:left\"><div class=\"uvc-heading-spacer no_spacer\" style=\"top\"><\/div><div class=\"uvc-main-heading ult-responsive\"  data-ultimate-target='.uvc-heading.ultimate-heading-267969de32d41079a h2'  data-responsive-json-new='{\"font-size\":\"\",\"line-height\":\"\"}' ><div id=\"ez-toc-container\" class=\"ez-toc-v2_0_80 counter-hierarchy ez-toc-counter ez-toc-grey ez-toc-container-direction\">\n<div class=\"ez-toc-title-container\">\n<p class=\"ez-toc-title\" style=\"cursor:inherit\">Table of Contents<\/p>\n<span class=\"ez-toc-title-toggle\"><a href=\"#\" class=\"ez-toc-pull-right ez-toc-btn ez-toc-btn-xs ez-toc-btn-default ez-toc-toggle\" aria-label=\"Toggle Table of Content\"><span class=\"ez-toc-js-icon-con\"><span class=\"\"><span class=\"eztoc-hide\" style=\"display:none;\">Toggle<\/span><span class=\"ez-toc-icon-toggle-span\"><svg style=\"fill: #999;color:#999\" xmlns=\"http:\/\/www.w3.org\/2000\/svg\" class=\"list-377408\" width=\"20px\" height=\"20px\" viewBox=\"0 0 24 24\" fill=\"none\"><path d=\"M6 6H4v2h2V6zm14 0H8v2h12V6zM4 11h2v2H4v-2zm16 0H8v2h12v-2zM4 16h2v2H4v-2zm16 0H8v2h12v-2z\" fill=\"currentColor\"><\/path><\/svg><svg style=\"fill: #999;color:#999\" class=\"arrow-unsorted-368013\" xmlns=\"http:\/\/www.w3.org\/2000\/svg\" width=\"10px\" height=\"10px\" viewBox=\"0 0 24 24\" version=\"1.2\" baseProfile=\"tiny\"><path d=\"M18.2 9.3l-6.2-6.3-6.2 6.3c-.2.2-.3.4-.3.7s.1.5.3.7c.2.2.4.3.7.3h11c.3 0 .5-.1.7-.3.2-.2.3-.5.3-.7s-.1-.5-.3-.7zM5.8 14.7l6.2 6.3 6.2-6.3c.2-.2.3-.5.3-.7s-.1-.5-.3-.7c-.2-.2-.4-.3-.7-.3h-11c-.3 0-.5.1-.7.3-.2.2-.3.5-.3.7s.1.5.3.7z\"\/><\/svg><\/span><\/span><\/span><\/a><\/span><\/div>\n<nav><ul class='ez-toc-list ez-toc-list-level-1 ' ><li class='ez-toc-page-1 ez-toc-heading-level-2'><a class=\"ez-toc-link ez-toc-heading-1\" href=\"https:\/\/laisladetabarca.com\/de\/wie-man-nach-tabarca-kommt-von\/von-murcia-nach-tabarca-fahren\/#Wie_man_von_Murcia_nach_Tabarca_kommt\" >Wie man von Murcia nach Tabarca kommt<\/a><\/li><li class='ez-toc-page-1 ez-toc-heading-level-2'><a class=\"ez-toc-link ez-toc-heading-2\" href=\"https:\/\/laisladetabarca.com\/de\/wie-man-nach-tabarca-kommt-von\/von-murcia-nach-tabarca-fahren\/#Route_1_Murcia_nach_Alicante_und_dann_mit_der_Faehre_nach_Tabarca\" >Route 1: Murcia nach Alicante und dann mit der F\u00e4hre nach Tabarca<\/a><ul class='ez-toc-list-level-3' ><li class='ez-toc-heading-level-3'><a class=\"ez-toc-link ez-toc-heading-3\" href=\"https:\/\/laisladetabarca.com\/de\/wie-man-nach-tabarca-kommt-von\/von-murcia-nach-tabarca-fahren\/#Autoreise_von_Murcia_nach_Alicante\" >Autoreise von Murcia nach Alicante<\/a><\/li><li class='ez-toc-page-1 ez-toc-heading-level-3'><a class=\"ez-toc-link ez-toc-heading-4\" href=\"https:\/\/laisladetabarca.com\/de\/wie-man-nach-tabarca-kommt-von\/von-murcia-nach-tabarca-fahren\/#Mit_der_Faehre_in_Alicante\" >Mit der F\u00e4hre in Alicante<\/a><\/li><\/ul><\/li><li class='ez-toc-page-1 ez-toc-heading-level-2'><a class=\"ez-toc-link ez-toc-heading-5\" href=\"https:\/\/laisladetabarca.com\/de\/wie-man-nach-tabarca-kommt-von\/von-murcia-nach-tabarca-fahren\/#Route_2_Murcia_bis_Santa_Pola_und_dann_mit_der_Faehre_nach_Tabarca\" >Route 2: Murcia bis Santa Pola und dann mit der F\u00e4hre nach Tabarca<\/a><ul class='ez-toc-list-level-3' ><li class='ez-toc-heading-level-3'><a class=\"ez-toc-link ez-toc-heading-6\" href=\"https:\/\/laisladetabarca.com\/de\/wie-man-nach-tabarca-kommt-von\/von-murcia-nach-tabarca-fahren\/#Autoreise_nach_Santa_PolaEine_andere_Moeglichkeit_ist_die_Fahrt_von_Valencia_nach_Santa_Pola_ebenfalls_ueber_die_A-7_Die_Autofahrt_dauert_etwa_2_Stunden_und_20_Minuten\" >Autoreise nach Santa PolaEine andere M\u00f6glichkeit ist die Fahrt von Valencia nach Santa Pola, ebenfalls \u00fcber die A-7. Die Autofahrt dauert etwa 2 Stunden und 20 Minuten.<\/a><\/li><li class='ez-toc-page-1 ez-toc-heading-level-3'><a class=\"ez-toc-link ez-toc-heading-7\" href=\"https:\/\/laisladetabarca.com\/de\/wie-man-nach-tabarca-kommt-von\/von-murcia-nach-tabarca-fahren\/#Faehre_von_Santa_Pola_nach_Tabarca\" >F\u00e4hre von Santa Pola nach Tabarca<\/a><\/li><li class='ez-toc-page-1 ez-toc-heading-level-3'><a class=\"ez-toc-link ez-toc-heading-8\" href=\"https:\/\/laisladetabarca.com\/de\/wie-man-nach-tabarca-kommt-von\/von-murcia-nach-tabarca-fahren\/#Andere_Aktivitaeten_von_Murcia_aus\" >Andere Aktivit\u00e4ten von Murcia aus<\/a><\/li><li class='ez-toc-page-1 ez-toc-heading-level-3'><a class=\"ez-toc-link ez-toc-heading-9\" href=\"https:\/\/laisladetabarca.com\/de\/wie-man-nach-tabarca-kommt-von\/von-murcia-nach-tabarca-fahren\/#Tabarca_von_anderen_Zielen_aus\" >Tabarca von anderen Zielen aus:<\/a><\/li><\/ul><\/li><\/ul><\/nav><\/div>\n<h2 style=\"font-weight:normal;\"><span class=\"ez-toc-section\" id=\"Wie_man_von_Murcia_nach_Tabarca_kommt\"><\/span>Wie man von Murcia nach Tabarca kommt<span class=\"ez-toc-section-end\"><\/span><\/h2><\/div><div class=\"uvc-sub-heading ult-responsive\"  data-ultimate-target='.uvc-heading.ultimate-heading-267969de32d41079a .uvc-sub-heading '  data-responsive-json-new='{\"font-size\":\"\",\"line-height\":\"\"}'  style=\"font-weight:normal;\">Wir stellen Ihnen die besten M\u00f6glichkeiten vor, um von Murcia nach Tabarca zu gelangen, damit Ihre Reise bequem und voller sch\u00f6ner Landschaften ist.<\/div><\/div>[vc_empty_space]<div id=\"ultimate-heading-648669de32d410834\" class=\"uvc-heading ult-adjust-bottom-margin ultimate-heading-648669de32d410834 uvc-4460 \" data-hspacer=\"no_spacer\"  data-halign=\"left\" style=\"text-align:left\"><div class=\"uvc-heading-spacer no_spacer\" style=\"top\"><\/div><div class=\"uvc-main-heading ult-responsive\"  data-ultimate-target='.uvc-heading.ultimate-heading-648669de32d410834 h2'  data-responsive-json-new='{\"font-size\":\"\",\"line-height\":\"\"}' ><h2 style=\"font-weight:normal;\"><span class=\"ez-toc-section\" id=\"Route_1_Murcia_nach_Alicante_und_dann_mit_der_Faehre_nach_Tabarca\"><\/span>Route 1: Murcia nach Alicante und dann mit der F\u00e4hre nach Tabarca<span class=\"ez-toc-section-end\"><\/span><\/h2><\/div><div class=\"uvc-sub-heading ult-responsive\"  data-ultimate-target='.uvc-heading.ultimate-heading-648669de32d410834 .uvc-sub-heading '  data-responsive-json-new='{\"font-size\":\"\",\"line-height\":\"\"}'  style=\"font-weight:normal;\"><\/p>\n<h3><span class=\"ez-toc-section\" id=\"Autoreise_von_Murcia_nach_Alicante\"><\/span>Autoreise von Murcia nach Alicante<span class=\"ez-toc-section-end\"><\/span><\/h3>\n<p>Der direkteste Weg von Murcia nach Alicante f\u00fchrt \u00fcber die Autobahn A-7. Die Fahrt dauert etwa 1 Stunde und f\u00fchrt durch die wundersch\u00f6ne Costa Blanca. <\/p>\n<h3><span class=\"ez-toc-section\" id=\"Mit_der_Faehre_in_Alicante\"><\/span>Mit der F\u00e4hre in Alicante<span class=\"ez-toc-section-end\"><\/span><\/h3>\n<p>In Alicante angekommen, gehen Sie zum Hafen und nehmen die F\u00e4hre nach Tabarca. Die \u00dcberfahrt mit der F\u00e4hre dauert etwa 1 Stunde. Es ist ratsam, die Fahrpl\u00e4ne der F\u00e4hren im Voraus zu pr\u00fcfen und die Tickets online zu kaufen.<\/div><\/div>[vc_gmaps link=&#8220;#E-8_JTNDaWZyYW1lJTIwc3JjJTNEJTIyaHR0cHMlM0ElMkYlMkZ3d3cuZ29vZ2xlLmNvbSUyRm1hcHMlMkZlbWJlZCUzRnBiJTNEJTIxMW0yOCUyMTFtMTIlMjExbTMlMjExZDIwMDc3MC42MTM5NzI2NDAxJTIxMmQtMC45OTQwODIzMzQyNjU5MTM1JTIxM2QzOC4xNjI0OTAzMDcyODAyNSUyMTJtMyUyMTFmMCUyMTJmMCUyMTNmMCUyMTNtMiUyMTFpMTAyNCUyMTJpNzY4JTIxNGYxMy4xJTIxNG0xMyUyMTNlNiUyMTRtNSUyMTFzMHhkNjM4MWY4ZDU5MjhjN2YlMjUzQTB4ZDYyNzEyOWIzOGM0YWI5YSUyMTJzTXVyY2lhJTIxM20yJTIxMWQzNy45OTIyMzk5JTIxMmQtMS4xMzA2NTQ0JTIxNG01JTIxMXMweGQ2MjM1ZGEzYjlkYWI0YiUyNTNBMHgxZDdkYTg3MmFjMGI4MWUzJTIxMnNBbGljYW50ZSUyMTNtMiUyMTFkMzguMzQ1OTk2Mjk5OTk5OTk2JTIxMmQtMC40OTA2ODU1JTIxNWUwJTIxM20yJTIxMXNlcy00MTklMjEyc2VzJTIxNHYxNzA4OTQyNDU5ODg3JTIxNW0yJTIxMXNlcy00MTklMjEyc2VzJTIyJTIwd2lkdGglM0QlMjIxOTAwJTIyJTIwaGVpZ2h0JTNEJTIyNDUwJTIyJTIwc3R5bGUlM0QlMjJib3JkZXIlM0EwJTNCJTIyJTIwYWxsb3dmdWxsc2NyZWVuJTNEJTIyJTIyJTIwbG9hZGluZyUzRCUyMmxhenklMjIlMjByZWZlcnJlcnBvbGljeSUzRCUyMm5vLXJlZmVycmVyLXdoZW4tZG93bmdyYWRlJTIyJTNFJTNDJTJGaWZyYW1lJTNF&#8220;][vc_empty_space height=&#8220;35px&#8220;]<div id=\"ultimate-heading-214369de32d410889\" class=\"uvc-heading ult-adjust-bottom-margin ultimate-heading-214369de32d410889 uvc-1864 \" data-hspacer=\"no_spacer\"  data-halign=\"left\" style=\"text-align:left\"><div class=\"uvc-heading-spacer no_spacer\" style=\"top\"><\/div><div class=\"uvc-main-heading ult-responsive\"  data-ultimate-target='.uvc-heading.ultimate-heading-214369de32d410889 h2'  data-responsive-json-new='{\"font-size\":\"\",\"line-height\":\"\"}' ><h2 style=\"font-weight:normal;\"><span class=\"ez-toc-section\" id=\"Route_2_Murcia_bis_Santa_Pola_und_dann_mit_der_Faehre_nach_Tabarca\"><\/span>Route 2: Murcia bis Santa Pola und dann mit der F\u00e4hre nach Tabarca<span class=\"ez-toc-section-end\"><\/span><\/h2><\/div><div class=\"uvc-sub-heading ult-responsive\"  data-ultimate-target='.uvc-heading.ultimate-heading-214369de32d410889 .uvc-sub-heading '  data-responsive-json-new='{\"font-size\":\"\",\"line-height\":\"\"}'  style=\"font-weight:normal;\"><\/p>\n<h3><span class=\"ez-toc-section\" id=\"Autoreise_nach_Santa_PolaEine_andere_Moeglichkeit_ist_die_Fahrt_von_Valencia_nach_Santa_Pola_ebenfalls_ueber_die_A-7_Die_Autofahrt_dauert_etwa_2_Stunden_und_20_Minuten\"><\/span>Autoreise nach Santa PolaEine andere M\u00f6glichkeit ist die Fahrt von Valencia nach Santa Pola, ebenfalls \u00fcber die A-7. Die Autofahrt dauert etwa 2 Stunden und 20 Minuten.<span class=\"ez-toc-section-end\"><\/span><\/h3>\n<p>Eine andere M\u00f6glichkeit ist die Fahrt von Murcia nach Santa Pola, ebenfalls \u00fcber die A-7. Diese Fahrt dauert etwa 1 Stunde und 30 Minuten. <\/p>\n<h3><span class=\"ez-toc-section\" id=\"Faehre_von_Santa_Pola_nach_Tabarca\"><\/span>F\u00e4hre von Santa Pola nach Tabarca<span class=\"ez-toc-section-end\"><\/span><\/h3>\n<p>Santa Pola hat eine direkte F\u00e4hrverbindung nach Tabarca mit einer Fahrzeit von etwa 40 Minuten. Wie bei Alicante ist es ratsam, die Fahrpl\u00e4ne zu pr\u00fcfen und im Voraus zu reservieren.<\/div><\/div>[vc_raw_html]PGRpdiBkYXRhLWd5Zy1ocmVmPSJodHRwczovL3dpZGdldC5nZXR5b3VyZ3VpZGUuY29tL2RlZmF1bHQvYWN0aXZpdGllcy5mcmFtZSIgZGF0YS1neWctbG9jYWxlLWNvZGU9ImVzLUVTIiBkYXRhLWd5Zy13aWRnZXQ9ImFjdGl2aXRpZXMiIGRhdGEtZ3lnLW51bWJlci1vZi1pdGVtcz0iMSIgZGF0YS1neWctY21wPSJJVF91cmxfZGVzZGVfamF2ZWEiIGRhdGEtZ3lnLXBhcnRuZXItaWQ9IlcxUUxHOUsiIGRhdGEtZ3lnLXE9InRhYmFyY2EiPjwvZGl2Pg==[\/vc_raw_html][\/vc_column][\/vc_row][vc_row][vc_column]<div id=\"ultimate-heading-535869de32d4108e6\" class=\"uvc-heading ult-adjust-bottom-margin ultimate-heading-535869de32d4108e6 uvc-685 \" data-hspacer=\"no_spacer\"  data-halign=\"center\" style=\"text-align:center\"><div class=\"uvc-heading-spacer no_spacer\" style=\"top\"><\/div><div class=\"uvc-main-heading ult-responsive\"  data-ultimate-target='.uvc-heading.ultimate-heading-535869de32d4108e6 h3'  data-responsive-json-new='{\"font-size\":\"\",\"line-height\":\"\"}' ><h3 style=\"font-weight:normal;\"><span class=\"ez-toc-section\" id=\"Andere_Aktivitaeten_von_Murcia_aus\"><\/span>Andere Aktivit\u00e4ten von Murcia aus<span class=\"ez-toc-section-end\"><\/span><\/h3><\/div><\/div>[vc_empty_space height=&#8220;50px&#8220;][vc_raw_html]PGRpdiBkYXRhLWd5Zy1ocmVmPSJodHRwczovL3dpZGdldC5nZXR5b3VyZ3VpZGUuY29tL2RlZmF1bHQvYWN0aXZpdGllcy5mcmFtZSIgZGF0YS1neWctbG9jYWxlLWNvZGU9ImVzLUVTIiBkYXRhLWd5Zy13aWRnZXQ9ImFjdGl2aXRpZXMiIGRhdGEtZ3lnLW51bWJlci1vZi1pdGVtcz0iMyIgZGF0YS1neWctY21wPSJJVF91cmxfZGVzZGVfbXVyY2lhIiBkYXRhLWd5Zy1wYXJ0bmVyLWlkPSJXMVFMRzlLIiBkYXRhLWd5Zy1xPSJtdXJjaWEiPjwvZGl2Pg==[\/vc_raw_html][\/vc_column][\/vc_row][vc_row][vc_column][vc_empty_space height=&#8220;50px&#8220;]<div id=\"ultimate-heading-982569de32d410946\" class=\"uvc-heading ult-adjust-bottom-margin ultimate-heading-982569de32d410946 uvc-526 \" data-hspacer=\"no_spacer\"  data-halign=\"center\" style=\"text-align:center\"><div class=\"uvc-heading-spacer no_spacer\" style=\"top\"><\/div><div class=\"uvc-main-heading ult-responsive\"  data-ultimate-target='.uvc-heading.ultimate-heading-982569de32d410946 h3'  data-responsive-json-new='{\"font-size\":\"\",\"line-height\":\"\"}' ><h3 style=\"font-weight:normal;\"><span class=\"ez-toc-section\" id=\"Tabarca_von_anderen_Zielen_aus\"><\/span>Tabarca von anderen Zielen aus:<span class=\"ez-toc-section-end\"><\/span><\/h3><\/div><\/div>[vc_empty_space height=&#8220;50px&#8220;][\/vc_column][\/vc_row][vc_row][vc_column width=&#8220;1\/3&#8243;]<div class=\"shortcode-banner shortcode-banner-link\" style=\"min-height: 150px;background-image: url(https:\/\/laisladetabarca.com\/wp-content\/uploads\/2022\/07\/benidorm.jpg)\" onclick=\"window.location.href='https:\/\/laisladetabarca.com\/como-ir\/desde-benidorm\/';\"><div class=\"shortcode-banner-bg wf-table\" style=\"padding: 10px;min-height: 150px\"><div class=\"shortcode-banner-inside wf-table text-big\" style=\"background-color: rgb(0,0,0);background-color: rgba(0,0,0,0.4);border: solid 10px transparent;outline: solid 3px;outline-color: #ffffff;height: 140px\"><div><p style=\"text-align: center;\"><span style=\"color: #ffffff;\">BENIDORM<\/span><\/p>\n<\/div><\/div><\/div><\/div><div class=\"shortcode-banner shortcode-banner-link\" style=\"min-height: 150px\" onclick=\"window.location.href='https:\/\/laisladetabarca.com\/como-ir\/desde-valencia\/';\"><div class=\"shortcode-banner-bg wf-table\" style=\"padding: 10px;min-height: 150px\"><div class=\"shortcode-banner-inside wf-table text-big\" style=\"background-color: rgb(0,0,0);background-color: rgba(0,0,0,0.4);border: solid 10px transparent;outline: solid 3px;outline-color: #ffffff;height: 140px\"><div><p style=\"text-align: center;\"><span style=\"color: #ffffff;\">VALENCIA<\/span><\/p>\n<\/div><\/div><\/div><\/div><div class=\"shortcode-banner shortcode-banner-link\" style=\"min-height: 150px;background-image: url(https:\/\/laisladetabarca.com\/wp-content\/uploads\/2024\/02\/tabarca-desde-moraira.jpg)\" onclick=\"window.location.href='http:\/\/laisladetabarca.com\/como-ir\/desde-moraira\/';\"><div class=\"shortcode-banner-bg wf-table\" style=\"padding: 10px;min-height: 150px\"><div class=\"shortcode-banner-inside wf-table text-big\" style=\"background-color: rgb(0,0,0);background-color: rgba(0,0,0,0.4);border: solid 10px transparent;outline: solid 3px;outline-color: #ffffff;height: 140px\"><div><p style=\"text-align: center;\"><span style=\"color: #ffffff;\">MORAIRA<\/span><\/p>\n<\/div><\/div><\/div><\/div>[\/vc_column][vc_column width=&#8220;1\/3&#8243;]<div class=\"shortcode-banner shortcode-banner-link\" style=\"min-height: 150px;background-image: url(https:\/\/laisladetabarca.com\/wp-content\/uploads\/2022\/07\/santa-pola.jpg)\" onclick=\"window.location.href='http:\/\/laisladetabarca.com\/como-ir\/desde-santa-pola\/';\"><div class=\"shortcode-banner-bg wf-table\" style=\"padding: 10px;min-height: 150px\"><div class=\"shortcode-banner-inside wf-table text-big\" style=\"background-color: rgb(0,0,0);background-color: rgba(0,0,0,0.4);border: solid 10px transparent;outline: solid 3px;outline-color: #ffffff;height: 140px\"><div><p style=\"text-align: center;\"><span style=\"color: #ffffff;\">SANTA POLA<\/span><\/p>\n<\/div><\/div><\/div><\/div><div class=\"shortcode-banner shortcode-banner-link\" style=\"min-height: 150px;background-image: url(https:\/\/laisladetabarca.com\/wp-content\/uploads\/2024\/02\/tabarca-desde-javea.jpg)\" onclick=\"window.location.href='http:\/\/laisladetabarca.com\/como-ir\/desde-javea\/';\"><div class=\"shortcode-banner-bg wf-table\" style=\"padding: 10px;min-height: 150px\"><div class=\"shortcode-banner-inside wf-table text-big\" style=\"background-color: rgb(0,0,0);background-color: rgba(0,0,0,0.4);border: solid 10px transparent;outline: solid 3px;outline-color: #ffffff;height: 140px\"><div><p style=\"text-align: center;\"><span style=\"color: #ffffff;\">JAVEA<\/span><\/p>\n<\/div><\/div><\/div><\/div>[\/vc_column][vc_column width=&#8220;1\/3&#8243;]<div class=\"shortcode-banner shortcode-banner-link\" style=\"min-height: 150px;background-image: url(https:\/\/laisladetabarca.com\/wp-content\/uploads\/2024\/02\/tabarca-desde-denia.jpg)\" onclick=\"window.location.href='http:\/\/laisladetabarca.com\/como-ir\/desde-denia\/';\"><div class=\"shortcode-banner-bg wf-table\" style=\"padding: 10px;min-height: 150px\"><div class=\"shortcode-banner-inside wf-table text-big\" style=\"background-color: rgb(0,0,0);background-color: rgba(0,0,0,0.4);border: solid 10px transparent;outline: solid 3px;outline-color: #ffffff;height: 140px\"><div><p style=\"text-align: center;\"><span style=\"color: #ffffff;\">DENIA<\/span><\/p>\n<\/div><\/div><\/div><\/div><div class=\"shortcode-banner shortcode-banner-link\" style=\"min-height: 150px;background-image: url(https:\/\/laisladetabarca.com\/wp-content\/uploads\/2024\/02\/tabarca-desde-altea.jpg)\" onclick=\"window.location.href='https:\/\/laisladetabarca.com\/como-ir\/desde-altea\/';\"><div class=\"shortcode-banner-bg wf-table\" style=\"padding: 10px;min-height: 150px\"><div class=\"shortcode-banner-inside wf-table text-big\" style=\"background-color: rgb(0,0,0);background-color: rgba(0,0,0,0.4);border: solid 10px transparent;outline: solid 3px;outline-color: #ffffff;height: 140px\"><div><p style=\"text-align: center;\"><span style=\"color: #ffffff;\">ALTEA<\/span><\/p>\n<\/div><\/div><\/div><\/div>[\/vc_column][\/vc_row]<\/p>\n<\/div>","protected":false},"excerpt":{"rendered":"<p>[vc_row][vc_column][vc_empty_space height=&#8220;35px&#8220;][\/vc_column][\/vc_row][vc_row][vc_column][vc_empty_space][vc_gmaps link=&#8220;#E-8_JTNDaWZyYW1lJTIwc3JjJTNEJTIyaHR0cHMlM0ElMkYlMkZ3d3cuZ29vZ2xlLmNvbSUyRm1hcHMlMkZlbWJlZCUzRnBiJTNEJTIxMW0yOCUyMTFtMTIlMjExbTMlMjExZDIwMDc3MC42MTM5NzI2NDAxJTIxMmQtMC45OTQwODIzMzQyNjU5MTM1JTIxM2QzOC4xNjI0OTAzMDcyODAyNSUyMTJtMyUyMTFmMCUyMTJmMCUyMTNmMCUyMTNtMiUyMTFpMTAyNCUyMTJpNzY4JTIxNGYxMy4xJTIxNG0xMyUyMTNlNiUyMTRtNSUyMTFzMHhkNjM4MWY4ZDU5MjhjN2YlMjUzQTB4ZDYyNzEyOWIzOGM0YWI5YSUyMTJzTXVyY2lhJTIxM20yJTIxMWQzNy45OTIyMzk5JTIxMmQtMS4xMzA2NTQ0JTIxNG01JTIxMXMweGQ2MjM1ZGEzYjlkYWI0YiUyNTNBMHgxZDdkYTg3MmFjMGI4MWUzJTIxMnNBbGljYW50ZSUyMTNtMiUyMTFkMzguMzQ1OTk2Mjk5OTk5OTk2JTIxMmQtMC40OTA2ODU1JTIxNWUwJTIxM20yJTIxMXNlcy00MTklMjEyc2VzJTIxNHYxNzA4OTQyNDU5ODg3JTIxNW0yJTIxMXNlcy00MTklMjEyc2VzJTIyJTIwd2lkdGglM0QlMjIxOTAwJTIyJTIwaGVpZ2h0JTNEJTIyNDUwJTIyJTIwc3R5bGUlM0QlMjJib3JkZXIlM0EwJTNCJTIyJTIwYWxsb3dmdWxsc2NyZWVuJTNEJTIyJTIyJTIwbG9hZGluZyUzRCUyMmxhenklMjIlMjByZWZlcnJlcnBvbGljeSUzRCUyMm5vLXJlZmVycmVyLXdoZW4tZG93bmdyYWRlJTIyJTNFJTNDJTJGaWZyYW1lJTNF&#8220;][vc_empty_space height=&#8220;35px&#8220;][vc_raw_html]PGRpdiBkYXRhLWd5Zy1ocmVmPSJodHRwczovL3dpZGdldC5nZXR5b3VyZ3VpZGUuY29tL2RlZmF1bHQvYWN0aXZpdGllcy5mcmFtZSIgZGF0YS1neWctbG9jYWxlLWNvZGU9ImVzLUVTIiBkYXRhLWd5Zy13aWRnZXQ9ImFjdGl2aXRpZXMiIGRhdGEtZ3lnLW51bWJlci1vZi1pdGVtcz0iMSIgZGF0YS1neWctY21wPSJJVF91cmxfZGVzZGVfamF2ZWEiIGRhdGEtZ3lnLXBhcnRuZXItaWQ9IlcxUUxHOUsiIGRhdGEtZ3lnLXE9InRhYmFyY2EiPjwvZGl2Pg==[\/vc_raw_html][\/vc_column][\/vc_row][vc_row][vc_column][vc_empty_space height=&#8220;50px&#8220;][vc_raw_html]PGRpdiBkYXRhLWd5Zy1ocmVmPSJodHRwczovL3dpZGdldC5nZXR5b3VyZ3VpZGUuY29tL2RlZmF1bHQvYWN0aXZpdGllcy5mcmFtZSIgZGF0YS1neWctbG9jYWxlLWNvZGU9ImVzLUVTIiBkYXRhLWd5Zy13aWRnZXQ9ImFjdGl2aXRpZXMiIGRhdGEtZ3lnLW51bWJlci1vZi1pdGVtcz0iMyIgZGF0YS1neWctY21wPSJJVF91cmxfZGVzZGVfbXVyY2lhIiBkYXRhLWd5Zy1wYXJ0bmVyLWlkPSJXMVFMRzlLIiBkYXRhLWd5Zy1xPSJtdXJjaWEiPjwvZGl2Pg==[\/vc_raw_html][\/vc_column][\/vc_row][vc_row][vc_column][vc_empty_space height=&#8220;50px&#8220;][vc_empty_space height=&#8220;50px&#8220;][\/vc_column][\/vc_row][vc_row][vc_column width=&#8220;1\/3&#8243;][\/vc_column][vc_column width=&#8220;1\/3&#8243;][\/vc_column][vc_column width=&#8220;1\/3&#8243;][\/vc_column][\/vc_row]<\/p>\n","protected":false},"author":1,"featured_media":0,"parent":2076,"menu_order":0,"comment_status":"closed","ping_status":"closed","template":"","meta":{"_joinchat":[],"footnotes":""},"class_list":["post-2093","page","type-page","status-publish","hentry","description-off"],"_links":{"self":[{"href":"https:\/\/laisladetabarca.com\/de\/wp-json\/wp\/v2\/pages\/2093","targetHints":{"allow":["GET"]}}],"collection":[{"href":"https:\/\/laisladetabarca.com\/de\/wp-json\/wp\/v2\/pages"}],"about":[{"href":"https:\/\/laisladetabarca.com\/de\/wp-json\/wp\/v2\/types\/page"}],"author":[{"embeddable":true,"href":"https:\/\/laisladetabarca.com\/de\/wp-json\/wp\/v2\/users\/1"}],"replies":[{"embeddable":true,"href":"https:\/\/laisladetabarca.com\/de\/wp-json\/wp\/v2\/comments?post=2093"}],"version-history":[{"count":0,"href":"https:\/\/laisladetabarca.com\/de\/wp-json\/wp\/v2\/pages\/2093\/revisions"}],"up":[{"embeddable":true,"href":"https:\/\/laisladetabarca.com\/de\/wp-json\/wp\/v2\/pages\/2076"}],"wp:attachment":[{"href":"https:\/\/laisladetabarca.com\/de\/wp-json\/wp\/v2\/media?parent=2093"}],"curies":[{"name":"wp","href":"https:\/\/api.w.org\/{rel}","templated":true}]}}