{"id":2081,"date":"2024-02-26T11:06:20","date_gmt":"2024-02-26T10:06:20","guid":{"rendered":"https:\/\/laisladetabarca.com\/wie-man-nach-tabarca-kommt-von\/von-altea-nach-tabarca-fahren\/"},"modified":"2026-01-29T18:23:30","modified_gmt":"2026-01-29T17:23:30","slug":"von-altea-nach-tabarca-fahren","status":"publish","type":"page","link":"https:\/\/laisladetabarca.com\/de\/wie-man-nach-tabarca-kommt-von\/von-altea-nach-tabarca-fahren\/","title":{"rendered":"Von Altea nach Tabarca fahren"},"content":{"rendered":"<div class=\"wpb-content-wrapper\"><p>[vc_row][vc_column]<div id=\"ultimate-heading-929369de33caafc72\" class=\"uvc-heading ult-adjust-bottom-margin ultimate-heading-929369de33caafc72 uvc-9326 \" data-hspacer=\"no_spacer\"  data-halign=\"left\" style=\"text-align:left\"><div class=\"uvc-heading-spacer no_spacer\" style=\"top\"><\/div><div class=\"uvc-sub-heading ult-responsive\"  data-ultimate-target='.uvc-heading.ultimate-heading-929369de33caafc72 .uvc-sub-heading '  data-responsive-json-new='{\"font-size\":\"\",\"line-height\":\"\"}'  style=\"font-weight:normal;\"><\/p>\n<p style=\"text-align: justify;\">Die Insel Tabarca mit ihrer einzigartigen Mischung aus nat\u00fcrlicher Sch\u00f6nheit und reicher Geschichte ist ein faszinierendes Ziel an der Costa Blanca. Von Altea aus ist ein Ausflug zu dieser Insel nicht nur machbar, sondern f\u00fcr Natur- und Kulturliebhaber auch sehr empfehlenswert. <\/p>\n<p><\/div><\/div>[vc_empty_space height=&#8220;35px&#8220;][\/vc_column][\/vc_row][vc_row][vc_column]<div id=\"ultimate-heading-106969de33caafcd5\" class=\"uvc-heading ult-adjust-bottom-margin ultimate-heading-106969de33caafcd5 uvc-3292 \" data-hspacer=\"no_spacer\"  data-halign=\"left\" style=\"text-align:left\"><div class=\"uvc-heading-spacer no_spacer\" style=\"top\"><\/div><div class=\"uvc-main-heading ult-responsive\"  data-ultimate-target='.uvc-heading.ultimate-heading-106969de33caafcd5 h2'  data-responsive-json-new='{\"font-size\":\"\",\"line-height\":\"\"}' ><div id=\"ez-toc-container\" class=\"ez-toc-v2_0_80 counter-hierarchy ez-toc-counter ez-toc-grey ez-toc-container-direction\">\n<div class=\"ez-toc-title-container\">\n<p class=\"ez-toc-title\" style=\"cursor:inherit\">Table of Contents<\/p>\n<span class=\"ez-toc-title-toggle\"><a href=\"#\" class=\"ez-toc-pull-right ez-toc-btn ez-toc-btn-xs ez-toc-btn-default ez-toc-toggle\" aria-label=\"Toggle Table of Content\"><span class=\"ez-toc-js-icon-con\"><span class=\"\"><span class=\"eztoc-hide\" style=\"display:none;\">Toggle<\/span><span class=\"ez-toc-icon-toggle-span\"><svg style=\"fill: #999;color:#999\" xmlns=\"http:\/\/www.w3.org\/2000\/svg\" class=\"list-377408\" width=\"20px\" height=\"20px\" viewBox=\"0 0 24 24\" fill=\"none\"><path d=\"M6 6H4v2h2V6zm14 0H8v2h12V6zM4 11h2v2H4v-2zm16 0H8v2h12v-2zM4 16h2v2H4v-2zm16 0H8v2h12v-2z\" fill=\"currentColor\"><\/path><\/svg><svg style=\"fill: #999;color:#999\" class=\"arrow-unsorted-368013\" xmlns=\"http:\/\/www.w3.org\/2000\/svg\" width=\"10px\" height=\"10px\" viewBox=\"0 0 24 24\" version=\"1.2\" baseProfile=\"tiny\"><path d=\"M18.2 9.3l-6.2-6.3-6.2 6.3c-.2.2-.3.4-.3.7s.1.5.3.7c.2.2.4.3.7.3h11c.3 0 .5-.1.7-.3.2-.2.3-.5.3-.7s-.1-.5-.3-.7zM5.8 14.7l6.2 6.3 6.2-6.3c.2-.2.3-.5.3-.7s-.1-.5-.3-.7c-.2-.2-.4-.3-.7-.3h-11c-.3 0-.5.1-.7.3-.2.2-.3.5-.3.7s.1.5.3.7z\"\/><\/svg><\/span><\/span><\/span><\/a><\/span><\/div>\n<nav><ul class='ez-toc-list ez-toc-list-level-1 ' ><li class='ez-toc-page-1 ez-toc-heading-level-2'><a class=\"ez-toc-link ez-toc-heading-1\" href=\"https:\/\/laisladetabarca.com\/de\/wie-man-nach-tabarca-kommt-von\/von-altea-nach-tabarca-fahren\/#Wie_man_von_Altea_nach_Tabarca_kommt\" >Wie man von Altea nach Tabarca kommt<\/a><\/li><li class='ez-toc-page-1 ez-toc-heading-level-2'><a class=\"ez-toc-link ez-toc-heading-2\" href=\"https:\/\/laisladetabarca.com\/de\/wie-man-nach-tabarca-kommt-von\/von-altea-nach-tabarca-fahren\/#Route_1_Altea_nach_Alicante_und_dann_mit_der_Faehre_nach_Tabarca\" >Route 1: Altea nach Alicante und dann mit der F\u00e4hre nach Tabarca<\/a><ul class='ez-toc-list-level-3' ><li class='ez-toc-heading-level-3'><a class=\"ez-toc-link ez-toc-heading-3\" href=\"https:\/\/laisladetabarca.com\/de\/wie-man-nach-tabarca-kommt-von\/von-altea-nach-tabarca-fahren\/#Autoreise_nach_Alicante\" >Autoreise nach Alicante<\/a><\/li><li class='ez-toc-page-1 ez-toc-heading-level-3'><a class=\"ez-toc-link ez-toc-heading-4\" href=\"https:\/\/laisladetabarca.com\/de\/wie-man-nach-tabarca-kommt-von\/von-altea-nach-tabarca-fahren\/#Mit_der_Faehre_in_Alicante\" >Mit der F\u00e4hre in Alicante<\/a><\/li><\/ul><\/li><li class='ez-toc-page-1 ez-toc-heading-level-2'><a class=\"ez-toc-link ez-toc-heading-5\" href=\"https:\/\/laisladetabarca.com\/de\/wie-man-nach-tabarca-kommt-von\/von-altea-nach-tabarca-fahren\/#Route_2_Altea_nach_Santa_Pola_und_dann_mit_der_Faehre_nach_Tabarca\" >Route 2: Altea nach Santa Pola und dann mit der F\u00e4hre nach Tabarca<\/a><ul class='ez-toc-list-level-3' ><li class='ez-toc-heading-level-3'><a class=\"ez-toc-link ez-toc-heading-6\" href=\"https:\/\/laisladetabarca.com\/de\/wie-man-nach-tabarca-kommt-von\/von-altea-nach-tabarca-fahren\/#Autoreise_nach_Santa_PolaEine_andere_Moeglichkeit_ist_die_Fahrt_von_Valencia_nach_Santa_Pola_ebenfalls_ueber_die_A-7_Die_Autofahrt_dauert_etwa_2_Stunden_und_20_Minuten\" >Autoreise nach Santa PolaEine andere M\u00f6glichkeit ist die Fahrt von Valencia nach Santa Pola, ebenfalls \u00fcber die A-7. Die Autofahrt dauert etwa 2 Stunden und 20 Minuten.<\/a><\/li><li class='ez-toc-page-1 ez-toc-heading-level-3'><a class=\"ez-toc-link ez-toc-heading-7\" href=\"https:\/\/laisladetabarca.com\/de\/wie-man-nach-tabarca-kommt-von\/von-altea-nach-tabarca-fahren\/#Faehre_von_Santa_Pola_nach_Tabarca\" >F\u00e4hre von Santa Pola nach Tabarca<\/a><\/li><li class='ez-toc-page-1 ez-toc-heading-level-3'><a class=\"ez-toc-link ez-toc-heading-8\" href=\"https:\/\/laisladetabarca.com\/de\/wie-man-nach-tabarca-kommt-von\/von-altea-nach-tabarca-fahren\/#Andere_Aktivitaeten_von_Altea_aus\" >Andere Aktivit\u00e4ten von Altea aus<\/a><\/li><li class='ez-toc-page-1 ez-toc-heading-level-3'><a class=\"ez-toc-link ez-toc-heading-9\" href=\"https:\/\/laisladetabarca.com\/de\/wie-man-nach-tabarca-kommt-von\/von-altea-nach-tabarca-fahren\/#Tabarca_von_anderen_Zielen_aus\" >Tabarca von anderen Zielen aus:<\/a><\/li><\/ul><\/li><\/ul><\/nav><\/div>\n<h2 style=\"font-weight:normal;\"><span class=\"ez-toc-section\" id=\"Wie_man_von_Altea_nach_Tabarca_kommt\"><\/span>Wie man von Altea nach Tabarca kommt<span class=\"ez-toc-section-end\"><\/span><\/h2><\/div><div class=\"uvc-sub-heading ult-responsive\"  data-ultimate-target='.uvc-heading.ultimate-heading-106969de33caafcd5 .uvc-sub-heading '  data-responsive-json-new='{\"font-size\":\"\",\"line-height\":\"\"}'  style=\"font-weight:normal;\">Wir bieten Ihnen die besten Routen und Tipps, um Ihre Reise von Altea nach Tabarca zu einem komfortablen und angenehmen Erlebnis zu machen.<\/div><\/div>[vc_empty_space]<div id=\"ultimate-heading-48869de33caafd4d\" class=\"uvc-heading ult-adjust-bottom-margin ultimate-heading-48869de33caafd4d uvc-2527 \" data-hspacer=\"no_spacer\"  data-halign=\"left\" style=\"text-align:left\"><div class=\"uvc-heading-spacer no_spacer\" style=\"top\"><\/div><div class=\"uvc-main-heading ult-responsive\"  data-ultimate-target='.uvc-heading.ultimate-heading-48869de33caafd4d h2'  data-responsive-json-new='{\"font-size\":\"\",\"line-height\":\"\"}' ><h2 style=\"font-weight:normal;\"><span class=\"ez-toc-section\" id=\"Route_1_Altea_nach_Alicante_und_dann_mit_der_Faehre_nach_Tabarca\"><\/span>Route 1: Altea nach Alicante und dann mit der F\u00e4hre nach Tabarca<span class=\"ez-toc-section-end\"><\/span><\/h2><\/div><div class=\"uvc-sub-heading ult-responsive\"  data-ultimate-target='.uvc-heading.ultimate-heading-48869de33caafd4d .uvc-sub-heading '  data-responsive-json-new='{\"font-size\":\"\",\"line-height\":\"\"}'  style=\"font-weight:normal;\"><\/p>\n<h3><span class=\"ez-toc-section\" id=\"Autoreise_nach_Alicante\"><\/span>Autoreise nach Alicante<span class=\"ez-toc-section-end\"><\/span><\/h3>\n<p>Der direkteste Weg von Altea nach Alicante f\u00fchrt \u00fcber die Autobahn AP-7, die kostenlos ist. Die Fahrt dauert etwa 45 Minuten und f\u00fchrt durch einige der malerischsten Landschaften der Costa Blanca. <\/p>\n<h3><span class=\"ez-toc-section\" id=\"Mit_der_Faehre_in_Alicante\"><\/span>Mit der F\u00e4hre in Alicante<span class=\"ez-toc-section-end\"><\/span><\/h3>\n<p>In Alicante angekommen, begeben Sie sich zum Hafen, um an Bord der F\u00e4hre nach Tabarca zu gehen. Die \u00dcberfahrt dauert etwa 1 Stunde und ist die perfekte Gelegenheit, um einen atemberaubenden Blick auf das Mittelmeer zu genie\u00dfen.<\/div><\/div>[vc_gmaps link=&#8220;#E-8_JTNDaWZyYW1lJTIwc3JjJTNEJTIyaHR0cHMlM0ElMkYlMkZ3d3cuZ29vZ2xlLmNvbSUyRm1hcHMlMkZlbWJlZCUzRnBiJTNEJTIxMW0yOCUyMTFtMTIlMjExbTMlMjExZDE5OTg4MC4zNzU3ODgzMDI2MyUyMTJkLTAuNDI0NTI0NTMzMDcxMzcxMTclMjEzZDM4LjQ4NDYyMjAwMjQ1NzYzNCUyMTJtMyUyMTFmMCUyMTJmMCUyMTNmMCUyMTNtMiUyMTFpMTAyNCUyMTJpNzY4JTIxNGYxMy4xJTIxNG0xMyUyMTNlNiUyMTRtNSUyMTFzMHhkNjIwMTExOWRhMzcwZjklMjUzQTB4ZDMxNDQ5ZDhjZWI4YzJhMCUyMTJzQWx0ZWElMjEzbTIlMjExZDM4LjYwMjkwNzUlMjEyZC0wLjA0NTA2NjYlMjE0bTUlMjExczB4ZDYyMzVkYTNiOWRhYjRiJTI1M0EweDFkN2RhODcyYWMwYjgxZTMlMjEyc0FsaWNhbnRlJTIxM20yJTIxMWQzOC4zNDU5OTYyOTk5OTk5OTYlMjEyZC0wLjQ5MDY4NTUlMjE1ZTAlMjEzbTIlMjExc2VzLTQxOSUyMTJzZXMlMjE0djE3MDg5NDE4OTIzNjclMjE1bTIlMjExc2VzLTQxOSUyMTJzZXMlMjIlMjB3aWR0aCUzRCUyMjgwMCUyMiUyMGhlaWdodCUzRCUyMjQ1MCUyMiUyMHN0eWxlJTNEJTIyYm9yZGVyJTNBMCUzQiUyMiUyMGFsbG93ZnVsbHNjcmVlbiUzRCUyMiUyMiUyMGxvYWRpbmclM0QlMjJsYXp5JTIyJTIwcmVmZXJyZXJwb2xpY3klM0QlMjJuby1yZWZlcnJlci13aGVuLWRvd25ncmFkZSUyMiUzRSUzQyUyRmlmcmFtZSUzRQ==&#8220;][vc_empty_space height=&#8220;35px&#8220;]<div id=\"ultimate-heading-654369de33caafdac\" class=\"uvc-heading ult-adjust-bottom-margin ultimate-heading-654369de33caafdac uvc-423 \" data-hspacer=\"no_spacer\"  data-halign=\"left\" style=\"text-align:left\"><div class=\"uvc-heading-spacer no_spacer\" style=\"top\"><\/div><div class=\"uvc-main-heading ult-responsive\"  data-ultimate-target='.uvc-heading.ultimate-heading-654369de33caafdac h2'  data-responsive-json-new='{\"font-size\":\"\",\"line-height\":\"\"}' ><h2 style=\"font-weight:normal;\"><span class=\"ez-toc-section\" id=\"Route_2_Altea_nach_Santa_Pola_und_dann_mit_der_Faehre_nach_Tabarca\"><\/span>Route 2: Altea nach Santa Pola und dann mit der F\u00e4hre nach Tabarca<span class=\"ez-toc-section-end\"><\/span><\/h2><\/div><div class=\"uvc-sub-heading ult-responsive\"  data-ultimate-target='.uvc-heading.ultimate-heading-654369de33caafdac .uvc-sub-heading '  data-responsive-json-new='{\"font-size\":\"\",\"line-height\":\"\"}'  style=\"font-weight:normal;\"><\/p>\n<h3><span class=\"ez-toc-section\" id=\"Autoreise_nach_Santa_PolaEine_andere_Moeglichkeit_ist_die_Fahrt_von_Valencia_nach_Santa_Pola_ebenfalls_ueber_die_A-7_Die_Autofahrt_dauert_etwa_2_Stunden_und_20_Minuten\"><\/span>Autoreise nach Santa PolaEine andere M\u00f6glichkeit ist die Fahrt von Valencia nach Santa Pola, ebenfalls \u00fcber die A-7. Die Autofahrt dauert etwa 2 Stunden und 20 Minuten.<span class=\"ez-toc-section-end\"><\/span><\/h3>\n<p>Wenn Sie eine alternative Route bevorzugen, k\u00f6nnen Sie von Altea nach Santa Pola fahren, ebenfalls \u00fcber die AP-7. Diese Fahrt dauert etwa 1 Stunde und 10 Minuten. <\/p>\n<h3><span class=\"ez-toc-section\" id=\"Faehre_von_Santa_Pola_nach_Tabarca\"><\/span>F\u00e4hre von Santa Pola nach Tabarca<span class=\"ez-toc-section-end\"><\/span><\/h3>\n<p>Von Santa Pola aus gibt es eine regelm\u00e4\u00dfige F\u00e4hrverbindung nach Tabarca mit einer Fahrzeit von etwa 40 Minuten. Wie bei der Strecke ab Alicante ist es ratsam, die Fahrpl\u00e4ne im Voraus zu pr\u00fcfen und ein Ticket zu buchen.<\/div><\/div>[vc_raw_html]PGRpdiBkYXRhLWd5Zy1ocmVmPSJodHRwczovL3dpZGdldC5nZXR5b3VyZ3VpZGUuY29tL2RlZmF1bHQvYWN0aXZpdGllcy5mcmFtZSIgZGF0YS1neWctbG9jYWxlLWNvZGU9ImVzLUVTIiBkYXRhLWd5Zy13aWRnZXQ9ImFjdGl2aXRpZXMiIGRhdGEtZ3lnLW51bWJlci1vZi1pdGVtcz0iMSIgZGF0YS1neWctY21wPSJJVF91cmxfZGVzZGVfamF2ZWEiIGRhdGEtZ3lnLXBhcnRuZXItaWQ9IlcxUUxHOUsiIGRhdGEtZ3lnLXE9InRhYmFyY2EiPjwvZGl2Pg==[\/vc_raw_html][\/vc_column][\/vc_row][vc_row][vc_column]<div id=\"ultimate-heading-752769de33caafe07\" class=\"uvc-heading ult-adjust-bottom-margin ultimate-heading-752769de33caafe07 uvc-6106 \" data-hspacer=\"no_spacer\"  data-halign=\"center\" style=\"text-align:center\"><div class=\"uvc-heading-spacer no_spacer\" style=\"top\"><\/div><div class=\"uvc-main-heading ult-responsive\"  data-ultimate-target='.uvc-heading.ultimate-heading-752769de33caafe07 h3'  data-responsive-json-new='{\"font-size\":\"\",\"line-height\":\"\"}' ><h3 style=\"font-weight:normal;\"><span class=\"ez-toc-section\" id=\"Andere_Aktivitaeten_von_Altea_aus\"><\/span>Andere Aktivit\u00e4ten von Altea aus<span class=\"ez-toc-section-end\"><\/span><\/h3><\/div><\/div>[vc_empty_space height=&#8220;50px&#8220;][vc_raw_html]PGRpdiBkYXRhLWd5Zy1ocmVmPSJodHRwczovL3dpZGdldC5nZXR5b3VyZ3VpZGUuY29tL2RlZmF1bHQvYWN0aXZpdGllcy5mcmFtZSIgZGF0YS1neWctbG9jYWxlLWNvZGU9ImVzLUVTIiBkYXRhLWd5Zy13aWRnZXQ9ImFjdGl2aXRpZXMiIGRhdGEtZ3lnLW51bWJlci1vZi1pdGVtcz0iMyIgZGF0YS1neWctY21wPSJJVF91cmxfZGVzZGVfQWx0ZWEiIGRhdGEtZ3lnLXBhcnRuZXItaWQ9IlcxUUxHOUsiIGRhdGEtZ3lnLXE9ImFsdGVhIj48L2Rpdj4=[\/vc_raw_html][\/vc_column][\/vc_row][vc_row][vc_column][vc_empty_space height=&#8220;50px&#8220;]<div id=\"ultimate-heading-705769de33caafe78\" class=\"uvc-heading ult-adjust-bottom-margin ultimate-heading-705769de33caafe78 uvc-1966 \" data-hspacer=\"no_spacer\"  data-halign=\"center\" style=\"text-align:center\"><div class=\"uvc-heading-spacer no_spacer\" style=\"top\"><\/div><div class=\"uvc-main-heading ult-responsive\"  data-ultimate-target='.uvc-heading.ultimate-heading-705769de33caafe78 h3'  data-responsive-json-new='{\"font-size\":\"\",\"line-height\":\"\"}' ><h3 style=\"font-weight:normal;\"><span class=\"ez-toc-section\" id=\"Tabarca_von_anderen_Zielen_aus\"><\/span>Tabarca von anderen Zielen aus:<span class=\"ez-toc-section-end\"><\/span><\/h3><\/div><\/div>[vc_empty_space height=&#8220;50px&#8220;][\/vc_column][\/vc_row][vc_row][vc_column width=&#8220;1\/3&#8243;]<div class=\"shortcode-banner shortcode-banner-link\" style=\"min-height: 150px;background-image: url(https:\/\/laisladetabarca.com\/wp-content\/uploads\/2022\/07\/benidorm.jpg)\" onclick=\"window.location.href='https:\/\/laisladetabarca.com\/como-ir\/desde-benidorm\/';\"><div class=\"shortcode-banner-bg wf-table\" style=\"padding: 10px;min-height: 150px\"><div class=\"shortcode-banner-inside wf-table text-big\" style=\"background-color: rgb(0,0,0);background-color: rgba(0,0,0,0.4);border: solid 10px transparent;outline: solid 3px;outline-color: #ffffff;height: 140px\"><div><p style=\"text-align: center;\"><span style=\"color: #ffffff;\">BENIDORM<\/span><\/p>\n<\/div><\/div><\/div><\/div><div class=\"shortcode-banner shortcode-banner-link\" style=\"min-height: 150px\" onclick=\"window.location.href='https:\/\/laisladetabarca.com\/como-ir\/desde-valencia\/';\"><div class=\"shortcode-banner-bg wf-table\" style=\"padding: 10px;min-height: 150px\"><div class=\"shortcode-banner-inside wf-table text-big\" style=\"background-color: rgb(0,0,0);background-color: rgba(0,0,0,0.4);border: solid 10px transparent;outline: solid 3px;outline-color: #ffffff;height: 140px\"><div><p style=\"text-align: center;\"><span style=\"color: #ffffff;\">VALENCIA<\/span><\/p>\n<\/div><\/div><\/div><\/div><div class=\"shortcode-banner shortcode-banner-link\" style=\"min-height: 150px;background-image: url(https:\/\/laisladetabarca.com\/wp-content\/uploads\/2024\/02\/tabarca-desde-moraira.jpg)\" onclick=\"window.location.href='http:\/\/laisladetabarca.com\/como-ir\/desde-moraira\/';\"><div class=\"shortcode-banner-bg wf-table\" style=\"padding: 10px;min-height: 150px\"><div class=\"shortcode-banner-inside wf-table text-big\" style=\"background-color: rgb(0,0,0);background-color: rgba(0,0,0,0.4);border: solid 10px transparent;outline: solid 3px;outline-color: #ffffff;height: 140px\"><div><p style=\"text-align: center;\"><span style=\"color: #ffffff;\">MORAIRA<\/span><\/p>\n<\/div><\/div><\/div><\/div>[\/vc_column][vc_column width=&#8220;1\/3&#8243;]<div class=\"shortcode-banner shortcode-banner-link\" style=\"min-height: 150px;background-image: url(https:\/\/laisladetabarca.com\/wp-content\/uploads\/2022\/07\/santa-pola.jpg)\" onclick=\"window.location.href='http:\/\/laisladetabarca.com\/como-ir\/desde-santa-pola\/';\"><div class=\"shortcode-banner-bg wf-table\" style=\"padding: 10px;min-height: 150px\"><div class=\"shortcode-banner-inside wf-table text-big\" style=\"background-color: rgb(0,0,0);background-color: rgba(0,0,0,0.4);border: solid 10px transparent;outline: solid 3px;outline-color: #ffffff;height: 140px\"><div><p style=\"text-align: center;\"><span style=\"color: #ffffff;\">SANTA POLA<\/span><\/p>\n<\/div><\/div><\/div><\/div><div class=\"shortcode-banner shortcode-banner-link\" style=\"min-height: 150px;background-image: url(https:\/\/laisladetabarca.com\/wp-content\/uploads\/2024\/02\/tabarca-desde-javea.jpg)\" onclick=\"window.location.href='http:\/\/laisladetabarca.com\/como-ir\/desde-javea\/';\"><div class=\"shortcode-banner-bg wf-table\" style=\"padding: 10px;min-height: 150px\"><div class=\"shortcode-banner-inside wf-table text-big\" style=\"background-color: rgb(0,0,0);background-color: rgba(0,0,0,0.4);border: solid 10px transparent;outline: solid 3px;outline-color: #ffffff;height: 140px\"><div><p style=\"text-align: center;\"><span style=\"color: #ffffff;\">JAVEA<\/span><\/p>\n<\/div><\/div><\/div><\/div>[\/vc_column][vc_column width=&#8220;1\/3&#8243;]<div class=\"shortcode-banner shortcode-banner-link\" style=\"min-height: 150px;background-image: url(https:\/\/laisladetabarca.com\/wp-content\/uploads\/2024\/02\/tabarca-desde-denia.jpg)\" onclick=\"window.location.href='http:\/\/laisladetabarca.com\/como-ir\/desde-denia\/';\"><div class=\"shortcode-banner-bg wf-table\" style=\"padding: 10px;min-height: 150px\"><div class=\"shortcode-banner-inside wf-table text-big\" style=\"background-color: rgb(0,0,0);background-color: rgba(0,0,0,0.4);border: solid 10px transparent;outline: solid 3px;outline-color: #ffffff;height: 140px\"><div><p style=\"text-align: center;\"><span style=\"color: #ffffff;\">DENIA<\/span><\/p>\n<\/div><\/div><\/div><\/div><div class=\"shortcode-banner shortcode-banner-link\" style=\"min-height: 150px;background-image: url(https:\/\/laisladetabarca.com\/wp-content\/uploads\/2024\/02\/tabarca-desde-murcia.jpg)\" onclick=\"window.location.href='http:\/\/laisladetabarca.com\/como-ir\/desde-murcia\/';\"><div class=\"shortcode-banner-bg wf-table\" style=\"padding: 10px;min-height: 150px\"><div class=\"shortcode-banner-inside wf-table text-big\" style=\"background-color: rgb(0,0,0);background-color: rgba(0,0,0,0.4);border: solid 10px transparent;outline: solid 3px;outline-color: #ffffff;height: 140px\"><div><p style=\"text-align: center;\"><span style=\"color: #ffffff;\">MURCIA<\/span><\/p>\n<\/div><\/div><\/div><\/div>[\/vc_column][\/vc_row]<\/p>\n<\/div>","protected":false},"excerpt":{"rendered":"<p>[vc_row][vc_column][vc_empty_space height=&#8220;35px&#8220;][\/vc_column][\/vc_row][vc_row][vc_column][vc_empty_space][vc_gmaps link=&#8220;#E-8_JTNDaWZyYW1lJTIwc3JjJTNEJTIyaHR0cHMlM0ElMkYlMkZ3d3cuZ29vZ2xlLmNvbSUyRm1hcHMlMkZlbWJlZCUzRnBiJTNEJTIxMW0yOCUyMTFtMTIlMjExbTMlMjExZDE5OTg4MC4zNzU3ODgzMDI2MyUyMTJkLTAuNDI0NTI0NTMzMDcxMzcxMTclMjEzZDM4LjQ4NDYyMjAwMjQ1NzYzNCUyMTJtMyUyMTFmMCUyMTJmMCUyMTNmMCUyMTNtMiUyMTFpMTAyNCUyMTJpNzY4JTIxNGYxMy4xJTIxNG0xMyUyMTNlNiUyMTRtNSUyMTFzMHhkNjIwMTExOWRhMzcwZjklMjUzQTB4ZDMxNDQ5ZDhjZWI4YzJhMCUyMTJzQWx0ZWElMjEzbTIlMjExZDM4LjYwMjkwNzUlMjEyZC0wLjA0NTA2NjYlMjE0bTUlMjExczB4ZDYyMzVkYTNiOWRhYjRiJTI1M0EweDFkN2RhODcyYWMwYjgxZTMlMjEyc0FsaWNhbnRlJTIxM20yJTIxMWQzOC4zNDU5OTYyOTk5OTk5OTYlMjEyZC0wLjQ5MDY4NTUlMjE1ZTAlMjEzbTIlMjExc2VzLTQxOSUyMTJzZXMlMjE0djE3MDg5NDE4OTIzNjclMjE1bTIlMjExc2VzLTQxOSUyMTJzZXMlMjIlMjB3aWR0aCUzRCUyMjgwMCUyMiUyMGhlaWdodCUzRCUyMjQ1MCUyMiUyMHN0eWxlJTNEJTIyYm9yZGVyJTNBMCUzQiUyMiUyMGFsbG93ZnVsbHNjcmVlbiUzRCUyMiUyMiUyMGxvYWRpbmclM0QlMjJsYXp5JTIyJTIwcmVmZXJyZXJwb2xpY3klM0QlMjJuby1yZWZlcnJlci13aGVuLWRvd25ncmFkZSUyMiUzRSUzQyUyRmlmcmFtZSUzRQ==&#8220;][vc_empty_space height=&#8220;35px&#8220;][vc_raw_html]PGRpdiBkYXRhLWd5Zy1ocmVmPSJodHRwczovL3dpZGdldC5nZXR5b3VyZ3VpZGUuY29tL2RlZmF1bHQvYWN0aXZpdGllcy5mcmFtZSIgZGF0YS1neWctbG9jYWxlLWNvZGU9ImVzLUVTIiBkYXRhLWd5Zy13aWRnZXQ9ImFjdGl2aXRpZXMiIGRhdGEtZ3lnLW51bWJlci1vZi1pdGVtcz0iMSIgZGF0YS1neWctY21wPSJJVF91cmxfZGVzZGVfamF2ZWEiIGRhdGEtZ3lnLXBhcnRuZXItaWQ9IlcxUUxHOUsiIGRhdGEtZ3lnLXE9InRhYmFyY2EiPjwvZGl2Pg==[\/vc_raw_html][\/vc_column][\/vc_row][vc_row][vc_column][vc_empty_space height=&#8220;50px&#8220;][vc_raw_html]PGRpdiBkYXRhLWd5Zy1ocmVmPSJodHRwczovL3dpZGdldC5nZXR5b3VyZ3VpZGUuY29tL2RlZmF1bHQvYWN0aXZpdGllcy5mcmFtZSIgZGF0YS1neWctbG9jYWxlLWNvZGU9ImVzLUVTIiBkYXRhLWd5Zy13aWRnZXQ9ImFjdGl2aXRpZXMiIGRhdGEtZ3lnLW51bWJlci1vZi1pdGVtcz0iMyIgZGF0YS1neWctY21wPSJJVF91cmxfZGVzZGVfQWx0ZWEiIGRhdGEtZ3lnLXBhcnRuZXItaWQ9IlcxUUxHOUsiIGRhdGEtZ3lnLXE9ImFsdGVhIj48L2Rpdj4=[\/vc_raw_html][\/vc_column][\/vc_row][vc_row][vc_column][vc_empty_space height=&#8220;50px&#8220;][vc_empty_space height=&#8220;50px&#8220;][\/vc_column][\/vc_row][vc_row][vc_column width=&#8220;1\/3&#8243;][\/vc_column][vc_column width=&#8220;1\/3&#8243;][\/vc_column][vc_column width=&#8220;1\/3&#8243;][\/vc_column][\/vc_row]<\/p>\n","protected":false},"author":1,"featured_media":0,"parent":2076,"menu_order":0,"comment_status":"closed","ping_status":"closed","template":"","meta":{"_joinchat":[],"footnotes":""},"class_list":["post-2081","page","type-page","status-publish","hentry","description-off"],"_links":{"self":[{"href":"https:\/\/laisladetabarca.com\/de\/wp-json\/wp\/v2\/pages\/2081","targetHints":{"allow":["GET"]}}],"collection":[{"href":"https:\/\/laisladetabarca.com\/de\/wp-json\/wp\/v2\/pages"}],"about":[{"href":"https:\/\/laisladetabarca.com\/de\/wp-json\/wp\/v2\/types\/page"}],"author":[{"embeddable":true,"href":"https:\/\/laisladetabarca.com\/de\/wp-json\/wp\/v2\/users\/1"}],"replies":[{"embeddable":true,"href":"https:\/\/laisladetabarca.com\/de\/wp-json\/wp\/v2\/comments?post=2081"}],"version-history":[{"count":0,"href":"https:\/\/laisladetabarca.com\/de\/wp-json\/wp\/v2\/pages\/2081\/revisions"}],"up":[{"embeddable":true,"href":"https:\/\/laisladetabarca.com\/de\/wp-json\/wp\/v2\/pages\/2076"}],"wp:attachment":[{"href":"https:\/\/laisladetabarca.com\/de\/wp-json\/wp\/v2\/media?parent=2081"}],"curies":[{"name":"wp","href":"https:\/\/api.w.org\/{rel}","templated":true}]}}