{"id":2078,"date":"2022-08-19T10:38:19","date_gmt":"2022-08-19T09:38:19","guid":{"rendered":"https:\/\/laisladetabarca.com\/wie-man-nach-tabarca-kommt-von\/von-alicante-nach-tabarca-fahren\/"},"modified":"2026-01-29T18:20:25","modified_gmt":"2026-01-29T17:20:25","slug":"von-alicante-nach-tabarca-fahren","status":"publish","type":"page","link":"https:\/\/laisladetabarca.com\/de\/wie-man-nach-tabarca-kommt-von\/von-alicante-nach-tabarca-fahren\/","title":{"rendered":"Von Alicante nach Tabarca fahren"},"content":{"rendered":"<div class=\"wpb-content-wrapper\"><p>[vc_row][vc_column]<div id=\"ultimate-heading-776969de32a6152c5\" class=\"uvc-heading ult-adjust-bottom-margin ultimate-heading-776969de32a6152c5 uvc-8963 \" data-hspacer=\"no_spacer\"  data-halign=\"left\" style=\"text-align:left\"><div class=\"uvc-heading-spacer no_spacer\" style=\"top\"><\/div><div class=\"uvc-sub-heading ult-responsive\"  data-ultimate-target='.uvc-heading.ultimate-heading-776969de32a6152c5 .uvc-sub-heading '  data-responsive-json-new='{\"font-size\":\"\",\"line-height\":\"\"}'  style=\"font-weight:normal;\"><\/p>\n<p style=\"text-align: justify;\"><span style=\"font-weight: 400;\">Es gibt mehrere M\u00f6glichkeiten, nach Tabarca zu fahren, und eine der bekanntesten ist, von Alicante aus nach Tabarca zu fahren. Wir m\u00fcssen ber\u00fccksichtigen, dass Tabarca ist eine Insel und daher kann es nur vom Meer aus zugegriffen werden. Daher besteht die einzige M\u00f6glichkeit darin, mit der F\u00e4hre von Alicante nach Tabarca zu fahren.   <\/span><\/p>\n<p><\/div><\/div>[vc_empty_space height=&#8220;35px&#8220;][\/vc_column][\/vc_row][vc_row][vc_column]<div id=\"ultimate-heading-526769de32a61532b\" class=\"uvc-heading ult-adjust-bottom-margin ultimate-heading-526769de32a61532b uvc-7322 \" data-hspacer=\"no_spacer\"  data-halign=\"left\" style=\"text-align:left\"><div class=\"uvc-heading-spacer no_spacer\" style=\"top\"><\/div><div class=\"uvc-main-heading ult-responsive\"  data-ultimate-target='.uvc-heading.ultimate-heading-526769de32a61532b h2'  data-responsive-json-new='{\"font-size\":\"\",\"line-height\":\"\"}' ><div id=\"ez-toc-container\" class=\"ez-toc-v2_0_80 counter-hierarchy ez-toc-counter ez-toc-grey ez-toc-container-direction\">\n<div class=\"ez-toc-title-container\">\n<p class=\"ez-toc-title\" style=\"cursor:inherit\">Table of Contents<\/p>\n<span class=\"ez-toc-title-toggle\"><a href=\"#\" class=\"ez-toc-pull-right ez-toc-btn ez-toc-btn-xs ez-toc-btn-default ez-toc-toggle\" aria-label=\"Toggle Table of Content\"><span class=\"ez-toc-js-icon-con\"><span class=\"\"><span class=\"eztoc-hide\" style=\"display:none;\">Toggle<\/span><span class=\"ez-toc-icon-toggle-span\"><svg style=\"fill: #999;color:#999\" xmlns=\"http:\/\/www.w3.org\/2000\/svg\" class=\"list-377408\" width=\"20px\" height=\"20px\" viewBox=\"0 0 24 24\" fill=\"none\"><path d=\"M6 6H4v2h2V6zm14 0H8v2h12V6zM4 11h2v2H4v-2zm16 0H8v2h12v-2zM4 16h2v2H4v-2zm16 0H8v2h12v-2z\" fill=\"currentColor\"><\/path><\/svg><svg style=\"fill: #999;color:#999\" class=\"arrow-unsorted-368013\" xmlns=\"http:\/\/www.w3.org\/2000\/svg\" width=\"10px\" height=\"10px\" viewBox=\"0 0 24 24\" version=\"1.2\" baseProfile=\"tiny\"><path d=\"M18.2 9.3l-6.2-6.3-6.2 6.3c-.2.2-.3.4-.3.7s.1.5.3.7c.2.2.4.3.7.3h11c.3 0 .5-.1.7-.3.2-.2.3-.5.3-.7s-.1-.5-.3-.7zM5.8 14.7l6.2 6.3 6.2-6.3c.2-.2.3-.5.3-.7s-.1-.5-.3-.7c-.2-.2-.4-.3-.7-.3h-11c-.3 0-.5.1-.7.3-.2.2-.3.5-.3.7s.1.5.3.7z\"\/><\/svg><\/span><\/span><\/span><\/a><\/span><\/div>\n<nav><ul class='ez-toc-list ez-toc-list-level-1 ' ><li class='ez-toc-page-1 ez-toc-heading-level-2'><a class=\"ez-toc-link ez-toc-heading-1\" href=\"https:\/\/laisladetabarca.com\/de\/wie-man-nach-tabarca-kommt-von\/von-alicante-nach-tabarca-fahren\/#Fahren_Sie_von_Alicante_aus_mit_dem_Auto_nach_Tabarca\" >Fahren Sie von Alicante aus mit dem Auto nach Tabarca.<\/a><\/li><li class='ez-toc-page-1 ez-toc-heading-level-2'><a class=\"ez-toc-link ez-toc-heading-2\" href=\"https:\/\/laisladetabarca.com\/de\/wie-man-nach-tabarca-kommt-von\/von-alicante-nach-tabarca-fahren\/#Mit_dem_Boot_von_Alicante_nach_Tabarca\" >Mit dem Boot von Alicante nach Tabarca<\/a><\/li><li class='ez-toc-page-1 ez-toc-heading-level-2'><a class=\"ez-toc-link ez-toc-heading-3\" href=\"https:\/\/laisladetabarca.com\/de\/wie-man-nach-tabarca-kommt-von\/von-alicante-nach-tabarca-fahren\/#Mit_oeffentlichen_Verkehrsmitteln_nach_Tabarca\" >Mit \u00f6ffentlichen Verkehrsmitteln nach Tabarca<\/a><ul class='ez-toc-list-level-3' ><li class='ez-toc-heading-level-3'><a class=\"ez-toc-link ez-toc-heading-4\" href=\"https:\/\/laisladetabarca.com\/de\/wie-man-nach-tabarca-kommt-von\/von-alicante-nach-tabarca-fahren\/#Tabarca_von_anderen_Zielen_aus\" >Tabarca von anderen Zielen aus:<\/a><\/li><\/ul><\/li><\/ul><\/nav><\/div>\n<h2 style=\"font-weight:normal;\"><span class=\"ez-toc-section\" id=\"Fahren_Sie_von_Alicante_aus_mit_dem_Auto_nach_Tabarca\"><\/span>Fahren Sie von Alicante aus mit dem Auto nach Tabarca.<span class=\"ez-toc-section-end\"><\/span><\/h2><\/div><div class=\"uvc-sub-heading ult-responsive\"  data-ultimate-target='.uvc-heading.ultimate-heading-526769de32a61532b .uvc-sub-heading '  data-responsive-json-new='{\"font-size\":\"\",\"line-height\":\"\"}'  style=\"font-weight:normal;\"><span style=\"font-weight: 400;\">Wenn Sie sich fragen, ob Sie von Alicante aus mit dem Auto nach Tabarca fahren k\u00f6nnen, muss ich Ihnen sagen, dass dies nicht m\u00f6glich ist, da Tabarca eine kleine Insel ist, die keine Autos oder Motorr\u00e4der zul\u00e4sst, so dass es kein Schiff gibt, auf dem Sie Ihr Auto mitnehmen k\u00f6nnen. Die einzige M\u00f6glichkeit ist, zum Hafen von Alicante zu fahren und die F\u00e4hre zu nehmen, die Sie direkt von Alicante nach Tabarca bringt. <\/span><\/p>\n<p><span style=\"font-weight: 400;\">Wenn Sie Tabarca zu 100 % genie\u00dfen m\u00f6chten, ist der Ausflug, den ich Ihnen unten empfehle, die beste Option, denn dort erfahren Sie alle Geheimnisse, die die ber\u00fchmte Insel Tabarca umgeben.<\/span><\/div><\/div>[vc_empty_space][vc_raw_html]PGRpdiBzdHlsZT0idGV4dC1hbGlnbjpjZW50ZXI7Ij48c2NyaXB0PmZ1bmN0aW9uIGxvYWRTY3JpcHQodXJsLCBjYWxsYmFjayl7dmFyIHNjcmlwdD1kb2N1bWVudC5jcmVhdGVFbGVtZW50KCdzY3JpcHQnKTsgc2NyaXB0LnR5cGU9J3RleHQvamF2YXNjcmlwdCc7IGlmIChzY3JpcHQucmVhZHlTdGF0ZSl7c2NyaXB0Lm9ucmVhZHlzdGF0ZWNoYW5nZT1mdW5jdGlvbigpe2lmIChzY3JpcHQucmVhZHlTdGF0ZT09J2xvYWRlZCcgfHwgc2NyaXB0LnJlYWR5U3RhdGU9PSdjb21wbGV0ZScpe3NjcmlwdC5vbnJlYWR5c3RhdGVjaGFuZ2U9bnVsbDsgY2FsbGJhY2soKTt9fTt9ZWxzZXtzY3JpcHQub25sb2FkPWZ1bmN0aW9uKCl7Y2FsbGJhY2soKTt9O31zY3JpcHQuc3JjPXVybDsgZG9jdW1lbnQuZ2V0RWxlbWVudHNCeVRhZ05hbWUoJ2hlYWQnKVswXS5hcHBlbmRDaGlsZChzY3JpcHQpO31sb2FkU2NyaXB0KCdodHRwczovL3d3dy5jaXZpdGF0aXMuY29tL2YvanMvdmVuZG9yL2lmcmFtZVJlc2l6ZXIubWluLmpzJywgZnVuY3Rpb24oKXtpRnJhbWVSZXNpemUoe2NoZWNrT3JpZ2luOmZhbHNlLGluaXRDYWxsYmFjazpmdW5jdGlvbihpZnJhbWUpe3NldFRpbWVvdXQoZnVuY3Rpb24oKXt2YXIgcmVzaXplRXZlbnQgPSB3aW5kb3cuZG9jdW1lbnQuY3JlYXRlRXZlbnQoJ1VJRXZlbnRzJyk7IHJlc2l6ZUV2ZW50LmluaXRVSUV2ZW50KCdyZXNpemUnLCB0cnVlLCBmYWxzZSwgd2luZG93LCAwKTsgaWZyYW1lLmRpc3BhdGNoRXZlbnQocmVzaXplRXZlbnQpO30pO319KX0pPC9zY3JpcHQ+PGlmcmFtZSBjbGFzcz0iY2l2aXRhdGlzLWlmcmFtZSIgc3JjPSJodHRwczovL3d3dy5jaXZpdGF0aXMuY29tL3dpZGdldC1hY3Rpdml0aWVzLz9hZmZpbGlhdGVkPTEyNDk0JmFtcDtkaXNwbGF5PWNvbWZvcnQmYW1wO2NhbnQ9MSZhbXA7bGFuZz1lcyZhbXA7Y3VycmVuY3k9RVVSJmFtcDtkZXN0aW5hdGlvbj05NSZhbXA7YWN0aXZpdGllcz0xMTEwMjcmYW1wO3RyYW5zZmVyPTAmYW1wO2NtcD1JVF91cmxfZGVzZGVfYWxpY2FudGUmYW1wO3dpZHRoPTEwMCUmYW1wO2hpZGVCdXR0b249MSZhbXA7Y2VudGVyQ29udGVudD0xJmFtcDt0eXBlU2VsZWN0aW9uPW1hbnVhbCZhbXA7Y29sb3I9ZjcwNzU5JmFtcDt0eXBvZ3JhcGh5PU1vbnRzZXJyYXQmYW1wO3JlbW92ZUJhY2tncm91bmQ9MSZhbXA7c2hvd1NoYWRvdz0xJmFtcDtyb3VuZGVkQnV0dG9ucz0xIiB3aWR0aD0iMTAwJSIgZnJhbWVib3JkZXI9IjAiIGRhdGEtbWF4d2lkdGg9IjEwMCUiIHN0eWxlPSJtYXgtd2lkdGg6IDEwMCUiPjwvaWZyYW1lPjwvZGl2Pgo=[\/vc_raw_html]<div id=\"ultimate-heading-228769de32a6153ac\" class=\"uvc-heading ult-adjust-bottom-margin ultimate-heading-228769de32a6153ac uvc-4453 \" data-hspacer=\"no_spacer\"  data-halign=\"left\" style=\"text-align:left\"><div class=\"uvc-heading-spacer no_spacer\" style=\"top\"><\/div><div class=\"uvc-main-heading ult-responsive\"  data-ultimate-target='.uvc-heading.ultimate-heading-228769de32a6153ac h2'  data-responsive-json-new='{\"font-size\":\"\",\"line-height\":\"\"}' ><h2 style=\"font-weight:normal;\"><span class=\"ez-toc-section\" id=\"Mit_dem_Boot_von_Alicante_nach_Tabarca\"><\/span>Mit dem Boot von Alicante nach Tabarca<span class=\"ez-toc-section-end\"><\/span><\/h2><\/div><div class=\"uvc-sub-heading ult-responsive\"  data-ultimate-target='.uvc-heading.ultimate-heading-228769de32a6153ac .uvc-sub-heading '  data-responsive-json-new='{\"font-size\":\"\",\"line-height\":\"\"}'  style=\"font-weight:normal;\"><\/p>\n<p style=\"text-align: justify;\"><span style=\"font-weight: 400;\">Die einzige und beste M\u00f6glichkeit, von Alicante nach Tabarca zu gelangen, ist mit dem Boot. Sie haben die M\u00f6glichkeit, ein Boot zu mieten oder zu besitzen und so mit dem Boot auf die Insel Tabarca selbst zu fahren, oder die kosteng\u00fcnstigste Variante, mit der \u00f6ffentlichen F\u00e4hre zu fahren. Die Fahrt mit der F\u00e4hre dauert etwa 50 Minuten. Sie f\u00e4hrt vom Hafen von Alicante ab und es gibt mehrere Abfahrten pro Tag. Sie haben auch einen Unterwasserblick, der spektakul\u00e4r ist.    <\/span><\/p>\n<p style=\"text-align: justify;\"><span style=\"font-weight: 400;\">Hier ist die am h\u00e4ufigsten verwendete und die bequemste f\u00fcr diesen Zweck.<\/span><\/p>\n<p><\/div><\/div>[vc_raw_html]PGRpdiBzdHlsZT0idGV4dC1hbGlnbjpjZW50ZXI7Ij48c2NyaXB0PmZ1bmN0aW9uIGxvYWRTY3JpcHQodXJsLCBjYWxsYmFjayl7dmFyIHNjcmlwdD1kb2N1bWVudC5jcmVhdGVFbGVtZW50KCdzY3JpcHQnKTsgc2NyaXB0LnR5cGU9J3RleHQvamF2YXNjcmlwdCc7IGlmIChzY3JpcHQucmVhZHlTdGF0ZSl7c2NyaXB0Lm9ucmVhZHlzdGF0ZWNoYW5nZT1mdW5jdGlvbigpe2lmIChzY3JpcHQucmVhZHlTdGF0ZT09J2xvYWRlZCcgfHwgc2NyaXB0LnJlYWR5U3RhdGU9PSdjb21wbGV0ZScpe3NjcmlwdC5vbnJlYWR5c3RhdGVjaGFuZ2U9bnVsbDsgY2FsbGJhY2soKTt9fTt9ZWxzZXtzY3JpcHQub25sb2FkPWZ1bmN0aW9uKCl7Y2FsbGJhY2soKTt9O31zY3JpcHQuc3JjPXVybDsgZG9jdW1lbnQuZ2V0RWxlbWVudHNCeVRhZ05hbWUoJ2hlYWQnKVswXS5hcHBlbmRDaGlsZChzY3JpcHQpO31sb2FkU2NyaXB0KCdodHRwczovL3d3dy5jaXZpdGF0aXMuY29tL2YvanMvdmVuZG9yL2lmcmFtZVJlc2l6ZXIubWluLmpzJywgZnVuY3Rpb24oKXtpRnJhbWVSZXNpemUoe2NoZWNrT3JpZ2luOmZhbHNlLGluaXRDYWxsYmFjazpmdW5jdGlvbihpZnJhbWUpe3NldFRpbWVvdXQoZnVuY3Rpb24oKXt2YXIgcmVzaXplRXZlbnQgPSB3aW5kb3cuZG9jdW1lbnQuY3JlYXRlRXZlbnQoJ1VJRXZlbnRzJyk7IHJlc2l6ZUV2ZW50LmluaXRVSUV2ZW50KCdyZXNpemUnLCB0cnVlLCBmYWxzZSwgd2luZG93LCAwKTsgaWZyYW1lLmRpc3BhdGNoRXZlbnQocmVzaXplRXZlbnQpO30pO319KX0pPC9zY3JpcHQ+PGlmcmFtZSBjbGFzcz0iY2l2aXRhdGlzLWlmcmFtZSIgc3JjPSJodHRwczovL3d3dy5jaXZpdGF0aXMuY29tL3dpZGdldC1hY3Rpdml0aWVzLz9hZmZpbGlhdGVkPTEyNDk0JmFtcDtkaXNwbGF5PWNvbWZvcnQmYW1wO2NhbnQ9MSZhbXA7bGFuZz1lcyZhbXA7Y3VycmVuY3k9RVVSJmFtcDtkZXN0aW5hdGlvbj05NSZhbXA7YWN0aXZpdGllcz0xNDg5OTYmYW1wO3RyYW5zZmVyPTAmYW1wO2NtcD1JVF91cmxfZGVzZGVfYWxpY2FudGUmYW1wO3dpZHRoPTEwMCUmYW1wO2hpZGVCdXR0b249MSZhbXA7Y2VudGVyQ29udGVudD0xJmFtcDt0eXBlU2VsZWN0aW9uPW1hbnVhbCZhbXA7Y29sb3I9ZjcwNzU5JmFtcDt0eXBvZ3JhcGh5PU1vbnRzZXJyYXQmYW1wO3JlbW92ZUJhY2tncm91bmQ9MSZhbXA7c2hvd1NoYWRvdz0xJmFtcDtyb3VuZGVkQnV0dG9ucz0xIiB3aWR0aD0iMTAwJSIgZnJhbWVib3JkZXI9IjAiIGRhdGEtbWF4d2lkdGg9IjEwMCUiIHN0eWxlPSJtYXgtd2lkdGg6IDEwMCUiPjwvaWZyYW1lPjwvZGl2Pg==[\/vc_raw_html][vc_empty_space height=&#8220;35px&#8220;][vc_video link=&#8220;https:\/\/www.youtube.com\/watch?v=CGN0RiUN28w&#8220; align=&#8220;center&#8220;]<div id=\"ultimate-heading-724969de32a615407\" class=\"uvc-heading ult-adjust-bottom-margin ultimate-heading-724969de32a615407 uvc-6475 \" data-hspacer=\"no_spacer\"  data-halign=\"left\" style=\"text-align:left\"><div class=\"uvc-heading-spacer no_spacer\" style=\"top\"><\/div><div class=\"uvc-main-heading ult-responsive\"  data-ultimate-target='.uvc-heading.ultimate-heading-724969de32a615407 h2'  data-responsive-json-new='{\"font-size\":\"\",\"line-height\":\"\"}' ><h2 style=\"font-weight:normal;\"><span class=\"ez-toc-section\" id=\"Mit_oeffentlichen_Verkehrsmitteln_nach_Tabarca\"><\/span>Mit \u00f6ffentlichen Verkehrsmitteln nach Tabarca<span class=\"ez-toc-section-end\"><\/span><\/h2><\/div><div class=\"uvc-sub-heading ult-responsive\"  data-ultimate-target='.uvc-heading.ultimate-heading-724969de32a615407 .uvc-sub-heading '  data-responsive-json-new='{\"font-size\":\"\",\"line-height\":\"\"}'  style=\"font-weight:normal;\"><\/p>\n<p style=\"text-align: justify;\"><span style=\"font-weight: 400;\">Wenn Sie daran denken, mit \u00f6ffentlichen Verkehrsmitteln nach Tabarca zu fahren, sollten Sie wissen, dass das einzige \u00f6ffentliche Verkehrsmittel, das nach Tabarca f\u00e4hrt, die t\u00e4gliche F\u00e4hre ist. Dies ist die einzige M\u00f6glichkeit, mit \u00f6ffentlichen Verkehrsmitteln nach Tabarca zu gelangen. <\/span><\/p>\n<p><\/div><\/div>[vc_raw_html]PGRpdiBzdHlsZT0idGV4dC1hbGlnbjpjZW50ZXI7Ij48c2NyaXB0PmZ1bmN0aW9uIGxvYWRTY3JpcHQodXJsLCBjYWxsYmFjayl7dmFyIHNjcmlwdD1kb2N1bWVudC5jcmVhdGVFbGVtZW50KCdzY3JpcHQnKTsgc2NyaXB0LnR5cGU9J3RleHQvamF2YXNjcmlwdCc7IGlmIChzY3JpcHQucmVhZHlTdGF0ZSl7c2NyaXB0Lm9ucmVhZHlzdGF0ZWNoYW5nZT1mdW5jdGlvbigpe2lmIChzY3JpcHQucmVhZHlTdGF0ZT09J2xvYWRlZCcgfHwgc2NyaXB0LnJlYWR5U3RhdGU9PSdjb21wbGV0ZScpe3NjcmlwdC5vbnJlYWR5c3RhdGVjaGFuZ2U9bnVsbDsgY2FsbGJhY2soKTt9fTt9ZWxzZXtzY3JpcHQub25sb2FkPWZ1bmN0aW9uKCl7Y2FsbGJhY2soKTt9O31zY3JpcHQuc3JjPXVybDsgZG9jdW1lbnQuZ2V0RWxlbWVudHNCeVRhZ05hbWUoJ2hlYWQnKVswXS5hcHBlbmRDaGlsZChzY3JpcHQpO31sb2FkU2NyaXB0KCdodHRwczovL3d3dy5jaXZpdGF0aXMuY29tL2YvanMvdmVuZG9yL2lmcmFtZVJlc2l6ZXIubWluLmpzJywgZnVuY3Rpb24oKXtpRnJhbWVSZXNpemUoe2NoZWNrT3JpZ2luOmZhbHNlLGluaXRDYWxsYmFjazpmdW5jdGlvbihpZnJhbWUpe3NldFRpbWVvdXQoZnVuY3Rpb24oKXt2YXIgcmVzaXplRXZlbnQgPSB3aW5kb3cuZG9jdW1lbnQuY3JlYXRlRXZlbnQoJ1VJRXZlbnRzJyk7IHJlc2l6ZUV2ZW50LmluaXRVSUV2ZW50KCdyZXNpemUnLCB0cnVlLCBmYWxzZSwgd2luZG93LCAwKTsgaWZyYW1lLmRpc3BhdGNoRXZlbnQocmVzaXplRXZlbnQpO30pO319KX0pPC9zY3JpcHQ+PGlmcmFtZSBjbGFzcz0iY2l2aXRhdGlzLWlmcmFtZSIgc3JjPSJodHRwczovL3d3dy5jaXZpdGF0aXMuY29tL3dpZGdldC1hY3Rpdml0aWVzLz9hZmZpbGlhdGVkPTEyNDk0JmFtcDtkaXNwbGF5PWNvbWZvcnQmYW1wO2NhbnQ9MSZhbXA7bGFuZz1lcyZhbXA7Y3VycmVuY3k9RVVSJmFtcDtkZXN0aW5hdGlvbj05NSZhbXA7YWN0aXZpdGllcz0xMDE5NTgmYW1wO3RyYW5zZmVyPTAmYW1wO2NtcD1JVF91cmxfZGVzZGVfYWxpY2FudGUmYW1wO3dpZHRoPTEwMCUmYW1wO2hpZGVCdXR0b249MSZhbXA7Y2VudGVyQ29udGVudD0xJmFtcDt0eXBlU2VsZWN0aW9uPW1hbnVhbCZhbXA7Y29sb3I9ZjcwNzU5JmFtcDt0eXBvZ3JhcGh5PU1vbnRzZXJyYXQmYW1wO3JlbW92ZUJhY2tncm91bmQ9MSZhbXA7c2hvd1NoYWRvdz0xJmFtcDtyb3VuZGVkQnV0dG9ucz0xIiB3aWR0aD0iMTAwJSIgZnJhbWVib3JkZXI9IjAiIGRhdGEtbWF4d2lkdGg9IjEwMCUiIHN0eWxlPSJtYXgtd2lkdGg6IDEwMCUiPjwvaWZyYW1lPjwvZGl2Pg==[\/vc_raw_html][\/vc_column][\/vc_row][vc_row][vc_column][vc_empty_space height=&#8220;50px&#8220;]<div id=\"ultimate-heading-758269de32a61545d\" class=\"uvc-heading ult-adjust-bottom-margin ultimate-heading-758269de32a61545d uvc-7969 \" data-hspacer=\"no_spacer\"  data-halign=\"center\" style=\"text-align:center\"><div class=\"uvc-heading-spacer no_spacer\" style=\"top\"><\/div><div class=\"uvc-main-heading ult-responsive\"  data-ultimate-target='.uvc-heading.ultimate-heading-758269de32a61545d h3'  data-responsive-json-new='{\"font-size\":\"\",\"line-height\":\"\"}' ><h3 style=\"font-weight:normal;\"><span class=\"ez-toc-section\" id=\"Tabarca_von_anderen_Zielen_aus\"><\/span>Tabarca von anderen Zielen aus:<span class=\"ez-toc-section-end\"><\/span><\/h3><\/div><\/div>[vc_empty_space height=&#8220;30px&#8220;][\/vc_column][\/vc_row][vc_row][vc_column width=&#8220;1\/3&#8243;]<div class=\"shortcode-banner shortcode-banner-link\" style=\"min-height: 150px;background-image: url(https:\/\/laisladetabarca.com\/wp-content\/uploads\/2022\/07\/benidorm.jpg)\" onclick=\"window.location.href='https:\/\/laisladetabarca.com\/como-ir\/desde-benidorm\/';\"><div class=\"shortcode-banner-bg wf-table\" style=\"padding: 10px;min-height: 150px\"><div class=\"shortcode-banner-inside wf-table text-big\" style=\"background-color: rgb(0,0,0);background-color: rgba(0,0,0,0.4);border: solid 10px transparent;outline: solid 3px;outline-color: #ffffff;height: 140px\"><div><p style=\"text-align: center;\"><span style=\"color: #ffffff;\">BENIDORM<\/span><\/p>\n<\/div><\/div><\/div><\/div>[\/vc_column][vc_column width=&#8220;1\/3&#8243;]<div class=\"shortcode-banner shortcode-banner-link\" style=\"min-height: 150px;background-image: url(https:\/\/laisladetabarca.com\/wp-content\/uploads\/2022\/07\/santa-pola.jpg)\" onclick=\"window.location.href='http:\/\/laisladetabarca.com\/como-ir\/desde-santa-pola\/';\"><div class=\"shortcode-banner-bg wf-table\" style=\"padding: 10px;min-height: 150px\"><div class=\"shortcode-banner-inside wf-table text-big\" style=\"background-color: rgb(0,0,0);background-color: rgba(0,0,0,0.4);border: solid 10px transparent;outline: solid 3px;outline-color: #ffffff;height: 140px\"><div><p style=\"text-align: center;\"><span style=\"color: #ffffff;\">SANTA POLA<\/span><\/p>\n<\/div><\/div><\/div><\/div>[\/vc_column][vc_column width=&#8220;1\/3&#8243;]<div class=\"shortcode-banner shortcode-banner-link\" style=\"min-height: 150px;background-image: url(https:\/\/laisladetabarca.com\/wp-content\/uploads\/2022\/07\/torreiveja.jpg)\" onclick=\"window.location.href='http:\/\/laisladetabarca.com\/como-ir\/desde-torrevieja\/';\"><div class=\"shortcode-banner-bg wf-table\" style=\"padding: 10px;min-height: 150px\"><div class=\"shortcode-banner-inside wf-table text-big\" style=\"background-color: rgb(0,0,0);background-color: rgba(0,0,0,0.4);border: solid 10px transparent;outline: solid 3px;outline-color: #ffffff;height: 140px\"><div><p style=\"text-align: center;\"><span style=\"color: #ffffff;\">TORREVIEJA<\/span><\/p>\n<\/div><\/div><\/div><\/div>[\/vc_column][\/vc_row]<\/p>\n<\/div>","protected":false},"excerpt":{"rendered":"<p>[vc_row][vc_column][vc_empty_space height=&#8220;35px&#8220;][\/vc_column][\/vc_row][vc_row][vc_column][vc_empty_space][vc_raw_html]PGRpdiBzdHlsZT0idGV4dC1hbGlnbjpjZW50ZXI7Ij48c2NyaXB0PmZ1bmN0aW9uIGxvYWRTY3JpcHQodXJsLCBjYWxsYmFjayl7dmFyIHNjcmlwdD1kb2N1bWVudC5jcmVhdGVFbGVtZW50KCdzY3JpcHQnKTsgc2NyaXB0LnR5cGU9J3RleHQvamF2YXNjcmlwdCc7IGlmIChzY3JpcHQucmVhZHlTdGF0ZSl7c2NyaXB0Lm9ucmVhZHlzdGF0ZWNoYW5nZT1mdW5jdGlvbigpe2lmIChzY3JpcHQucmVhZHlTdGF0ZT09J2xvYWRlZCcgfHwgc2NyaXB0LnJlYWR5U3RhdGU9PSdjb21wbGV0ZScpe3NjcmlwdC5vbnJlYWR5c3RhdGVjaGFuZ2U9bnVsbDsgY2FsbGJhY2soKTt9fTt9ZWxzZXtzY3JpcHQub25sb2FkPWZ1bmN0aW9uKCl7Y2FsbGJhY2soKTt9O31zY3JpcHQuc3JjPXVybDsgZG9jdW1lbnQuZ2V0RWxlbWVudHNCeVRhZ05hbWUoJ2hlYWQnKVswXS5hcHBlbmRDaGlsZChzY3JpcHQpO31sb2FkU2NyaXB0KCdodHRwczovL3d3dy5jaXZpdGF0aXMuY29tL2YvanMvdmVuZG9yL2lmcmFtZVJlc2l6ZXIubWluLmpzJywgZnVuY3Rpb24oKXtpRnJhbWVSZXNpemUoe2NoZWNrT3JpZ2luOmZhbHNlLGluaXRDYWxsYmFjazpmdW5jdGlvbihpZnJhbWUpe3NldFRpbWVvdXQoZnVuY3Rpb24oKXt2YXIgcmVzaXplRXZlbnQgPSB3aW5kb3cuZG9jdW1lbnQuY3JlYXRlRXZlbnQoJ1VJRXZlbnRzJyk7IHJlc2l6ZUV2ZW50LmluaXRVSUV2ZW50KCdyZXNpemUnLCB0cnVlLCBmYWxzZSwgd2luZG93LCAwKTsgaWZyYW1lLmRpc3BhdGNoRXZlbnQocmVzaXplRXZlbnQpO30pO319KX0pPC9zY3JpcHQ+PGlmcmFtZSBjbGFzcz0iY2l2aXRhdGlzLWlmcmFtZSIgc3JjPSJodHRwczovL3d3dy5jaXZpdGF0aXMuY29tL3dpZGdldC1hY3Rpdml0aWVzLz9hZmZpbGlhdGVkPTEyNDk0JmFtcDtkaXNwbGF5PWNvbWZvcnQmYW1wO2NhbnQ9MSZhbXA7bGFuZz1lcyZhbXA7Y3VycmVuY3k9RVVSJmFtcDtkZXN0aW5hdGlvbj05NSZhbXA7YWN0aXZpdGllcz0xMTEwMjcmYW1wO3RyYW5zZmVyPTAmYW1wO2NtcD1JVF91cmxfZGVzZGVfYWxpY2FudGUmYW1wO3dpZHRoPTEwMCUmYW1wO2hpZGVCdXR0b249MSZhbXA7Y2VudGVyQ29udGVudD0xJmFtcDt0eXBlU2VsZWN0aW9uPW1hbnVhbCZhbXA7Y29sb3I9ZjcwNzU5JmFtcDt0eXBvZ3JhcGh5PU1vbnRzZXJyYXQmYW1wO3JlbW92ZUJhY2tncm91bmQ9MSZhbXA7c2hvd1NoYWRvdz0xJmFtcDtyb3VuZGVkQnV0dG9ucz0xIiB3aWR0aD0iMTAwJSIgZnJhbWVib3JkZXI9IjAiIGRhdGEtbWF4d2lkdGg9IjEwMCUiIHN0eWxlPSJtYXgtd2lkdGg6IDEwMCUiPjwvaWZyYW1lPjwvZGl2Pgo=[\/vc_raw_html][vc_raw_html]PGRpdiBzdHlsZT0idGV4dC1hbGlnbjpjZW50ZXI7Ij48c2NyaXB0PmZ1bmN0aW9uIGxvYWRTY3JpcHQodXJsLCBjYWxsYmFjayl7dmFyIHNjcmlwdD1kb2N1bWVudC5jcmVhdGVFbGVtZW50KCdzY3JpcHQnKTsgc2NyaXB0LnR5cGU9J3RleHQvamF2YXNjcmlwdCc7IGlmIChzY3JpcHQucmVhZHlTdGF0ZSl7c2NyaXB0Lm9ucmVhZHlzdGF0ZWNoYW5nZT1mdW5jdGlvbigpe2lmIChzY3JpcHQucmVhZHlTdGF0ZT09J2xvYWRlZCcgfHwgc2NyaXB0LnJlYWR5U3RhdGU9PSdjb21wbGV0ZScpe3NjcmlwdC5vbnJlYWR5c3RhdGVjaGFuZ2U9bnVsbDsgY2FsbGJhY2soKTt9fTt9ZWxzZXtzY3JpcHQub25sb2FkPWZ1bmN0aW9uKCl7Y2FsbGJhY2soKTt9O31zY3JpcHQuc3JjPXVybDsgZG9jdW1lbnQuZ2V0RWxlbWVudHNCeVRhZ05hbWUoJ2hlYWQnKVswXS5hcHBlbmRDaGlsZChzY3JpcHQpO31sb2FkU2NyaXB0KCdodHRwczovL3d3dy5jaXZpdGF0aXMuY29tL2YvanMvdmVuZG9yL2lmcmFtZVJlc2l6ZXIubWluLmpzJywgZnVuY3Rpb24oKXtpRnJhbWVSZXNpemUoe2NoZWNrT3JpZ2luOmZhbHNlLGluaXRDYWxsYmFjazpmdW5jdGlvbihpZnJhbWUpe3NldFRpbWVvdXQoZnVuY3Rpb24oKXt2YXIgcmVzaXplRXZlbnQgPSB3aW5kb3cuZG9jdW1lbnQuY3JlYXRlRXZlbnQoJ1VJRXZlbnRzJyk7IHJlc2l6ZUV2ZW50LmluaXRVSUV2ZW50KCdyZXNpemUnLCB0cnVlLCBmYWxzZSwgd2luZG93LCAwKTsgaWZyYW1lLmRpc3BhdGNoRXZlbnQocmVzaXplRXZlbnQpO30pO319KX0pPC9zY3JpcHQ+PGlmcmFtZSBjbGFzcz0iY2l2aXRhdGlzLWlmcmFtZSIgc3JjPSJodHRwczovL3d3dy5jaXZpdGF0aXMuY29tL3dpZGdldC1hY3Rpdml0aWVzLz9hZmZpbGlhdGVkPTEyNDk0JmFtcDtkaXNwbGF5PWNvbWZvcnQmYW1wO2NhbnQ9MSZhbXA7bGFuZz1lcyZhbXA7Y3VycmVuY3k9RVVSJmFtcDtkZXN0aW5hdGlvbj05NSZhbXA7YWN0aXZpdGllcz0xNDg5OTYmYW1wO3RyYW5zZmVyPTAmYW1wO2NtcD1JVF91cmxfZGVzZGVfYWxpY2FudGUmYW1wO3dpZHRoPTEwMCUmYW1wO2hpZGVCdXR0b249MSZhbXA7Y2VudGVyQ29udGVudD0xJmFtcDt0eXBlU2VsZWN0aW9uPW1hbnVhbCZhbXA7Y29sb3I9ZjcwNzU5JmFtcDt0eXBvZ3JhcGh5PU1vbnRzZXJyYXQmYW1wO3JlbW92ZUJhY2tncm91bmQ9MSZhbXA7c2hvd1NoYWRvdz0xJmFtcDtyb3VuZGVkQnV0dG9ucz0xIiB3aWR0aD0iMTAwJSIgZnJhbWVib3JkZXI9IjAiIGRhdGEtbWF4d2lkdGg9IjEwMCUiIHN0eWxlPSJtYXgtd2lkdGg6IDEwMCUiPjwvaWZyYW1lPjwvZGl2Pg==[\/vc_raw_html][vc_empty_space height=&#8220;35px&#8220;][vc_video link=&#8220;https:\/\/www.youtube.com\/watch?v=CGN0RiUN28w&#8220; align=&#8220;center&#8220;][vc_raw_html]PGRpdiBzdHlsZT0idGV4dC1hbGlnbjpjZW50ZXI7Ij48c2NyaXB0PmZ1bmN0aW9uIGxvYWRTY3JpcHQodXJsLCBjYWxsYmFjayl7dmFyIHNjcmlwdD1kb2N1bWVudC5jcmVhdGVFbGVtZW50KCdzY3JpcHQnKTsgc2NyaXB0LnR5cGU9J3RleHQvamF2YXNjcmlwdCc7IGlmIChzY3JpcHQucmVhZHlTdGF0ZSl7c2NyaXB0Lm9ucmVhZHlzdGF0ZWNoYW5nZT1mdW5jdGlvbigpe2lmIChzY3JpcHQucmVhZHlTdGF0ZT09J2xvYWRlZCcgfHwgc2NyaXB0LnJlYWR5U3RhdGU9PSdjb21wbGV0ZScpe3NjcmlwdC5vbnJlYWR5c3RhdGVjaGFuZ2U9bnVsbDsgY2FsbGJhY2soKTt9fTt9ZWxzZXtzY3JpcHQub25sb2FkPWZ1bmN0aW9uKCl7Y2FsbGJhY2soKTt9O31zY3JpcHQuc3JjPXVybDsgZG9jdW1lbnQuZ2V0RWxlbWVudHNCeVRhZ05hbWUoJ2hlYWQnKVswXS5hcHBlbmRDaGlsZChzY3JpcHQpO31sb2FkU2NyaXB0KCdodHRwczovL3d3dy5jaXZpdGF0aXMuY29tL2YvanMvdmVuZG9yL2lmcmFtZVJlc2l6ZXIubWluLmpzJywgZnVuY3Rpb24oKXtpRnJhbWVSZXNpemUoe2NoZWNrT3JpZ2luOmZhbHNlLGluaXRDYWxsYmFjazpmdW5jdGlvbihpZnJhbWUpe3NldFRpbWVvdXQoZnVuY3Rpb24oKXt2YXIgcmVzaXplRXZlbnQgPSB3aW5kb3cuZG9jdW1lbnQuY3JlYXRlRXZlbnQoJ1VJRXZlbnRzJyk7IHJlc2l6ZUV2ZW50LmluaXRVSUV2ZW50KCdyZXNpemUnLCB0cnVlLCBmYWxzZSwgd2luZG93LCAwKTsgaWZyYW1lLmRpc3BhdGNoRXZlbnQocmVzaXplRXZlbnQpO30pO319KX0pPC9zY3JpcHQ+PGlmcmFtZSBjbGFzcz0iY2l2aXRhdGlzLWlmcmFtZSIgc3JjPSJodHRwczovL3d3dy5jaXZpdGF0aXMuY29tL3dpZGdldC1hY3Rpdml0aWVzLz9hZmZpbGlhdGVkPTEyNDk0JmFtcDtkaXNwbGF5PWNvbWZvcnQmYW1wO2NhbnQ9MSZhbXA7bGFuZz1lcyZhbXA7Y3VycmVuY3k9RVVSJmFtcDtkZXN0aW5hdGlvbj05NSZhbXA7YWN0aXZpdGllcz0xMDE5NTgmYW1wO3RyYW5zZmVyPTAmYW1wO2NtcD1JVF91cmxfZGVzZGVfYWxpY2FudGUmYW1wO3dpZHRoPTEwMCUmYW1wO2hpZGVCdXR0b249MSZhbXA7Y2VudGVyQ29udGVudD0xJmFtcDt0eXBlU2VsZWN0aW9uPW1hbnVhbCZhbXA7Y29sb3I9ZjcwNzU5JmFtcDt0eXBvZ3JhcGh5PU1vbnRzZXJyYXQmYW1wO3JlbW92ZUJhY2tncm91bmQ9MSZhbXA7c2hvd1NoYWRvdz0xJmFtcDtyb3VuZGVkQnV0dG9ucz0xIiB3aWR0aD0iMTAwJSIgZnJhbWVib3JkZXI9IjAiIGRhdGEtbWF4d2lkdGg9IjEwMCUiIHN0eWxlPSJtYXgtd2lkdGg6IDEwMCUiPjwvaWZyYW1lPjwvZGl2Pg==[\/vc_raw_html][\/vc_column][\/vc_row][vc_row][vc_column][vc_empty_space height=&#8220;50px&#8220;][vc_empty_space height=&#8220;30px&#8220;][\/vc_column][\/vc_row][vc_row][vc_column width=&#8220;1\/3&#8243;][\/vc_column][vc_column width=&#8220;1\/3&#8243;][\/vc_column][vc_column width=&#8220;1\/3&#8243;][\/vc_column][\/vc_row]<\/p>\n","protected":false},"author":1,"featured_media":0,"parent":2076,"menu_order":0,"comment_status":"closed","ping_status":"closed","template":"","meta":{"_joinchat":[],"footnotes":""},"class_list":["post-2078","page","type-page","status-publish","hentry","description-off"],"_links":{"self":[{"href":"https:\/\/laisladetabarca.com\/de\/wp-json\/wp\/v2\/pages\/2078","targetHints":{"allow":["GET"]}}],"collection":[{"href":"https:\/\/laisladetabarca.com\/de\/wp-json\/wp\/v2\/pages"}],"about":[{"href":"https:\/\/laisladetabarca.com\/de\/wp-json\/wp\/v2\/types\/page"}],"author":[{"embeddable":true,"href":"https:\/\/laisladetabarca.com\/de\/wp-json\/wp\/v2\/users\/1"}],"replies":[{"embeddable":true,"href":"https:\/\/laisladetabarca.com\/de\/wp-json\/wp\/v2\/comments?post=2078"}],"version-history":[{"count":0,"href":"https:\/\/laisladetabarca.com\/de\/wp-json\/wp\/v2\/pages\/2078\/revisions"}],"up":[{"embeddable":true,"href":"https:\/\/laisladetabarca.com\/de\/wp-json\/wp\/v2\/pages\/2076"}],"wp:attachment":[{"href":"https:\/\/laisladetabarca.com\/de\/wp-json\/wp\/v2\/media?parent=2078"}],"curies":[{"name":"wp","href":"https:\/\/api.w.org\/{rel}","templated":true}]}}