{"id":2067,"date":"2024-02-26T13:21:57","date_gmt":"2024-02-26T12:21:57","guid":{"rendered":"https:\/\/laisladetabarca.com\/pressemappe-fuer-die-insel-tabarca\/"},"modified":"2025-12-28T01:31:35","modified_gmt":"2025-12-28T01:31:35","slug":"pressemappe-fuer-die-insel-tabarca","status":"publish","type":"page","link":"https:\/\/laisladetabarca.com\/de\/pressemappe-fuer-die-insel-tabarca\/","title":{"rendered":"Pressemappe f\u00fcr die Insel Tabarca"},"content":{"rendered":"<div class=\"wpb-content-wrapper\"><p>[vc_row][vc_column]<div id=\"ultimate-heading-47969de31292e597\" class=\"uvc-heading ult-adjust-bottom-margin ultimate-heading-47969de31292e597 uvc-8173 \" data-hspacer=\"no_spacer\"  data-halign=\"center\" style=\"text-align:center\"><div class=\"uvc-heading-spacer no_spacer\" style=\"top\"><\/div><\/div>[vc_column_text]\u201elaisladetabarca.com\u201c erh\u00e4lt das ganze Jahr \u00fcber Tausende von Besuchen auf der Website, in der Tat haben wir die erste Seite Position f\u00fcr die Suche Absicht der \u201aLa Isla de Tabarca\u2018 und erste Positionen f\u00fcr Aktivit\u00e4ten, die in Tabarca, die ein Suchvolumen von 15K in der Nebensaison und bis zu 32k in der Hochsaison erh\u00e4lt stattfinden.<\/p>\n<p>Aus diesem Grund m\u00f6chten wir, dass Sie von unseren Zahlen und Grafiken profitieren, und wir stellen Ihnen und Ihrem Unternehmen Pl\u00e4tze in den wichtigsten Bereichen des Webs zur Verf\u00fcgung. M\u00f6chten Sie in einem unserer Banner erscheinen? M\u00f6chten Sie einen Ihrer touristischen Services im Zusammenhang mit der Insel Tabarca anbieten? Wenn Sie m\u00f6chten, dass Ihre Website \u00fcber den Blog erreicht wird, k\u00f6nnen wir mit Hilfe von Links mehr Nutzer gewinnen. Kontaktieren Sie uns?[\/vc_column_text][\/vc_column][\/vc_row][vc_row][vc_column][vc_empty_space height=&#8220;100px&#8220;][\/vc_column][\/vc_row][vc_row][vc_column width=&#8220;1\/4&#8243;][\/vc_column][vc_column width=&#8220;1\/2&#8243; css=&#8220;.vc_custom_1708950089708{background-color: #98135b !important;}&#8220;]<div id=\"ultimate-heading-145769de31292e61d\" class=\"uvc-heading ult-adjust-bottom-margin ultimate-heading-145769de31292e61d uvc-4603 \" data-hspacer=\"no_spacer\"  data-halign=\"center\" style=\"text-align:center\"><div class=\"uvc-heading-spacer no_spacer\" style=\"top\"><\/div><div class=\"uvc-main-heading ult-responsive\"  data-ultimate-target='.uvc-heading.ultimate-heading-145769de31292e61d h3'  data-responsive-json-new='{\"font-size\":\"\",\"line-height\":\"\"}' ><h3 style=\"font-weight:normal;color:#ffffff;\">Kontakt-Formular<\/h3><\/div><\/div>\n<div class=\"wpcf7 no-js\" id=\"wpcf7-f968-o1\" lang=\"es-ES\" dir=\"ltr\" data-wpcf7-id=\"968\">\n<div class=\"screen-reader-response\"><p role=\"status\" aria-live=\"polite\" aria-atomic=\"true\"><\/p> <ul><\/ul><\/div>\n<form action=\"\/de\/wp-json\/wp\/v2\/pages\/2067#wpcf7-f968-o1\" method=\"post\" class=\"wpcf7-form init\" aria-label=\"Formulario de contacto\" novalidate=\"novalidate\" data-status=\"init\">\n<fieldset class=\"hidden-fields-container\"><input type=\"hidden\" name=\"_wpcf7\" value=\"968\" \/><input type=\"hidden\" name=\"_wpcf7_version\" value=\"6.1.5\" \/><input type=\"hidden\" name=\"_wpcf7_locale\" value=\"es_ES\" \/><input type=\"hidden\" name=\"_wpcf7_unit_tag\" value=\"wpcf7-f968-o1\" \/><input type=\"hidden\" name=\"_wpcf7_container_post\" value=\"0\" \/><input type=\"hidden\" name=\"_wpcf7_posted_data_hash\" value=\"\" \/>\n<\/fieldset>\n<font color=#ffffff>\n\t<p> Tu nombre<br \/>\n<span class=\"wpcf7-form-control-wrap\" data-name=\"your-name\"><input size=\"40\" maxlength=\"400\" class=\"wpcf7-form-control wpcf7-text wpcf7-validates-as-required\" aria-required=\"true\" aria-invalid=\"false\" value=\"\" type=\"text\" name=\"your-name\" \/><\/span>\n\t<\/p>\n\t<p> Tu correo electr\u00f3nico<br \/>\n<span class=\"wpcf7-form-control-wrap\" data-name=\"your-email\"><input size=\"40\" maxlength=\"400\" class=\"wpcf7-form-control wpcf7-email wpcf7-validates-as-required wpcf7-text wpcf7-validates-as-email\" aria-required=\"true\" aria-invalid=\"false\" value=\"\" type=\"email\" name=\"your-email\" \/><\/span>\n\t<\/p>\n\t<p> Nombre empresa<br \/>\n<span class=\"wpcf7-form-control-wrap\" data-name=\"your-company\"><input size=\"40\" maxlength=\"400\" class=\"wpcf7-form-control wpcf7-text wpcf7-validates-as-required\" aria-required=\"true\" aria-invalid=\"false\" value=\"\" type=\"text\" name=\"your-company\" \/><\/span>\n\t<\/p>\n\t<p><span class=\"wpcf7-form-control-wrap\" data-name=\"radio-258\"><span class=\"wpcf7-form-control wpcf7-radio\"><span class=\"wpcf7-list-item first\"><label><input type=\"radio\" name=\"radio-258\" value=\"Enlace\" checked=\"checked\" \/><span class=\"wpcf7-list-item-label\">Enlace<\/span><\/label><\/span><span class=\"wpcf7-list-item\"><label><input type=\"radio\" name=\"radio-258\" value=\"Banner\" \/><span class=\"wpcf7-list-item-label\">Banner<\/span><\/label><\/span><span class=\"wpcf7-list-item\"><label><input type=\"radio\" name=\"radio-258\" value=\"Vender actividades\" \/><span class=\"wpcf7-list-item-label\">Vender actividades<\/span><\/label><\/span><span class=\"wpcf7-list-item last\"><label><input type=\"radio\" name=\"radio-258\" value=\"Otros\" \/><span class=\"wpcf7-list-item-label\">Otros<\/span><\/label><\/span><\/span><\/span>\n\t<\/p>\n\t<p> Tu mensaje (opcional)<br \/>\n<span class=\"wpcf7-form-control-wrap\" data-name=\"your-message\"><textarea cols=\"40\" rows=\"10\" maxlength=\"2000\" class=\"wpcf7-form-control wpcf7-textarea\" aria-invalid=\"false\" name=\"your-message\"><\/textarea><\/span>\n\t<\/p>\n<\/font>\n<body style=\"background-color:#FFFFFF\";>\n\t<p><input class=\"wpcf7-form-control wpcf7-submit has-spinner\" type=\"submit\" value=\"Enviar\" \/>\n\t<\/p>\n<\/body><div class=\"wpcf7-response-output\" aria-hidden=\"true\"><\/div>\n<\/form>\n<\/div>\n[\/vc_column][vc_column width=&#8220;1\/4&#8243;][\/vc_column][\/vc_row][vc_row][vc_column][vc_empty_space height=&#8220;50px&#8220;][\/vc_column][\/vc_row]<\/p>\n<\/div>","protected":false},"excerpt":{"rendered":"<p>[vc_row][vc_column][vc_column_text]\u201elaisladetabarca.com\u201c erh\u00e4lt das ganze Jahr \u00fcber Tausende von Besuchen auf der Website, in der Tat haben wir die erste Seite Position f\u00fcr die Suche Absicht der \u201aLa Isla de Tabarca\u2018 und erste Positionen f\u00fcr Aktivit\u00e4ten, die in Tabarca, die ein Suchvolumen von 15K in der Nebensaison und bis zu 32k in der Hochsaison erh\u00e4lt stattfinden.&hellip;<\/p>\n","protected":false},"author":1,"featured_media":0,"parent":0,"menu_order":0,"comment_status":"closed","ping_status":"closed","template":"","meta":{"_joinchat":[],"footnotes":""},"class_list":["post-2067","page","type-page","status-publish","hentry","description-off"],"_links":{"self":[{"href":"https:\/\/laisladetabarca.com\/de\/wp-json\/wp\/v2\/pages\/2067","targetHints":{"allow":["GET"]}}],"collection":[{"href":"https:\/\/laisladetabarca.com\/de\/wp-json\/wp\/v2\/pages"}],"about":[{"href":"https:\/\/laisladetabarca.com\/de\/wp-json\/wp\/v2\/types\/page"}],"author":[{"embeddable":true,"href":"https:\/\/laisladetabarca.com\/de\/wp-json\/wp\/v2\/users\/1"}],"replies":[{"embeddable":true,"href":"https:\/\/laisladetabarca.com\/de\/wp-json\/wp\/v2\/comments?post=2067"}],"version-history":[{"count":0,"href":"https:\/\/laisladetabarca.com\/de\/wp-json\/wp\/v2\/pages\/2067\/revisions"}],"wp:attachment":[{"href":"https:\/\/laisladetabarca.com\/de\/wp-json\/wp\/v2\/media?parent=2067"}],"curies":[{"name":"wp","href":"https:\/\/api.w.org\/{rel}","templated":true}]}}