{"id":2055,"date":"2023-04-05T13:34:41","date_gmt":"2023-04-05T12:34:41","guid":{"rendered":"https:\/\/laisladetabarca.com\/schiff\/"},"modified":"2026-01-29T18:10:56","modified_gmt":"2026-01-29T17:10:56","slug":"schiff","status":"publish","type":"page","link":"https:\/\/laisladetabarca.com\/de\/schiff\/","title":{"rendered":"Schiff"},"content":{"rendered":"<div class=\"wpb-content-wrapper\"><p>[vc_row][vc_column][vc_column_text]<\/p>\n<p style=\"text-align: center;\">Wenn Sie auf der Suche nach einem einzigartigen Abenteuer im Mittelmeer sind, gibt es nichts Besseres als eine Bootsfahrt nach Tabarca. Diese kleine Insel vor der K\u00fcste von Alicante ist ein Paradies f\u00fcr Liebhaber von Sonne, Meer und Natur. Wenn Sie einen unvergesslichen Urlaub erleben wollen, sollten Sie sich die Gelegenheit nicht entgehen lassen, Tabarca mit dem Boot zu besuchen.  <\/p>\n<p>[\/vc_column_text][\/vc_column][\/vc_row][vc_row][vc_column width=&#8220;1\/2&#8243;]<div id=\"ultimate-heading-999569de325295d4c\" class=\"uvc-heading ult-adjust-bottom-margin ultimate-heading-999569de325295d4c uvc-2222 \" data-hspacer=\"no_spacer\"  data-halign=\"center\" style=\"text-align:center\"><div class=\"uvc-heading-spacer no_spacer\" style=\"top\"><\/div><div class=\"uvc-main-heading ult-responsive\"  data-ultimate-target='.uvc-heading.ultimate-heading-999569de325295d4c h2'  data-responsive-json-new='{\"font-size\":\"\",\"line-height\":\"\"}' ><div id=\"ez-toc-container\" class=\"ez-toc-v2_0_80 counter-hierarchy ez-toc-counter ez-toc-grey ez-toc-container-direction\">\n<div class=\"ez-toc-title-container\">\n<p class=\"ez-toc-title\" style=\"cursor:inherit\">Table of Contents<\/p>\n<span class=\"ez-toc-title-toggle\"><a href=\"#\" class=\"ez-toc-pull-right ez-toc-btn ez-toc-btn-xs ez-toc-btn-default ez-toc-toggle\" aria-label=\"Toggle Table of Content\"><span class=\"ez-toc-js-icon-con\"><span class=\"\"><span class=\"eztoc-hide\" style=\"display:none;\">Toggle<\/span><span class=\"ez-toc-icon-toggle-span\"><svg style=\"fill: #999;color:#999\" xmlns=\"http:\/\/www.w3.org\/2000\/svg\" class=\"list-377408\" width=\"20px\" height=\"20px\" viewBox=\"0 0 24 24\" fill=\"none\"><path d=\"M6 6H4v2h2V6zm14 0H8v2h12V6zM4 11h2v2H4v-2zm16 0H8v2h12v-2zM4 16h2v2H4v-2zm16 0H8v2h12v-2z\" fill=\"currentColor\"><\/path><\/svg><svg style=\"fill: #999;color:#999\" class=\"arrow-unsorted-368013\" xmlns=\"http:\/\/www.w3.org\/2000\/svg\" width=\"10px\" height=\"10px\" viewBox=\"0 0 24 24\" version=\"1.2\" baseProfile=\"tiny\"><path d=\"M18.2 9.3l-6.2-6.3-6.2 6.3c-.2.2-.3.4-.3.7s.1.5.3.7c.2.2.4.3.7.3h11c.3 0 .5-.1.7-.3.2-.2.3-.5.3-.7s-.1-.5-.3-.7zM5.8 14.7l6.2 6.3 6.2-6.3c.2-.2.3-.5.3-.7s-.1-.5-.3-.7c-.2-.2-.4-.3-.7-.3h-11c-.3 0-.5.1-.7.3-.2.2-.3.5-.3.7s.1.5.3.7z\"\/><\/svg><\/span><\/span><\/span><\/a><\/span><\/div>\n<nav><ul class='ez-toc-list ez-toc-list-level-1 ' ><li class='ez-toc-page-1 ez-toc-heading-level-2'><a class=\"ez-toc-link ez-toc-heading-1\" href=\"https:\/\/laisladetabarca.com\/de\/schiff\/#Boot_von_Alicante_nach_Tabarca\" >Boot von Alicante nach Tabarca<\/a><\/li><li class='ez-toc-page-1 ez-toc-heading-level-2'><a class=\"ez-toc-link ez-toc-heading-2\" href=\"https:\/\/laisladetabarca.com\/de\/schiff\/#Boot_von_Santa_Pola_nach_Tabarca\" >Boot von Santa Pola nach Tabarca<\/a><\/li><li class='ez-toc-page-1 ez-toc-heading-level-2'><a class=\"ez-toc-link ez-toc-heading-3\" href=\"https:\/\/laisladetabarca.com\/de\/schiff\/#Gruende_ein_Boot_nach_Tabarca_zu_nehmen\" >Gr\u00fcnde, ein Boot nach Tabarca zu nehmen<\/a><\/li><\/ul><\/nav><\/div>\n<h2 style=\"font-weight:normal;\"><span class=\"ez-toc-section\" id=\"Boot_von_Alicante_nach_Tabarca\"><\/span>Boot von Alicante nach Tabarca<span class=\"ez-toc-section-end\"><\/span><\/h2><\/div><\/div>[vc_raw_html]PGRpdiBkYXRhLWd5Zy1ocmVmPSJodHRwczovL3dpZGdldC5nZXR5b3VyZ3VpZGUuY29tL2RlZmF1bHQvYWN0aXZpdGllcy5mcmFtZSIgZGF0YS1neWctbG9jYWxlLWNvZGU9ImVzLUVTIiBkYXRhLWd5Zy13aWRnZXQ9ImFjdGl2aXRpZXMiIGRhdGEtZ3lnLW51bWJlci1vZi1pdGVtcz0iMSIgZGF0YS1neWctY21wPSJJVF91cmxfYmFyY28iIGRhdGEtZ3lnLXBhcnRuZXItaWQ9IlcxUUxHOUsiIGRhdGEtZ3lnLXRvdXItaWRzPSI0NDk2ODUiPjwvZGl2Pg==[\/vc_raw_html][\/vc_column][vc_column width=&#8220;1\/2&#8243;]<div id=\"ultimate-heading-809369de325295df1\" class=\"uvc-heading ult-adjust-bottom-margin ultimate-heading-809369de325295df1 uvc-2371 \" data-hspacer=\"no_spacer\"  data-halign=\"center\" style=\"text-align:center\"><div class=\"uvc-heading-spacer no_spacer\" style=\"top\"><\/div><div class=\"uvc-main-heading ult-responsive\"  data-ultimate-target='.uvc-heading.ultimate-heading-809369de325295df1 h2'  data-responsive-json-new='{\"font-size\":\"\",\"line-height\":\"\"}' ><h2 style=\"font-weight:normal;\"><span class=\"ez-toc-section\" id=\"Boot_von_Santa_Pola_nach_Tabarca\"><\/span>Boot von Santa Pola nach Tabarca<span class=\"ez-toc-section-end\"><\/span><\/h2><\/div><\/div>[vc_raw_html]PGRpdiBkYXRhLWd5Zy1ocmVmPSJodHRwczovL3dpZGdldC5nZXR5b3VyZ3VpZGUuY29tL2RlZmF1bHQvYWN0aXZpdGllcy5mcmFtZSIgZGF0YS1neWctbG9jYWxlLWNvZGU9ImVzLUVTIiBkYXRhLWd5Zy13aWRnZXQ9ImFjdGl2aXRpZXMiIGRhdGEtZ3lnLW51bWJlci1vZi1pdGVtcz0iMSIgZGF0YS1neWctY21wPSJJVF91cmxfYmFyY28iIGRhdGEtZ3lnLXBhcnRuZXItaWQ9IlcxUUxHOUsiIGRhdGEtZ3lnLXRvdXItaWRzPSIzNjY2NDAiPjwvZGl2Pg==[\/vc_raw_html][\/vc_column][\/vc_row][vc_row][vc_column]<div id=\"ultimate-heading-580469de325295e53\" class=\"uvc-heading ult-adjust-bottom-margin ultimate-heading-580469de325295e53 uvc-2338 \" data-hspacer=\"no_spacer\"  data-halign=\"center\" style=\"text-align:center\"><div class=\"uvc-heading-spacer no_spacer\" style=\"top\"><\/div><div class=\"uvc-main-heading ult-responsive\"  data-ultimate-target='.uvc-heading.ultimate-heading-580469de325295e53 h2'  data-responsive-json-new='{\"font-size\":\"\",\"line-height\":\"\"}' ><h2 style=\"font-weight:normal;\"><span class=\"ez-toc-section\" id=\"Gruende_ein_Boot_nach_Tabarca_zu_nehmen\"><\/span>Gr\u00fcnde, ein Boot nach Tabarca zu nehmen<span class=\"ez-toc-section-end\"><\/span><\/h2><\/div><div class=\"uvc-sub-heading ult-responsive\"  data-ultimate-target='.uvc-heading.ultimate-heading-580469de325295e53 .uvc-sub-heading '  data-responsive-json-new='{\"font-size\":\"\",\"line-height\":\"\"}'  style=\"font-weight:normal;\"><\/p>\n<ul>\n<li style=\"text-align: justify;\">Einzigartiges Erlebnis: Die Bootsfahrt nach Tabarca ist ein einzigartiges und unvergessliches Erlebnis. Sie werden das Mittelmeer genie\u00dfen und die Sch\u00f6nheit der K\u00fcste von Alicante aus einer anderen Perspektive betrachten k\u00f6nnen. <\/li>\n<li style=\"text-align: justify;\">Natur: Tabarca ist ein Naturparadies mit einer gro\u00dfen Vielfalt an Flora und Fauna. Sie k\u00f6nnen wei\u00dfe Sandstr\u00e4nde, kristallklares Wasser und beeindruckende Klippen genie\u00dfen. Dar\u00fcber hinaus verf\u00fcgt die Insel \u00fcber ein gesch\u00fctztes Meeresreservat, in dem Sie tauchen und das Meeresleben entdecken k\u00f6nnen.  <\/li>\n<li style=\"text-align: justify;\">Geschichte und Kultur: Tabarca hat eine reiche Geschichte und Kultur, die Sie bei Ihrem Besuch entdecken k\u00f6nnen. Auf der Insel gibt es eine Stadtmauer aus dem 18. Jahrhundert und eine Kirche aus dem 19. Jahrhundert sowie mehrere historische H\u00e4user und Geb\u00e4ude. In den Restaurants der Insel k\u00f6nnen Sie auch die lokale Gastronomie probieren.  <\/li>\n<li style=\"text-align: justify;\">Erreichbarkeit: Die Insel Tabarca ist nur mit dem Boot erreichbar, was bedeutet, dass es keine Autos oder Motorr\u00e4der auf der Insel gibt, was sie zu einem ruhigen und entspannten Ort macht. Au\u00dferdem gibt es an der K\u00fcste von Alicante mehrere H\u00e4fen, von denen aus man mit dem Boot nach Tabarca fahren kann, so dass sie leicht erreichbar ist. <\/li>\n<li style=\"text-align: justify;\">Aktivit\u00e4ten: Auf Tabarca k\u00f6nnen Sie nicht nur die Natur und die Kultur genie\u00dfen, sondern auch eine Vielzahl von Aktivit\u00e4ten unternehmen, die Sie auf der Insel aus\u00fcben k\u00f6nnen. Von Wassersportarten wie Tauchen oder Segeln bis hin zu Wandern oder Radfahren ist f\u00fcr alle Geschm\u00e4cker und Altersgruppen etwas dabei. <\/li>\n<\/ul>\n<p><\/div><\/div>[\/vc_column][\/vc_row][vc_row][vc_column]<div id=\"ultimate-heading-850469de325295eaf\" class=\"uvc-heading ult-adjust-bottom-margin ultimate-heading-850469de325295eaf uvc-1037 \" data-hspacer=\"no_spacer\"  data-halign=\"center\" style=\"text-align:center\"><div class=\"uvc-heading-spacer no_spacer\" style=\"top\"><\/div><\/div>[\/vc_column][\/vc_row]<\/p>\n<\/div>","protected":false},"excerpt":{"rendered":"<p>[vc_row][vc_column][vc_column_text] Wenn Sie auf der Suche nach einem einzigartigen Abenteuer im Mittelmeer sind, gibt es nichts Besseres als eine Bootsfahrt nach Tabarca. Diese kleine Insel vor der K\u00fcste von Alicante ist ein Paradies f\u00fcr Liebhaber von Sonne, Meer und Natur. Wenn Sie einen unvergesslichen Urlaub erleben wollen, sollten Sie sich die Gelegenheit nicht entgehen lassen,&hellip;<\/p>\n","protected":false},"author":1,"featured_media":1369,"parent":0,"menu_order":0,"comment_status":"closed","ping_status":"closed","template":"","meta":{"_joinchat":[],"footnotes":""},"class_list":["post-2055","page","type-page","status-publish","has-post-thumbnail","hentry","description-off"],"_links":{"self":[{"href":"https:\/\/laisladetabarca.com\/de\/wp-json\/wp\/v2\/pages\/2055","targetHints":{"allow":["GET"]}}],"collection":[{"href":"https:\/\/laisladetabarca.com\/de\/wp-json\/wp\/v2\/pages"}],"about":[{"href":"https:\/\/laisladetabarca.com\/de\/wp-json\/wp\/v2\/types\/page"}],"author":[{"embeddable":true,"href":"https:\/\/laisladetabarca.com\/de\/wp-json\/wp\/v2\/users\/1"}],"replies":[{"embeddable":true,"href":"https:\/\/laisladetabarca.com\/de\/wp-json\/wp\/v2\/comments?post=2055"}],"version-history":[{"count":0,"href":"https:\/\/laisladetabarca.com\/de\/wp-json\/wp\/v2\/pages\/2055\/revisions"}],"wp:featuredmedia":[{"embeddable":true,"href":"https:\/\/laisladetabarca.com\/de\/wp-json\/wp\/v2\/media\/1369"}],"wp:attachment":[{"href":"https:\/\/laisladetabarca.com\/de\/wp-json\/wp\/v2\/media?parent=2055"}],"curies":[{"name":"wp","href":"https:\/\/api.w.org\/{rel}","templated":true}]}}