{"id":2043,"date":"2022-08-08T09:38:32","date_gmt":"2022-08-08T08:38:32","guid":{"rendered":"https:\/\/laisladetabarca.com\/aktivitaeten-auf-der-insel-tabarca\/jet-skis-in-tabarca\/"},"modified":"2026-01-29T18:02:42","modified_gmt":"2026-01-29T17:02:42","slug":"jet-skis-in-tabarca","status":"publish","type":"page","link":"https:\/\/laisladetabarca.com\/de\/aktivitaeten-auf-der-insel-tabarca\/jet-skis-in-tabarca\/","title":{"rendered":"Jet Skis in Tabarca"},"content":{"rendered":"<div class=\"wpb-content-wrapper\"><p>[vc_row][vc_column]<div id=\"ultimate-heading-358869de3251320c2\" class=\"uvc-heading ult-adjust-bottom-margin ultimate-heading-358869de3251320c2 uvc-102 \" data-hspacer=\"no_spacer\"  data-halign=\"left\" style=\"text-align:left\"><div class=\"uvc-heading-spacer no_spacer\" style=\"top\"><\/div><div class=\"uvc-sub-heading ult-responsive\"  data-ultimate-target='.uvc-heading.ultimate-heading-358869de3251320c2 .uvc-sub-heading '  data-responsive-json-new='{\"font-size\":\"\",\"line-height\":\"\"}'  style=\"font-weight:normal;\"><\/p>\n<p style=\"text-align: justify;\"><span style=\"font-weight: 400;\">Eine der unterhaltsamsten und gewagtesten Arten, die Insel Tabarca zu besuchen, ist mit dem Jetski. Wenn Sie Geschwindigkeit, Adrenalin und das Brechen der Wellen m\u00f6gen, ist ein Jetski auf Tabarca die beste Option. <\/span><\/p>\n<p style=\"text-align: justify;\"><span style=\"font-weight: 400;\">Es gibt viele Leute, die in Tabarca von Alicante oder Santa Pola aus Jetski fahren. Derzeit gibt es mehrere Unternehmen, die diese Art von Aktivit\u00e4t durchf\u00fchren. Wenn Sie starke Emotionen m\u00f6gen, den Wind im Gesicht sp\u00fcren und mit Vollgas durch das Mittelmeer fahren, ist Jetski in Tabarca zweifellos Ihre Lieblingsbesch\u00e4ftigung.  <\/span><\/p>\n<p style=\"text-align: justify;\"><span style=\"font-weight: 400;\">Auf unserer Website bieten wir Ihnen die M\u00f6glichkeit, einen Jetski in Tabarca zu mieten, sowie den Ausflug nach Tabarca mit dem Jetski.<\/span><\/p>\n<p><\/div><\/div>[vc_empty_space height=&#8220;50px&#8220;][\/vc_column][\/vc_row][vc_row][vc_column]<div id=\"ultimate-heading-914869de325132117\" class=\"uvc-heading ult-adjust-bottom-margin ultimate-heading-914869de325132117 uvc-1807 \" data-hspacer=\"no_spacer\"  data-halign=\"left\" style=\"text-align:left\"><div class=\"uvc-heading-spacer no_spacer\" style=\"top\"><\/div><div class=\"uvc-main-heading ult-responsive\"  data-ultimate-target='.uvc-heading.ultimate-heading-914869de325132117 h2'  data-responsive-json-new='{\"font-size\":\"\",\"line-height\":\"\"}' ><div id=\"ez-toc-container\" class=\"ez-toc-v2_0_80 counter-hierarchy ez-toc-counter ez-toc-grey ez-toc-container-direction\">\n<div class=\"ez-toc-title-container\">\n<p class=\"ez-toc-title\" style=\"cursor:inherit\">Table of Contents<\/p>\n<span class=\"ez-toc-title-toggle\"><a href=\"#\" class=\"ez-toc-pull-right ez-toc-btn ez-toc-btn-xs ez-toc-btn-default ez-toc-toggle\" aria-label=\"Toggle Table of Content\"><span class=\"ez-toc-js-icon-con\"><span class=\"\"><span class=\"eztoc-hide\" style=\"display:none;\">Toggle<\/span><span class=\"ez-toc-icon-toggle-span\"><svg style=\"fill: #999;color:#999\" xmlns=\"http:\/\/www.w3.org\/2000\/svg\" class=\"list-377408\" width=\"20px\" height=\"20px\" viewBox=\"0 0 24 24\" fill=\"none\"><path d=\"M6 6H4v2h2V6zm14 0H8v2h12V6zM4 11h2v2H4v-2zm16 0H8v2h12v-2zM4 16h2v2H4v-2zm16 0H8v2h12v-2z\" fill=\"currentColor\"><\/path><\/svg><svg style=\"fill: #999;color:#999\" class=\"arrow-unsorted-368013\" xmlns=\"http:\/\/www.w3.org\/2000\/svg\" width=\"10px\" height=\"10px\" viewBox=\"0 0 24 24\" version=\"1.2\" baseProfile=\"tiny\"><path d=\"M18.2 9.3l-6.2-6.3-6.2 6.3c-.2.2-.3.4-.3.7s.1.5.3.7c.2.2.4.3.7.3h11c.3 0 .5-.1.7-.3.2-.2.3-.5.3-.7s-.1-.5-.3-.7zM5.8 14.7l6.2 6.3 6.2-6.3c.2-.2.3-.5.3-.7s-.1-.5-.3-.7c-.2-.2-.4-.3-.7-.3h-11c-.3 0-.5.1-.7.3-.2.2-.3.5-.3.7s.1.5.3.7z\"\/><\/svg><\/span><\/span><\/span><\/a><\/span><\/div>\n<nav><ul class='ez-toc-list ez-toc-list-level-1 ' ><li class='ez-toc-page-1 ez-toc-heading-level-2'><a class=\"ez-toc-link ez-toc-heading-1\" href=\"https:\/\/laisladetabarca.com\/de\/aktivitaeten-auf-der-insel-tabarca\/jet-skis-in-tabarca\/#Sie_haben_keine_nautischen_Qualifikationen_Buchen_Sie_einen_Ausflug_nach_Tabarca_mit_einem_Jetski\" >Sie haben keine nautischen Qualifikationen? Buchen Sie einen Ausflug nach Tabarca mit einem Jetski.<\/a><\/li><li class='ez-toc-page-1 ez-toc-heading-level-2'><a class=\"ez-toc-link ez-toc-heading-2\" href=\"https:\/\/laisladetabarca.com\/de\/aktivitaeten-auf-der-insel-tabarca\/jet-skis-in-tabarca\/#Haben_Sie_eine_nautische_Qualifikation_um_einen_Jetski_in_Tabarca_zu_fahren\" >Haben Sie eine nautische Qualifikation, um einen Jetski in Tabarca zu fahren?<\/a><\/li><li class='ez-toc-page-1 ez-toc-heading-level-2'><a class=\"ez-toc-link ez-toc-heading-3\" href=\"https:\/\/laisladetabarca.com\/de\/aktivitaeten-auf-der-insel-tabarca\/jet-skis-in-tabarca\/#Kann_man_mit_dem_Jetski_nach_Tabarca_fahren\" >Kann man mit dem Jetski nach Tabarca fahren?<\/a><\/li><li class='ez-toc-page-1 ez-toc-heading-level-2'><a class=\"ez-toc-link ez-toc-heading-4\" href=\"https:\/\/laisladetabarca.com\/de\/aktivitaeten-auf-der-insel-tabarca\/jet-skis-in-tabarca\/#Mit_dem_Boot_ohne_Fuehrerschein_nach_Tabarca_fahren\" >Mit dem Boot ohne F\u00fchrerschein nach Tabarca fahren<\/a><\/li><\/ul><\/nav><\/div>\n<h2 style=\"font-weight:normal;\"><span class=\"ez-toc-section\" id=\"Sie_haben_keine_nautischen_Qualifikationen_Buchen_Sie_einen_Ausflug_nach_Tabarca_mit_einem_Jetski\"><\/span>Sie haben keine nautischen Qualifikationen? Buchen Sie einen Ausflug nach Tabarca mit einem Jetski. <span class=\"ez-toc-section-end\"><\/span><\/h2><\/div><div class=\"uvc-sub-heading ult-responsive\"  data-ultimate-target='.uvc-heading.ultimate-heading-914869de325132117 .uvc-sub-heading '  data-responsive-json-new='{\"font-size\":\"\",\"line-height\":\"\"}'  style=\"font-weight:normal;\"><span style=\"font-weight: 400;\">Wenn Sie Anf\u00e4nger in der Welt der Jetskis sind und nicht \u00fcber die notwendigen nautischen Qualifikationen verf\u00fcgen, um einen Jetski in Tabarca zu mieten, k\u00f6nnen Sie einen Jetski nehmen, aber mit einem Ausflug nach Tabarca auf einem Jetski. Das hei\u00dft, der Lehrer wird mit einem Jetski vorausfahren und die Strecke markieren, und Sie werden mit einem anderen Jetski hinterherfahren, den Sie fahren k\u00f6nnen, wenn Sie \u00fcber 16 Jahre alt sind (mit Genehmigung) oder 18 Jahre alt. <\/span><\/div><\/div>[vc_empty_space][vc_single_image image=&#8220;1733&#8243; img_size=&#8220;full&#8220; alignment=&#8220;center&#8220; onclick=&#8220;custom_link&#8220; img_link_target=&#8220;_blank&#8220; image_hovers=&#8220;false&#8220; link=&#8220;https:\/\/marinalia.es\/deporte-y-aventura\/excursiones-en-el-mar\/excursiones-moto-agua\/745-excursion-en-moto-de-agua-a-tabarca-y-la-manga-del-mar-menor.html?utm_source=google&amp;utm_medium=Trafico&amp;utm_campaign=IT_url_moto_agua&amp;utm_id=IT_url_moto_agua&#8220;][vc_single_image image=&#8220;1461&#8243; img_size=&#8220;800&#215;300&#8243; alignment=&#8220;center&#8220; onclick=&#8220;custom_link&#8220; image_hovers=&#8220;false&#8220; link=&#8220;https:\/\/marinalia.es\/deporte-y-aventura\/excursiones-en-el-mar\/excursiones-moto-agua\/1117-2670-ruta-motos-agua-tabarca-desde-santa-pola.html#\/duracion-1_hora_y_30_minutos&#8220;][vc_single_image image=&#8220;1505&#8243; img_size=&#8220;800&#215;300&#8243; alignment=&#8220;center&#8220; onclick=&#8220;custom_link&#8220; image_hovers=&#8220;false&#8220; link=&#8220;https:\/\/marinalia.es\/deporte-y-aventura\/excursiones-en-el-mar\/excursiones-moto-agua\/745-excursion-en-moto-de-agua-a-tabarca-y-la-manga-del-mar-menor.html&#8220;][vc_single_image image=&#8220;1509&#8243; img_size=&#8220;800&#215;300&#8243; alignment=&#8220;center&#8220; onclick=&#8220;custom_link&#8220; image_hovers=&#8220;false&#8220; link=&#8220;https:\/\/marinalia.es\/deporte-y-aventura\/excursiones-en-el-mar\/excursiones-moto-agua\/1117-2671-ruta-motos-agua-tabarca-desde-santa-pola.html#\/755-duracion-2_horas&#8220;]<div id=\"ultimate-heading-73369de32513217a\" class=\"uvc-heading ult-adjust-bottom-margin ultimate-heading-73369de32513217a uvc-377 \" data-hspacer=\"no_spacer\"  data-halign=\"left\" style=\"text-align:left\"><div class=\"uvc-heading-spacer no_spacer\" style=\"top\"><\/div><div class=\"uvc-main-heading ult-responsive\"  data-ultimate-target='.uvc-heading.ultimate-heading-73369de32513217a h2'  data-responsive-json-new='{\"font-size\":\"\",\"line-height\":\"\"}' ><h2 style=\"font-weight:normal;\"><span class=\"ez-toc-section\" id=\"Haben_Sie_eine_nautische_Qualifikation_um_einen_Jetski_in_Tabarca_zu_fahren\"><\/span>Haben Sie eine nautische Qualifikation, um einen Jetski in Tabarca zu fahren?<span class=\"ez-toc-section-end\"><\/span><\/h2><\/div><div class=\"uvc-sub-heading ult-responsive\"  data-ultimate-target='.uvc-heading.ultimate-heading-73369de32513217a .uvc-sub-heading '  data-responsive-json-new='{\"font-size\":\"\",\"line-height\":\"\"}'  style=\"font-weight:normal;\"><\/p>\n<p style=\"text-align: justify;\"><span style=\"font-weight: 400;\">Wenn Sie den Bootsf\u00fchrerschein f\u00fcr Jetski besitzen, k\u00f6nnen Sie Tabarca ohne Probleme erreichen. Wenn Sie einen F\u00fchrerschein haben, aber keinen Jetski in der Gegend von Tabarca, Alicante oder Santa Pola besitzen, kontaktieren Sie uns bitte und wir werden Ihnen die Kontaktdaten einiger Jetski-Verleiher in Tabarca mitteilen. <\/span><\/p>\n<p><\/div><\/div>[vc_video link=&#8220;https:\/\/www.youtube.com\/watch?v=Leg95s7tHPE&#8220; align=&#8220;center&#8220;][\/vc_column][\/vc_row][vc_row][vc_column]<div id=\"ultimate-heading-766369de3251321c5\" class=\"uvc-heading ult-adjust-bottom-margin ultimate-heading-766369de3251321c5 uvc-7763 \" data-hspacer=\"no_spacer\"  data-halign=\"left\" style=\"text-align:left\"><div class=\"uvc-heading-spacer no_spacer\" style=\"top\"><\/div><div class=\"uvc-main-heading ult-responsive\"  data-ultimate-target='.uvc-heading.ultimate-heading-766369de3251321c5 h2'  data-responsive-json-new='{\"font-size\":\"\",\"line-height\":\"\"}' ><h2 style=\"font-weight:normal;\"><span class=\"ez-toc-section\" id=\"Kann_man_mit_dem_Jetski_nach_Tabarca_fahren\"><\/span>Kann man mit dem Jetski nach Tabarca fahren?<span class=\"ez-toc-section-end\"><\/span><\/h2><\/div><div class=\"uvc-sub-heading ult-responsive\"  data-ultimate-target='.uvc-heading.ultimate-heading-766369de3251321c5 .uvc-sub-heading '  data-responsive-json-new='{\"font-size\":\"\",\"line-height\":\"\"}'  style=\"font-weight:normal;\"><\/p>\n<p style=\"text-align: justify;\"><span style=\"font-weight: 400;\">Ja, Sie k\u00f6nnen ohne Probleme mit einem Jetski nach Tabarca fahren. Wenn Sie \u00fcber eine nautische Qualifikation verf\u00fcgen, k\u00f6nnen Sie selbst fahren, w\u00e4hrend Sie, wenn Sie nicht \u00fcber diese Qualifikation verf\u00fcgen, mit dem Jetski nach Tabarca fahren k\u00f6nnen. Au\u00dferdem k\u00f6nnen Sie von verschiedenen Punkten der Mittelmeerk\u00fcste aus starten, wie Santa Pola, Alicante oder Torrevieja.   <\/span><\/p>\n<p><\/div><\/div>[vc_empty_space height=&#8220;50px&#8220;]<div id=\"ultimate-heading-390169de325132234\" class=\"uvc-heading ult-adjust-bottom-margin ultimate-heading-390169de325132234 uvc-615 \" data-hspacer=\"no_spacer\"  data-halign=\"left\" style=\"text-align:left\"><div class=\"uvc-heading-spacer no_spacer\" style=\"top\"><\/div><div class=\"uvc-main-heading ult-responsive\"  data-ultimate-target='.uvc-heading.ultimate-heading-390169de325132234 h2'  data-responsive-json-new='{\"font-size\":\"\",\"line-height\":\"\"}' ><h2 style=\"font-weight:normal;\"><span class=\"ez-toc-section\" id=\"Mit_dem_Boot_ohne_Fuehrerschein_nach_Tabarca_fahren\"><\/span>Mit dem Boot ohne F\u00fchrerschein nach Tabarca fahren<span class=\"ez-toc-section-end\"><\/span><\/h2><\/div><div class=\"uvc-sub-heading ult-responsive\"  data-ultimate-target='.uvc-heading.ultimate-heading-390169de325132234 .uvc-sub-heading '  data-responsive-json-new='{\"font-size\":\"\",\"line-height\":\"\"}'  style=\"font-weight:normal;\"><\/p>\n<p style=\"text-align: justify;\"><span style=\"font-weight: 400;\">Wir empfehlen auch eine andere der aufregendsten Arten, nach Tabarca zu fahren, n\u00e4mlich ein Boot ohne F\u00fchrerschein zu mieten (keine Qualifikation erforderlich) und zur Insel Tabarca zu fahren.<\/span><\/p>\n<p><\/div><\/div>[vc_single_image image=&#8220;1513&#8243; img_size=&#8220;800&#215;300&#8243; alignment=&#8220;center&#8220; onclick=&#8220;custom_link&#8220; image_hovers=&#8220;false&#8220; link=&#8220;https:\/\/www.yumping.com\/ofertas\/alquiler-de-barcos\/alicante\/alquiler-de-barco-compass-sin-carnet-2h-santa-pola&#8211;o64683#64688?id_partner=157c21faa68927a9c1418be25f1c0d81&amp;placement=content-end&amp;cmp=IT_url_motos de agua&#8220;][\/vc_column][\/vc_row][vc_row][vc_column][vc_empty_space height=&#8220;50px&#8220;][\/vc_column][\/vc_row]<\/p>\n<\/div>","protected":false},"excerpt":{"rendered":"<p>[vc_row][vc_column][vc_empty_space height=&#8220;50px&#8220;][\/vc_column][\/vc_row][vc_row][vc_column][vc_empty_space][vc_single_image image=&#8220;1733&#8243; img_size=&#8220;full&#8220; alignment=&#8220;center&#8220; onclick=&#8220;custom_link&#8220; img_link_target=&#8220;_blank&#8220; image_hovers=&#8220;false&#8220; link=&#8220;https:\/\/marinalia.es\/deporte-y-aventura\/excursiones-en-el-mar\/excursiones-moto-agua\/745-excursion-en-moto-de-agua-a-tabarca-y-la-manga-del-mar-menor.html?utm_source=google&amp;utm_medium=Trafico&amp;utm_campaign=IT_url_moto_agua&amp;utm_id=IT_url_moto_agua&#8220;][vc_single_image image=&#8220;1461&#8243; img_size=&#8220;800&#215;300&#8243; alignment=&#8220;center&#8220; onclick=&#8220;custom_link&#8220; image_hovers=&#8220;false&#8220; link=&#8220;https:\/\/marinalia.es\/deporte-y-aventura\/excursiones-en-el-mar\/excursiones-moto-agua\/1117-2670-ruta-motos-agua-tabarca-desde-santa-pola.html#\/duracion-1_hora_y_30_minutos&#8220;][vc_single_image image=&#8220;1505&#8243; img_size=&#8220;800&#215;300&#8243; alignment=&#8220;center&#8220; onclick=&#8220;custom_link&#8220; image_hovers=&#8220;false&#8220; link=&#8220;https:\/\/marinalia.es\/deporte-y-aventura\/excursiones-en-el-mar\/excursiones-moto-agua\/745-excursion-en-moto-de-agua-a-tabarca-y-la-manga-del-mar-menor.html&#8220;][vc_single_image image=&#8220;1509&#8243; img_size=&#8220;800&#215;300&#8243; alignment=&#8220;center&#8220; onclick=&#8220;custom_link&#8220; image_hovers=&#8220;false&#8220; link=&#8220;https:\/\/marinalia.es\/deporte-y-aventura\/excursiones-en-el-mar\/excursiones-moto-agua\/1117-2671-ruta-motos-agua-tabarca-desde-santa-pola.html#\/755-duracion-2_horas&#8220;][vc_video link=&#8220;https:\/\/www.youtube.com\/watch?v=Leg95s7tHPE&#8220; align=&#8220;center&#8220;][\/vc_column][\/vc_row][vc_row][vc_column][vc_empty_space height=&#8220;50px&#8220;][vc_single_image image=&#8220;1513&#8243; img_size=&#8220;800&#215;300&#8243; alignment=&#8220;center&#8220; onclick=&#8220;custom_link&#8220; image_hovers=&#8220;false&#8220; link=&#8220;https:\/\/www.yumping.com\/ofertas\/alquiler-de-barcos\/alicante\/alquiler-de-barco-compass-sin-carnet-2h-santa-pola&#8211;o64683#64688?id_partner=157c21faa68927a9c1418be25f1c0d81&amp;placement=content-end&amp;cmp=IT_url_motos de agua&#8220;][\/vc_column][\/vc_row][vc_row][vc_column][vc_empty_space height=&#8220;50px&#8220;][\/vc_column][\/vc_row]<\/p>\n","protected":false},"author":1,"featured_media":0,"parent":2036,"menu_order":0,"comment_status":"closed","ping_status":"closed","template":"","meta":{"_joinchat":[],"footnotes":""},"class_list":["post-2043","page","type-page","status-publish","hentry","description-off"],"_links":{"self":[{"href":"https:\/\/laisladetabarca.com\/de\/wp-json\/wp\/v2\/pages\/2043","targetHints":{"allow":["GET"]}}],"collection":[{"href":"https:\/\/laisladetabarca.com\/de\/wp-json\/wp\/v2\/pages"}],"about":[{"href":"https:\/\/laisladetabarca.com\/de\/wp-json\/wp\/v2\/types\/page"}],"author":[{"embeddable":true,"href":"https:\/\/laisladetabarca.com\/de\/wp-json\/wp\/v2\/users\/1"}],"replies":[{"embeddable":true,"href":"https:\/\/laisladetabarca.com\/de\/wp-json\/wp\/v2\/comments?post=2043"}],"version-history":[{"count":0,"href":"https:\/\/laisladetabarca.com\/de\/wp-json\/wp\/v2\/pages\/2043\/revisions"}],"up":[{"embeddable":true,"href":"https:\/\/laisladetabarca.com\/de\/wp-json\/wp\/v2\/pages\/2036"}],"wp:attachment":[{"href":"https:\/\/laisladetabarca.com\/de\/wp-json\/wp\/v2\/media?parent=2043"}],"curies":[{"name":"wp","href":"https:\/\/api.w.org\/{rel}","templated":true}]}}