{"id":2039,"date":"2022-07-28T12:06:55","date_gmt":"2022-07-28T11:06:55","guid":{"rendered":"https:\/\/laisladetabarca.com\/aktivitaeten-auf-der-insel-tabarca\/tauchen\/"},"modified":"2025-08-30T13:27:58","modified_gmt":"2025-08-30T13:27:58","slug":"tauchen","status":"publish","type":"page","link":"https:\/\/laisladetabarca.com\/de\/aktivitaeten-auf-der-insel-tabarca\/tauchen\/","title":{"rendered":"Tauchen"},"content":{"rendered":"<div class=\"wpb-content-wrapper\"><p>[vc_row][vc_column]<div id=\"ultimate-heading-299969de32a6196e7\" class=\"uvc-heading ult-adjust-bottom-margin ultimate-heading-299969de32a6196e7 uvc-8682 \" data-hspacer=\"no_spacer\"  data-halign=\"left\" style=\"text-align:left\"><div class=\"uvc-heading-spacer no_spacer\" style=\"top\"><\/div><div class=\"uvc-sub-heading ult-responsive\"  data-ultimate-target='.uvc-heading.ultimate-heading-299969de32a6196e7 .uvc-sub-heading '  data-responsive-json-new='{\"font-size\":\"\",\"line-height\":\"\"}'  style=\"font-weight:normal;\"><\/p>\n<p style=\"text-align: justify;\"><span style=\"font-weight: 400;\">Die Insel Tabarca ist seit 1986 ein Meeresschutzgebiet und war das erste Gebiet, das zum Meeresschutzgebiet erkl\u00e4rt wurde. Dies macht die Gegend um die Insel zweifellos zu einem der besten Tauchpl\u00e4tze im Mittelmeer. Die Tatsache, dass es sich um ein Meeresschutzgebiet handelt, bedeutet, dass Tabarca ein Tempel f\u00fcr die erfahrensten Taucher ist.  <\/span><\/p>\n<p style=\"text-align: justify;\"><span style=\"font-weight: 400;\">Die kontrollierte Fischerei und die gute Pflege des Meeresschutzgebietes machen dieses Gebiet zu einem Ort, an dem man eine unendliche Anzahl von Meeresarten finden kann. Charakteristisch f\u00fcr das Gebiet ist au\u00dferdem der Bestand an Posidonia oceanica. Posidonia ist eine Meerespflanze, die wahre W\u00e4lder bildet, die unseren Planeten mit Sauerstoff versorgen und das Gebiet des Meeresschutzgebiets Tabarca in ein Aquarium mit kristallklarem Wasser verwandeln.  <\/span><\/p>\n<p><\/div><\/div>[vc_empty_space height=&#8220;50px&#8220;][vc_single_image image=&#8220;1890&#8243; img_size=&#8220;full&#8220; onclick=&#8220;custom_link&#8220; img_link_target=&#8220;_blank&#8220; link=&#8220;https:\/\/marinalia.es\/124-buceo-y-snorkel?comunidad-valenciana=actividades-tabarca&#8220;][\/vc_column][\/vc_row][vc_row][vc_column]<div id=\"ultimate-heading-228169de32a61975e\" class=\"uvc-heading ult-adjust-bottom-margin ultimate-heading-228169de32a61975e uvc-191 \" data-hspacer=\"no_spacer\"  data-halign=\"left\" style=\"text-align:left\"><div class=\"uvc-heading-spacer no_spacer\" style=\"top\"><\/div><div class=\"uvc-main-heading ult-responsive\"  data-ultimate-target='.uvc-heading.ultimate-heading-228169de32a61975e h2'  data-responsive-json-new='{\"font-size\":\"\",\"line-height\":\"\"}' ><div id=\"ez-toc-container\" class=\"ez-toc-v2_0_80 counter-hierarchy ez-toc-counter ez-toc-grey ez-toc-container-direction\">\n<div class=\"ez-toc-title-container\">\n<p class=\"ez-toc-title\" style=\"cursor:inherit\">Table of Contents<\/p>\n<span class=\"ez-toc-title-toggle\"><a href=\"#\" class=\"ez-toc-pull-right ez-toc-btn ez-toc-btn-xs ez-toc-btn-default ez-toc-toggle\" aria-label=\"Toggle Table of Content\"><span class=\"ez-toc-js-icon-con\"><span class=\"\"><span class=\"eztoc-hide\" style=\"display:none;\">Toggle<\/span><span class=\"ez-toc-icon-toggle-span\"><svg style=\"fill: #999;color:#999\" xmlns=\"http:\/\/www.w3.org\/2000\/svg\" class=\"list-377408\" width=\"20px\" height=\"20px\" viewBox=\"0 0 24 24\" fill=\"none\"><path d=\"M6 6H4v2h2V6zm14 0H8v2h12V6zM4 11h2v2H4v-2zm16 0H8v2h12v-2zM4 16h2v2H4v-2zm16 0H8v2h12v-2z\" fill=\"currentColor\"><\/path><\/svg><svg style=\"fill: #999;color:#999\" class=\"arrow-unsorted-368013\" xmlns=\"http:\/\/www.w3.org\/2000\/svg\" width=\"10px\" height=\"10px\" viewBox=\"0 0 24 24\" version=\"1.2\" baseProfile=\"tiny\"><path d=\"M18.2 9.3l-6.2-6.3-6.2 6.3c-.2.2-.3.4-.3.7s.1.5.3.7c.2.2.4.3.7.3h11c.3 0 .5-.1.7-.3.2-.2.3-.5.3-.7s-.1-.5-.3-.7zM5.8 14.7l6.2 6.3 6.2-6.3c.2-.2.3-.5.3-.7s-.1-.5-.3-.7c-.2-.2-.4-.3-.7-.3h-11c-.3 0-.5.1-.7.3-.2.2-.3.5-.3.7s.1.5.3.7z\"\/><\/svg><\/span><\/span><\/span><\/a><\/span><\/div>\n<nav><ul class='ez-toc-list ez-toc-list-level-1 ' ><li class='ez-toc-page-1 ez-toc-heading-level-2'><a class=\"ez-toc-link ez-toc-heading-1\" href=\"https:\/\/laisladetabarca.com\/de\/aktivitaeten-auf-der-insel-tabarca\/tauchen\/#Sind_Sie_zum_Tauchen_in_Tabarca_qualifiziert\" >Sind Sie zum Tauchen in Tabarca qualifiziert?<\/a><\/li><li class='ez-toc-page-1 ez-toc-heading-level-2'><a class=\"ez-toc-link ez-toc-heading-2\" href=\"https:\/\/laisladetabarca.com\/de\/aktivitaeten-auf-der-insel-tabarca\/tauchen\/#Was_ist_eine_Tauchtaufe_in_Tabarca\" >Was ist eine Tauchtaufe in Tabarca?<\/a><\/li><li class='ez-toc-page-1 ez-toc-heading-level-2'><a class=\"ez-toc-link ez-toc-heading-3\" href=\"https:\/\/laisladetabarca.com\/de\/aktivitaeten-auf-der-insel-tabarca\/tauchen\/#Tauchplaetze_in_Tabarca\" >Tauchpl\u00e4tze in Tabarca<\/a><ul class='ez-toc-list-level-3' ><li class='ez-toc-heading-level-3'><a class=\"ez-toc-link ez-toc-heading-4\" href=\"https:\/\/laisladetabarca.com\/de\/aktivitaeten-auf-der-insel-tabarca\/tauchen\/#Ist_es_moeglich_das_ganze_Jahr_ueber_zu_tauchen\" >Ist es m\u00f6glich, das ganze Jahr \u00fcber zu tauchen?<\/a><\/li><li class='ez-toc-page-1 ez-toc-heading-level-3'><a class=\"ez-toc-link ez-toc-heading-5\" href=\"https:\/\/laisladetabarca.com\/de\/aktivitaeten-auf-der-insel-tabarca\/tauchen\/#Video_ueber_Tauchen_in_Tabarca\" >Video \u00fcber Tauchen in Tabarca<\/a><\/li><\/ul><\/li><\/ul><\/nav><\/div>\n<h2 style=\"font-weight:normal;\"><span class=\"ez-toc-section\" id=\"Sind_Sie_zum_Tauchen_in_Tabarca_qualifiziert\"><\/span>Sind Sie zum Tauchen in Tabarca qualifiziert?<span class=\"ez-toc-section-end\"><\/span><\/h2><\/div><div class=\"uvc-sub-heading ult-responsive\"  data-ultimate-target='.uvc-heading.ultimate-heading-228169de32a61975e .uvc-sub-heading '  data-responsive-json-new='{\"font-size\":\"\",\"line-height\":\"\"}'  style=\"font-weight:normal;\"><\/p>\n<p style=\"text-align: justify;\"><span style=\"font-weight: 400;\">Wenn Sie qualifiziert sind, gibt es mehrere zugelassene Tauchzentren, um die Tauchpl\u00e4tze in Tabarca zu betauchen. Sie k\u00f6nnen mehrere von Santa Pola und sogar von Alicante aus finden. Denken Sie daran, einen Vertrag mit einem autorisierten Zentrum abzuschlie\u00dfen. <\/span><\/p>\n<p style=\"text-align: justify;\"><span style=\"font-weight: 400;\">Wenn Sie jedoch keinen Tauchschein besitzen, empfehlen wir Ihnen, eine von einem Tauchlehrer gef\u00fchrte Tauchtaufe zu machen, da dies zweifellos eine der besten Aktivit\u00e4ten ist, die Sie in Tabarca unternehmen k\u00f6nnen. <\/span><\/p>\n<p><\/div><\/div>[vc_single_image image=&#8220;1133&#8243; img_size=&#8220;full&#8220;]<div id=\"ultimate-heading-366169de32a6197dd\" class=\"uvc-heading ult-adjust-bottom-margin ultimate-heading-366169de32a6197dd uvc-7778 \" data-hspacer=\"no_spacer\"  data-halign=\"left\" style=\"text-align:left\"><div class=\"uvc-heading-spacer no_spacer\" style=\"top\"><\/div><div class=\"uvc-main-heading ult-responsive\"  data-ultimate-target='.uvc-heading.ultimate-heading-366169de32a6197dd h2'  data-responsive-json-new='{\"font-size\":\"\",\"line-height\":\"\"}' ><h2 style=\"font-weight:normal;\"><span class=\"ez-toc-section\" id=\"Was_ist_eine_Tauchtaufe_in_Tabarca\"><\/span>Was ist eine Tauchtaufe in Tabarca?<span class=\"ez-toc-section-end\"><\/span><\/h2><\/div><div class=\"uvc-sub-heading ult-responsive\"  data-ultimate-target='.uvc-heading.ultimate-heading-366169de32a6197dd .uvc-sub-heading '  data-responsive-json-new='{\"font-size\":\"\",\"line-height\":\"\"}'  style=\"font-weight:normal;\"><span style=\"font-weight: 400;\">Schnuppertauchen ist die Art von Tauchen, die man auch ohne Tauchschein machen kann. Wenn Sie also die spektakul\u00e4re Erfahrung des Tauchens erleben m\u00f6chten, ist Tabarca zweifellos der beste Ort daf\u00fcr. <\/span><\/div><\/div>[vc_single_image image=&#8220;1890&#8243; img_size=&#8220;full&#8220; onclick=&#8220;custom_link&#8220; img_link_target=&#8220;_blank&#8220; link=&#8220;https:\/\/marinalia.es\/124-buceo-y-snorkel?comunidad-valenciana=actividades-tabarca&#8220;][vc_empty_space height=&#8220;50px&#8220;]<div id=\"ultimate-heading-706569de32a619833\" class=\"uvc-heading ult-adjust-bottom-margin ultimate-heading-706569de32a619833 uvc-1012 \" data-hspacer=\"no_spacer\"  data-halign=\"left\" style=\"text-align:left\"><div class=\"uvc-heading-spacer no_spacer\" style=\"top\"><\/div><div class=\"uvc-main-heading ult-responsive\"  data-ultimate-target='.uvc-heading.ultimate-heading-706569de32a619833 h2'  data-responsive-json-new='{\"font-size\":\"\",\"line-height\":\"\"}' ><h2 style=\"font-weight:normal;\"><span class=\"ez-toc-section\" id=\"Tauchplaetze_in_Tabarca\"><\/span>Tauchpl\u00e4tze in Tabarca<span class=\"ez-toc-section-end\"><\/span><\/h2><\/div><div class=\"uvc-sub-heading ult-responsive\"  data-ultimate-target='.uvc-heading.ultimate-heading-706569de32a619833 .uvc-sub-heading '  data-responsive-json-new='{\"font-size\":\"\",\"line-height\":\"\"}'  style=\"font-weight:normal;\"><\/p>\n<p style=\"text-align: justify;\"><span style=\"font-weight: 400;\">Auf der Insel Tabarca gibt es verschiedene Tauchgebiete, je nachdem, ob man in Binnengew\u00e4ssern oder in Au\u00dfengew\u00e4ssern taucht.<\/span><\/p>\n<p>&nbsp;<\/p>\n<ul>\n<li style=\"text-align: justify;\"><b>Binnengew\u00e4sser in Tabarca<\/b><\/li>\n<\/ul>\n<p style=\"text-align: justify;\"><span style=\"font-weight: 400;\">Das Meeresschutzgebiet in den Binnengew\u00e4ssern ist das Gebiet, das der Insel Tabarca am n\u00e4chsten liegt. In diesen Gew\u00e4ssern gibt es mehrere Bereiche zum Tauchen, wie zum Beispiel: Escull Negre, k\u00fcnstliche Riffe, La Galera, Escull Roig und Aguas Libres. <\/span><\/p>\n<p style=\"text-align: justify;\"><span style=\"font-weight: 400;\">Dieses Gebiet besteht aus 5 Tauchzonen: Escull Roig (-8m.), Islote de la Galera(-6m.), Escull Negre(-10m.), Arrecife Artificial(-20m.) oder Free Water Zone.<\/span><\/p>\n<p style=\"text-align: justify;\"><span style=\"font-weight: 400;\">F\u00fcr dieses Gebiet ist eine Genehmigung der Conseller\u00eda de Pesca de Alicante erforderlich, die mit den erforderlichen Unterlagen <\/span><span style=\"font-weight: 400;\">(Tauchschein, Personalausweis, \u00e4rztliches Attest bei gesundheitlichen Problemen und Tauchversicherung, mindestens 7 Tage im Voraus) <\/span><span style=\"font-weight: 400;\">beantragt<\/span> werden muss.<\/p>\n<p>&nbsp;<\/p>\n<div class=\"uvc-main-heading ult-responsive\" data-ultimate-target=\".uvc-heading.ultimate-heading-839962e26ca15d8a6 h3\" data-responsive-json-new=\"{\"font-size\":\"\",\"line-height\":\"\"}\">\n<ul>\n<li><strong>Gew\u00e4sser im Freien in Tabarca<\/strong><\/li>\n<\/ul>\n<\/div>\n<div class=\"uvc-sub-heading ult-responsive\" data-ultimate-target=\".uvc-heading.ultimate-heading-839962e26ca15d8a6 .uvc-sub-heading  \" data-responsive-json-new=\"{\"font-size\":\"\",\"line-height\":\"\"}\">Das Meeresschutzgebiet in den \u00e4u\u00dferen Gew\u00e4ssern im Bereich des Inselchens La Nao und Bajo de la Nao oder de la Llosa.<\/div>\n<p><\/div><\/div>[\/vc_column][\/vc_row][vc_row][vc_column][vc_single_image image=&#8220;1125&#8243; img_size=&#8220;full&#8220; alignment=&#8220;center&#8220;][vc_empty_space height=&#8220;50px&#8220;][\/vc_column][\/vc_row][vc_row][vc_column]<div id=\"ultimate-heading-882269de32a619884\" class=\"uvc-heading ult-adjust-bottom-margin ultimate-heading-882269de32a619884 uvc-4246 \" data-hspacer=\"no_spacer\"  data-halign=\"left\" style=\"text-align:left\"><div class=\"uvc-heading-spacer no_spacer\" style=\"top\"><\/div><div class=\"uvc-main-heading ult-responsive\"  data-ultimate-target='.uvc-heading.ultimate-heading-882269de32a619884 h3'  data-responsive-json-new='{\"font-size\":\"\",\"line-height\":\"\"}' ><h3 style=\"font-weight:normal;\"><span class=\"ez-toc-section\" id=\"Ist_es_moeglich_das_ganze_Jahr_ueber_zu_tauchen\"><\/span>Ist es m\u00f6glich, das ganze Jahr \u00fcber zu tauchen?<span class=\"ez-toc-section-end\"><\/span><\/h3><\/div><div class=\"uvc-sub-heading ult-responsive\"  data-ultimate-target='.uvc-heading.ultimate-heading-882269de32a619884 .uvc-sub-heading '  data-responsive-json-new='{\"font-size\":\"\",\"line-height\":\"\"}'  style=\"font-weight:normal;\"><\/p>\n<p style=\"text-align: justify;\"><span style=\"font-weight: 400;\">Ja, die Tauchg\u00e4nge in Tabarca k\u00f6nnen das ganze Jahr \u00fcber durchgef\u00fchrt werden, allerdings muss man bedenken, dass von Oktober bis M\u00e4rz nur freitags, samstags und sonntags getaucht werden kann, w\u00e4hrend der Rest des Jahres dienstags, freitags, samstags, sonntags und an Feiertagen (in den Binnengew\u00e4ssern) und t\u00e4glich in den Au\u00dfengew\u00e4ssern.<\/span><\/p>\n<p><\/div><\/div>[vc_empty_space height=&#8220;50px&#8220;][\/vc_column][\/vc_row][vc_row][vc_column][vc_single_image image=&#8220;1890&#8243; img_size=&#8220;full&#8220; onclick=&#8220;custom_link&#8220; img_link_target=&#8220;_blank&#8220; link=&#8220;https:\/\/marinalia.es\/124-buceo-y-snorkel?comunidad-valenciana=actividades-tabarca&#8220;]<div id=\"ultimate-heading-580269de32a6198d2\" class=\"uvc-heading ult-adjust-bottom-margin ultimate-heading-580269de32a6198d2 uvc-807 \" data-hspacer=\"no_spacer\"  data-halign=\"left\" style=\"text-align:left\"><div class=\"uvc-heading-spacer no_spacer\" style=\"top\"><\/div><div class=\"uvc-main-heading ult-responsive\"  data-ultimate-target='.uvc-heading.ultimate-heading-580269de32a6198d2 h3'  data-responsive-json-new='{\"font-size\":\"\",\"line-height\":\"\"}' ><h3 style=\"font-weight:normal;\"><span class=\"ez-toc-section\" id=\"Video_ueber_Tauchen_in_Tabarca\"><\/span>Video \u00fcber Tauchen in Tabarca<span class=\"ez-toc-section-end\"><\/span><\/h3><\/div><\/div>[vc_video link=&#8220;https:\/\/www.youtube.com\/watch?v=cx0Ox6P6SJQ&#8220; align=&#8220;center&#8220;][vc_empty_space height=&#8220;50px&#8220;][\/vc_column][\/vc_row]<\/p>\n<\/div>","protected":false},"excerpt":{"rendered":"<p>[vc_row][vc_column][vc_empty_space height=&#8220;50px&#8220;][vc_single_image image=&#8220;1890&#8243; img_size=&#8220;full&#8220; onclick=&#8220;custom_link&#8220; img_link_target=&#8220;_blank&#8220; link=&#8220;https:\/\/marinalia.es\/124-buceo-y-snorkel?comunidad-valenciana=actividades-tabarca&#8220;][\/vc_column][\/vc_row][vc_row][vc_column][vc_single_image image=&#8220;1133&#8243; img_size=&#8220;full&#8220;][vc_single_image image=&#8220;1890&#8243; img_size=&#8220;full&#8220; onclick=&#8220;custom_link&#8220; img_link_target=&#8220;_blank&#8220; link=&#8220;https:\/\/marinalia.es\/124-buceo-y-snorkel?comunidad-valenciana=actividades-tabarca&#8220;][vc_empty_space height=&#8220;50px&#8220;][\/vc_column][\/vc_row][vc_row][vc_column][vc_single_image image=&#8220;1125&#8243; img_size=&#8220;full&#8220; alignment=&#8220;center&#8220;][vc_empty_space height=&#8220;50px&#8220;][\/vc_column][\/vc_row][vc_row][vc_column][vc_empty_space height=&#8220;50px&#8220;][\/vc_column][\/vc_row][vc_row][vc_column][vc_single_image image=&#8220;1890&#8243; img_size=&#8220;full&#8220; onclick=&#8220;custom_link&#8220; img_link_target=&#8220;_blank&#8220; link=&#8220;https:\/\/marinalia.es\/124-buceo-y-snorkel?comunidad-valenciana=actividades-tabarca&#8220;][vc_video link=&#8220;https:\/\/www.youtube.com\/watch?v=cx0Ox6P6SJQ&#8220; align=&#8220;center&#8220;][vc_empty_space height=&#8220;50px&#8220;][\/vc_column][\/vc_row]<\/p>\n","protected":false},"author":1,"featured_media":0,"parent":2036,"menu_order":0,"comment_status":"closed","ping_status":"closed","template":"","meta":{"_joinchat":[],"footnotes":""},"class_list":["post-2039","page","type-page","status-publish","hentry","description-off"],"_links":{"self":[{"href":"https:\/\/laisladetabarca.com\/de\/wp-json\/wp\/v2\/pages\/2039","targetHints":{"allow":["GET"]}}],"collection":[{"href":"https:\/\/laisladetabarca.com\/de\/wp-json\/wp\/v2\/pages"}],"about":[{"href":"https:\/\/laisladetabarca.com\/de\/wp-json\/wp\/v2\/types\/page"}],"author":[{"embeddable":true,"href":"https:\/\/laisladetabarca.com\/de\/wp-json\/wp\/v2\/users\/1"}],"replies":[{"embeddable":true,"href":"https:\/\/laisladetabarca.com\/de\/wp-json\/wp\/v2\/comments?post=2039"}],"version-history":[{"count":0,"href":"https:\/\/laisladetabarca.com\/de\/wp-json\/wp\/v2\/pages\/2039\/revisions"}],"up":[{"embeddable":true,"href":"https:\/\/laisladetabarca.com\/de\/wp-json\/wp\/v2\/pages\/2036"}],"wp:attachment":[{"href":"https:\/\/laisladetabarca.com\/de\/wp-json\/wp\/v2\/media?parent=2039"}],"curies":[{"name":"wp","href":"https:\/\/api.w.org\/{rel}","templated":true}]}}